{"id":607,"date":"2019-08-29T10:03:21","date_gmt":"2019-08-29T10:03:21","guid":{"rendered":"https:\/\/swedishnannycompany.co.uk\/?page_id=607"},"modified":"2022-03-18T09:06:17","modified_gmt":"2022-03-18T09:06:17","slug":"introduktion-till-nannyn","status":"publish","type":"page","link":"https:\/\/swedishnannycompany.se\/sv\/nanny\/introduktion-till-nannyn\/","title":{"rendered":"Introduktion till nanny-pedagogen"},"content":{"rendered":"\n<p>Tr\u00f6tt p\u00e5 stora barngrupper och stressig f\u00f6rskole\/skolmilj\u00f6? Nu kan du, som har valt att arbeta med barn som yrke, jobba\u00a0som nanny-pedagog\u00a0i ett privat hush\u00e5ll med ett f\u00e4rre antal barn, antingen i Sverige eller utomlands &#8211; och\u00a0med fantastiska\u00a0f\u00f6ruts\u00e4ttningar och goda arbetsvillkor!<\/p>\n\n\n\n<p>Gl\u00f6m alla dessa stressande administrativa arbetsuppgifter du har h\u00e4ngandes \u00f6ver dig som f\u00f6rskoll\u00e4rare eller barnsk\u00f6tare: allt dokumenterande, bloggande och alla &#8221;m\u00e5sten&#8221;,  den vardagsstress som uppst\u00e5r d\u00e5 man f\u00f6rs\u00f6ker f\u00f6lja dagsschemat f\u00f6r att en matvagn skall in till k\u00f6ket innan en viss tid, personalbortfall (igen) och stressen med att ringa in en vikarie f\u00f6r att man skall kunna utf\u00f6ra den planerade pedagogiska verksamheten, och\u00a0sedan allt, allt, allt som skall dokumenteras, och f\u00f6r vems skull? F\u00f6r att inte tala om de stora barngrupperna d\u00e4r det ibland k\u00e4nns om\u00f6jligt att kunna ge varje barn den uppm\u00e4rksamhet och stimulans som de beh\u00f6ver f\u00f6r sin individuella utveckling, och man k\u00e4nner sig otillr\u00e4cklig d\u00e5 man upplever att man inte riktigt r\u00e4cker till f\u00f6r alla. Du vet f\u00f6rmodligen vad vi menar. Ibland k\u00e4nns det som att man varken har tid eller energi till att utf\u00f6ra sitt uppdrag och sin huvudsakliga uppgift &#8211; att vara en\u00a0fantastisk\u00a0och n\u00e4rvarande pedagog\u00a0f\u00f6r barnen!<br><br>Som nanny-pedagog kan du fokusera p\u00e5 det du verkligen tycker \u00e4r roligt, och det du valde att utbilda dig till &#8211; att arbeta med barn! Du best\u00e4mmer sj\u00e4lv (storleken p\u00e5 &#8217;barngruppen&#8217;) hur m\u00e5nga barn du vill ta hand om &#8211; 1,2,3 eller 4 &#8211; helt beroende p\u00e5 vilken familj du v\u00e4ljer att jobba f\u00f6r. Du kommer i h\u00f6g grad att kunna p\u00e5verka hur din arbetsdag ser ut, och f\u00f6ruts\u00e4ttningarna f\u00f6r att kunna skapa en stressfri arbetsmilj\u00f6 i familjens hem \u00e4r mycket goda.<br><br>Som nanny-pedagog har du m\u00f6jlighet att f\u00e5 den d\u00e4r riktiga kvalitetstiden med barnen. Du kommer att ha tid att g\u00f6ra alla de d\u00e4r aktiviteter du \u00e4lskar att g\u00f6ra med barn; m\u00e5la och pyssla, spela instrument, baka, laga mat, dansa, simma, g\u00f6ra yoga, \u00e5ka p\u00e5 utflykter, g\u00e5 p\u00e5 museer och bibliotek &#8211; utan att beh\u00f6va t\u00e4nka p\u00e5 en hel barngrupp! Men kanske det viktigaste av allt \u00e4r att du slipper k\u00e4nna skuld \u00f6ver att du inte hinner se och m\u00f6ta varje barn och kunna ge den stimulans och utmaning som just det barnet beh\u00f6ver f\u00f6r sin individuella utveckling. N\u00e4r du arbetar som nanny-pedagog har du all tid i v\u00e4rlden att bara fokusera p\u00e5 barnet och vara den pedagogen du vill vara &#8211; den\u00a0<em>H\u00c4Rvarande pedagogen.<\/em><br><br>Ta chansen att kunna skapa de b\u00e4sta f\u00f6ruts\u00e4ttningarna f\u00f6r dig sj\u00e4lv &#8211; och utvecklas b\u00e5de som person och i din yrkesroll.<\/p>\n\n\n\n<p class=\"has-text-align-center\"><strong>Maila in ditt CV till oss idag och f\u00f6r\u00e4ndra ditt liv fr\u00e5n och med imorgon!<\/strong><\/p>\n","protected":false},"excerpt":{"rendered":"<p>Tr\u00f6tt p\u00e5 stora barngrupper och stressig f\u00f6rskole\/skolmilj\u00f6? Nu kan du, som har valt att arbeta med barn som yrke, jobba\u00a0som&#8230;<\/p>\n","protected":false},"author":1,"featured_media":0,"parent":382,"menu_order":1,"comment_status":"closed","ping_status":"closed","template":"","meta":{"_acf_changed":false,"inline_featured_image":false,"footnotes":""},"class_list":["post-607","page","type-page","status-publish","hentry"],"acf":[],"yoast_head":"<!-- This site is optimized with the Yoast SEO plugin v27.0 - https:\/\/yoast.com\/product\/yoast-seo-wordpress\/ -->\n<title>Introduktion till nanny-pedagogen - The Swedish Nanny Company<\/title>\n<meta name=\"robots\" content=\"index, follow, max-snippet:-1, max-image-preview:large, max-video-preview:-1\" \/>\n<link rel=\"canonical\" href=\"https:\/\/swedishnannycompany.se\/sv\/nanny\/introduktion-till-nannyn\/\" \/>\n<meta property=\"og:locale\" content=\"sv_SE\" \/>\n<meta property=\"og:type\" content=\"article\" \/>\n<meta property=\"og:title\" content=\"Introduktion till nanny-pedagogen - The Swedish Nanny Company\" \/>\n<meta property=\"og:description\" content=\"Tr\u00f6tt p\u00e5 stora barngrupper och stressig f\u00f6rskole\/skolmilj\u00f6? Nu kan du, som har valt att arbeta med barn som yrke, jobba\u00a0som...\" \/>\n<meta property=\"og:url\" content=\"https:\/\/swedishnannycompany.se\/sv\/nanny\/introduktion-till-nannyn\/\" \/>\n<meta property=\"og:site_name\" content=\"The Swedish Nanny Company\" \/>\n<meta property=\"article:modified_time\" content=\"2022-03-18T09:06:17+00:00\" \/>\n<meta name=\"twitter:card\" content=\"summary_large_image\" \/>\n<meta name=\"twitter:label1\" content=\"Ber\u00e4knad l\u00e4stid\" \/>\n\t<meta name=\"twitter:data1\" content=\"2 minuter\" \/>\n<script type=\"application\/ld+json\" class=\"yoast-schema-graph\">{\"@context\":\"https:\/\/schema.org\",\"@graph\":[{\"@type\":\"WebPage\",\"@id\":\"https:\/\/swedishnannycompany.se\/sv\/nanny\/introduktion-till-nannyn\/\",\"url\":\"https:\/\/swedishnannycompany.se\/sv\/nanny\/introduktion-till-nannyn\/\",\"name\":\"Introduktion till nanny-pedagogen - The Swedish Nanny Company\",\"isPartOf\":{\"@id\":\"https:\/\/swedishnannycompany.se\/sv\/#website\"},\"datePublished\":\"2019-08-29T10:03:21+00:00\",\"dateModified\":\"2022-03-18T09:06:17+00:00\",\"breadcrumb\":{\"@id\":\"https:\/\/swedishnannycompany.se\/sv\/nanny\/introduktion-till-nannyn\/#breadcrumb\"},\"inLanguage\":\"sv-SE\",\"potentialAction\":[{\"@type\":\"ReadAction\",\"target\":[\"https:\/\/swedishnannycompany.se\/sv\/nanny\/introduktion-till-nannyn\/\"]}]},{\"@type\":\"BreadcrumbList\",\"@id\":\"https:\/\/swedishnannycompany.se\/sv\/nanny\/introduktion-till-nannyn\/#breadcrumb\",\"itemListElement\":[{\"@type\":\"ListItem\",\"position\":1,\"name\":\"Hem\",\"item\":\"https:\/\/swedishnannycompany.se\/sv\/\"},{\"@type\":\"ListItem\",\"position\":2,\"name\":\"Nanny\",\"item\":\"https:\/\/swedishnannycompany.se\/sv\/nanny\/\"},{\"@type\":\"ListItem\",\"position\":3,\"name\":\"Introduktion till nanny-pedagogen\"}]},{\"@type\":\"WebSite\",\"@id\":\"https:\/\/swedishnannycompany.se\/sv\/#website\",\"url\":\"https:\/\/swedishnannycompany.se\/sv\/\",\"name\":\"The Swedish Nanny Company\",\"description\":\"With your child in mind\",\"publisher\":{\"@id\":\"https:\/\/swedishnannycompany.se\/sv\/#organization\"},\"potentialAction\":[{\"@type\":\"SearchAction\",\"target\":{\"@type\":\"EntryPoint\",\"urlTemplate\":\"https:\/\/swedishnannycompany.se\/sv\/?s={search_term_string}\"},\"query-input\":{\"@type\":\"PropertyValueSpecification\",\"valueRequired\":true,\"valueName\":\"search_term_string\"}}],\"inLanguage\":\"sv-SE\"},{\"@type\":\"Organization\",\"@id\":\"https:\/\/swedishnannycompany.se\/sv\/#organization\",\"name\":\"Swedish Nanny Company\",\"url\":\"https:\/\/swedishnannycompany.se\/sv\/\",\"logo\":{\"@type\":\"ImageObject\",\"inLanguage\":\"sv-SE\",\"@id\":\"https:\/\/swedishnannycompany.se\/sv\/#\/schema\/logo\/image\/\",\"url\":\"https:\/\/swedishnannycompany.se\/wp-content\/uploads\/2019\/08\/logo.png\",\"contentUrl\":\"https:\/\/swedishnannycompany.se\/wp-content\/uploads\/2019\/08\/logo.png\",\"width\":349,\"height\":174,\"caption\":\"Swedish Nanny Company\"},\"image\":{\"@id\":\"https:\/\/swedishnannycompany.se\/sv\/#\/schema\/logo\/image\/\"}}]}<\/script>\n<!-- \/ Yoast SEO plugin. -->","yoast_head_json":{"title":"Introduktion till nanny-pedagogen - The Swedish Nanny Company","robots":{"index":"index","follow":"follow","max-snippet":"max-snippet:-1","max-image-preview":"max-image-preview:large","max-video-preview":"max-video-preview:-1"},"canonical":"https:\/\/swedishnannycompany.se\/sv\/nanny\/introduktion-till-nannyn\/","og_locale":"sv_SE","og_type":"article","og_title":"Introduktion till nanny-pedagogen - The Swedish Nanny Company","og_description":"Tr\u00f6tt p\u00e5 stora barngrupper och stressig f\u00f6rskole\/skolmilj\u00f6? Nu kan du, som har valt att arbeta med barn som yrke, jobba\u00a0som...","og_url":"https:\/\/swedishnannycompany.se\/sv\/nanny\/introduktion-till-nannyn\/","og_site_name":"The Swedish Nanny Company","article_modified_time":"2022-03-18T09:06:17+00:00","twitter_card":"summary_large_image","twitter_misc":{"Ber\u00e4knad l\u00e4stid":"2 minuter"},"schema":{"@context":"https:\/\/schema.org","@graph":[{"@type":"WebPage","@id":"https:\/\/swedishnannycompany.se\/sv\/nanny\/introduktion-till-nannyn\/","url":"https:\/\/swedishnannycompany.se\/sv\/nanny\/introduktion-till-nannyn\/","name":"Introduktion till nanny-pedagogen - The Swedish Nanny Company","isPartOf":{"@id":"https:\/\/swedishnannycompany.se\/sv\/#website"},"datePublished":"2019-08-29T10:03:21+00:00","dateModified":"2022-03-18T09:06:17+00:00","breadcrumb":{"@id":"https:\/\/swedishnannycompany.se\/sv\/nanny\/introduktion-till-nannyn\/#breadcrumb"},"inLanguage":"sv-SE","potentialAction":[{"@type":"ReadAction","target":["https:\/\/swedishnannycompany.se\/sv\/nanny\/introduktion-till-nannyn\/"]}]},{"@type":"BreadcrumbList","@id":"https:\/\/swedishnannycompany.se\/sv\/nanny\/introduktion-till-nannyn\/#breadcrumb","itemListElement":[{"@type":"ListItem","position":1,"name":"Hem","item":"https:\/\/swedishnannycompany.se\/sv\/"},{"@type":"ListItem","position":2,"name":"Nanny","item":"https:\/\/swedishnannycompany.se\/sv\/nanny\/"},{"@type":"ListItem","position":3,"name":"Introduktion till nanny-pedagogen"}]},{"@type":"WebSite","@id":"https:\/\/swedishnannycompany.se\/sv\/#website","url":"https:\/\/swedishnannycompany.se\/sv\/","name":"The Swedish Nanny Company","description":"With your child in mind","publisher":{"@id":"https:\/\/swedishnannycompany.se\/sv\/#organization"},"potentialAction":[{"@type":"SearchAction","target":{"@type":"EntryPoint","urlTemplate":"https:\/\/swedishnannycompany.se\/sv\/?s={search_term_string}"},"query-input":{"@type":"PropertyValueSpecification","valueRequired":true,"valueName":"search_term_string"}}],"inLanguage":"sv-SE"},{"@type":"Organization","@id":"https:\/\/swedishnannycompany.se\/sv\/#organization","name":"Swedish Nanny Company","url":"https:\/\/swedishnannycompany.se\/sv\/","logo":{"@type":"ImageObject","inLanguage":"sv-SE","@id":"https:\/\/swedishnannycompany.se\/sv\/#\/schema\/logo\/image\/","url":"https:\/\/swedishnannycompany.se\/wp-content\/uploads\/2019\/08\/logo.png","contentUrl":"https:\/\/swedishnannycompany.se\/wp-content\/uploads\/2019\/08\/logo.png","width":349,"height":174,"caption":"Swedish Nanny Company"},"image":{"@id":"https:\/\/swedishnannycompany.se\/sv\/#\/schema\/logo\/image\/"}}]}},"_links":{"self":[{"href":"https:\/\/swedishnannycompany.se\/sv\/wp-json\/wp\/v2\/pages\/607","targetHints":{"allow":["GET"]}}],"collection":[{"href":"https:\/\/swedishnannycompany.se\/sv\/wp-json\/wp\/v2\/pages"}],"about":[{"href":"https:\/\/swedishnannycompany.se\/sv\/wp-json\/wp\/v2\/types\/page"}],"author":[{"embeddable":true,"href":"https:\/\/swedishnannycompany.se\/sv\/wp-json\/wp\/v2\/users\/1"}],"replies":[{"embeddable":true,"href":"https:\/\/swedishnannycompany.se\/sv\/wp-json\/wp\/v2\/comments?post=607"}],"version-history":[{"count":0,"href":"https:\/\/swedishnannycompany.se\/sv\/wp-json\/wp\/v2\/pages\/607\/revisions"}],"up":[{"embeddable":true,"href":"https:\/\/swedishnannycompany.se\/sv\/wp-json\/wp\/v2\/pages\/382"}],"wp:attachment":[{"href":"https:\/\/swedishnannycompany.se\/sv\/wp-json\/wp\/v2\/media?parent=607"}],"curies":[{"name":"wp","href":"https:\/\/api.w.org\/{rel}","templated":true}]}}