{"id":520,"date":"2019-08-23T11:40:54","date_gmt":"2019-08-23T11:40:54","guid":{"rendered":"https:\/\/swedishnannycompany.co.uk\/?page_id=520"},"modified":"2022-01-20T10:13:04","modified_gmt":"2022-01-20T10:13:04","slug":"forskollararen-bakom-formedlingen","status":"publish","type":"page","link":"https:\/\/swedishnannycompany.se\/sv\/om-oss\/forskollararen-bakom-formedlingen\/","title":{"rendered":"F\u00f6rskoll\u00e4raren bakom f\u00f6rmedlingen"},"content":{"rendered":"\n<div class=\"wp-block-image\"><figure class=\"alignright is-resized\"><img loading=\"lazy\" decoding=\"async\" src=\"https:\/\/swedishnannycompany.se\/wp-content\/uploads\/2019\/08\/title562707135-1-.png\" alt=\"\" class=\"wp-image-544\" width=\"205\" height=\"231\" srcset=\"https:\/\/swedishnannycompany.se\/wp-content\/uploads\/2019\/08\/title562707135-1-.png 279w, https:\/\/swedishnannycompany.se\/wp-content\/uploads\/2019\/08\/title562707135-1--267x300.png 267w\" sizes=\"auto, (max-width: 205px) 100vw, 205px\" \/><figcaption>Joanna Segerstr\u00f6m<br>F\u00f6rskoll\u00e4rare, Grundare &amp; VD<\/figcaption><\/figure><\/div>\n\n\n\n<p>Mitt namn \u00e4r Joanna Segerstr\u00f6m. Jag \u00e4r en utbildad svensk f\u00f6rskoll\u00e4rare sedan 2002 och f\u00f6re detta professionell nanny i London. Jag \u00e4r ocks\u00e5 den stolta grundaren av The Swedish Nanny Company.<\/p>\n\n\n\n<p>Jag brinner naturligtvis f\u00f6r h\u00f6gkvalitativ barnomsorg! Som utbildad f\u00f6rskoll\u00e4rare har jag haft m\u00f6jligheten att studera om barn och dess utveckling och l\u00e4rande p\u00e5 h\u00f6gskoleniv\u00e5. Men det som har l\u00e4rt mig mest om barn \u00e4r alla de \u00e5r jag har arbetat inom f\u00f6rskolan och alla mina fantastiska \u00e5r som nanny-pedagog i London och i Sverige.<\/p>\n\n\n\n<p>De f\u00f6rsta \u00e5ren i ett barns liv \u00e4r av grundl\u00e4ggande betydelse, d\u00e5 de ligger till grunden f\u00f6r barnets framtida h\u00e4lsa, gl\u00e4dje och utveckling. T\u00e4nk att f\u00e5 vara med och bygga denna grund och d\u00e4rmed skapa b\u00e4ttre f\u00f6ruts\u00e4ttningar f\u00f6r barnet. H\u00f6gkvalitativ barnomsorg \u00e4r viktig f\u00f6r mig, och den \u00e4r framf\u00f6rallt viktig f\u00f6r v\u00e5ra barn! Det \u00e4r just d\u00e4rf\u00f6r som The Swedish Nanny Company \u00e4r s\u00e5 mycket mer \u00e4n ett f\u00f6retag &#8211; det \u00e4r en m\u00f6jlighet att g\u00f6ra skillnad.<\/p>\n\n\n\n<p>The Swedish Nanny Company \u00e4r till\u00e4gnad; Rebecca och Madeleine, Marianne, Cameron, Robbie och deras underbara f\u00f6r\u00e4ldrar i London. All min k\u00e4rlek till Er.<\/p>\n","protected":false},"excerpt":{"rendered":"<p>Mitt namn \u00e4r Joanna Segerstr\u00f6m. Jag \u00e4r en utbildad svensk f\u00f6rskoll\u00e4rare sedan 2002 och f\u00f6re detta professionell nanny i London&#8230;.<\/p>\n","protected":false},"author":1,"featured_media":0,"parent":623,"menu_order":3,"comment_status":"closed","ping_status":"closed","template":"","meta":{"_acf_changed":false,"inline_featured_image":false,"footnotes":""},"class_list":["post-520","page","type-page","status-publish","hentry"],"acf":[],"yoast_head":"<!-- This site is optimized with the Yoast SEO plugin v27.0 - https:\/\/yoast.com\/product\/yoast-seo-wordpress\/ -->\n<title>F\u00f6rskoll\u00e4raren bakom f\u00f6rmedlingen - The Swedish Nanny Company<\/title>\n<meta name=\"robots\" content=\"index, follow, max-snippet:-1, max-image-preview:large, max-video-preview:-1\" \/>\n<link rel=\"canonical\" href=\"https:\/\/swedishnannycompany.se\/sv\/om-oss\/forskollararen-bakom-formedlingen\/\" \/>\n<meta property=\"og:locale\" content=\"sv_SE\" \/>\n<meta property=\"og:type\" content=\"article\" \/>\n<meta property=\"og:title\" content=\"F\u00f6rskoll\u00e4raren bakom f\u00f6rmedlingen - The Swedish Nanny Company\" \/>\n<meta property=\"og:description\" content=\"Mitt namn \u00e4r Joanna Segerstr\u00f6m. Jag \u00e4r en utbildad svensk f\u00f6rskoll\u00e4rare sedan 2002 och f\u00f6re detta professionell nanny i London....\" \/>\n<meta property=\"og:url\" content=\"https:\/\/swedishnannycompany.se\/sv\/om-oss\/forskollararen-bakom-formedlingen\/\" \/>\n<meta property=\"og:site_name\" content=\"The Swedish Nanny Company\" \/>\n<meta property=\"article:modified_time\" content=\"2022-01-20T10:13:04+00:00\" \/>\n<meta property=\"og:image\" content=\"https:\/\/swedishnannycompany.se\/wp-content\/uploads\/2019\/08\/title562707135-1-.png\" \/>\n<meta name=\"twitter:card\" content=\"summary_large_image\" \/>\n<meta name=\"twitter:label1\" content=\"Ber\u00e4knad l\u00e4stid\" \/>\n\t<meta name=\"twitter:data1\" content=\"2 minuter\" \/>\n<script type=\"application\/ld+json\" class=\"yoast-schema-graph\">{\"@context\":\"https:\/\/schema.org\",\"@graph\":[{\"@type\":\"WebPage\",\"@id\":\"https:\/\/swedishnannycompany.se\/sv\/om-oss\/forskollararen-bakom-formedlingen\/\",\"url\":\"https:\/\/swedishnannycompany.se\/sv\/om-oss\/forskollararen-bakom-formedlingen\/\",\"name\":\"F\u00f6rskoll\u00e4raren bakom f\u00f6rmedlingen - The Swedish Nanny Company\",\"isPartOf\":{\"@id\":\"https:\/\/swedishnannycompany.se\/sv\/#website\"},\"primaryImageOfPage\":{\"@id\":\"https:\/\/swedishnannycompany.se\/sv\/om-oss\/forskollararen-bakom-formedlingen\/#primaryimage\"},\"image\":{\"@id\":\"https:\/\/swedishnannycompany.se\/sv\/om-oss\/forskollararen-bakom-formedlingen\/#primaryimage\"},\"thumbnailUrl\":\"https:\/\/swedishnannycompany.se\/wp-content\/uploads\/2019\/08\/title562707135-1-.png\",\"datePublished\":\"2019-08-23T11:40:54+00:00\",\"dateModified\":\"2022-01-20T10:13:04+00:00\",\"breadcrumb\":{\"@id\":\"https:\/\/swedishnannycompany.se\/sv\/om-oss\/forskollararen-bakom-formedlingen\/#breadcrumb\"},\"inLanguage\":\"sv-SE\",\"potentialAction\":[{\"@type\":\"ReadAction\",\"target\":[\"https:\/\/swedishnannycompany.se\/sv\/om-oss\/forskollararen-bakom-formedlingen\/\"]}]},{\"@type\":\"ImageObject\",\"inLanguage\":\"sv-SE\",\"@id\":\"https:\/\/swedishnannycompany.se\/sv\/om-oss\/forskollararen-bakom-formedlingen\/#primaryimage\",\"url\":\"https:\/\/swedishnannycompany.se\/wp-content\/uploads\/2019\/08\/title562707135-1-.png\",\"contentUrl\":\"https:\/\/swedishnannycompany.se\/wp-content\/uploads\/2019\/08\/title562707135-1-.png\"},{\"@type\":\"BreadcrumbList\",\"@id\":\"https:\/\/swedishnannycompany.se\/sv\/om-oss\/forskollararen-bakom-formedlingen\/#breadcrumb\",\"itemListElement\":[{\"@type\":\"ListItem\",\"position\":1,\"name\":\"Hem\",\"item\":\"https:\/\/swedishnannycompany.se\/sv\/\"},{\"@type\":\"ListItem\",\"position\":2,\"name\":\"Om oss\",\"item\":\"https:\/\/swedishnannycompany.se\/sv\/om-oss\/\"},{\"@type\":\"ListItem\",\"position\":3,\"name\":\"F\u00f6rskoll\u00e4raren bakom f\u00f6rmedlingen\"}]},{\"@type\":\"WebSite\",\"@id\":\"https:\/\/swedishnannycompany.se\/sv\/#website\",\"url\":\"https:\/\/swedishnannycompany.se\/sv\/\",\"name\":\"The Swedish Nanny Company\",\"description\":\"With your child in mind\",\"publisher\":{\"@id\":\"https:\/\/swedishnannycompany.se\/sv\/#organization\"},\"potentialAction\":[{\"@type\":\"SearchAction\",\"target\":{\"@type\":\"EntryPoint\",\"urlTemplate\":\"https:\/\/swedishnannycompany.se\/sv\/?s={search_term_string}\"},\"query-input\":{\"@type\":\"PropertyValueSpecification\",\"valueRequired\":true,\"valueName\":\"search_term_string\"}}],\"inLanguage\":\"sv-SE\"},{\"@type\":\"Organization\",\"@id\":\"https:\/\/swedishnannycompany.se\/sv\/#organization\",\"name\":\"Swedish Nanny Company\",\"url\":\"https:\/\/swedishnannycompany.se\/sv\/\",\"logo\":{\"@type\":\"ImageObject\",\"inLanguage\":\"sv-SE\",\"@id\":\"https:\/\/swedishnannycompany.se\/sv\/#\/schema\/logo\/image\/\",\"url\":\"https:\/\/swedishnannycompany.se\/wp-content\/uploads\/2019\/08\/logo.png\",\"contentUrl\":\"https:\/\/swedishnannycompany.se\/wp-content\/uploads\/2019\/08\/logo.png\",\"width\":349,\"height\":174,\"caption\":\"Swedish Nanny Company\"},\"image\":{\"@id\":\"https:\/\/swedishnannycompany.se\/sv\/#\/schema\/logo\/image\/\"}}]}<\/script>\n<!-- \/ Yoast SEO plugin. -->","yoast_head_json":{"title":"F\u00f6rskoll\u00e4raren bakom f\u00f6rmedlingen - The Swedish Nanny Company","robots":{"index":"index","follow":"follow","max-snippet":"max-snippet:-1","max-image-preview":"max-image-preview:large","max-video-preview":"max-video-preview:-1"},"canonical":"https:\/\/swedishnannycompany.se\/sv\/om-oss\/forskollararen-bakom-formedlingen\/","og_locale":"sv_SE","og_type":"article","og_title":"F\u00f6rskoll\u00e4raren bakom f\u00f6rmedlingen - The Swedish Nanny Company","og_description":"Mitt namn \u00e4r Joanna Segerstr\u00f6m. Jag \u00e4r en utbildad svensk f\u00f6rskoll\u00e4rare sedan 2002 och f\u00f6re detta professionell nanny i London....","og_url":"https:\/\/swedishnannycompany.se\/sv\/om-oss\/forskollararen-bakom-formedlingen\/","og_site_name":"The Swedish Nanny Company","article_modified_time":"2022-01-20T10:13:04+00:00","og_image":[{"url":"https:\/\/swedishnannycompany.se\/wp-content\/uploads\/2019\/08\/title562707135-1-.png","type":"","width":"","height":""}],"twitter_card":"summary_large_image","twitter_misc":{"Ber\u00e4knad l\u00e4stid":"2 minuter"},"schema":{"@context":"https:\/\/schema.org","@graph":[{"@type":"WebPage","@id":"https:\/\/swedishnannycompany.se\/sv\/om-oss\/forskollararen-bakom-formedlingen\/","url":"https:\/\/swedishnannycompany.se\/sv\/om-oss\/forskollararen-bakom-formedlingen\/","name":"F\u00f6rskoll\u00e4raren bakom f\u00f6rmedlingen - The Swedish Nanny Company","isPartOf":{"@id":"https:\/\/swedishnannycompany.se\/sv\/#website"},"primaryImageOfPage":{"@id":"https:\/\/swedishnannycompany.se\/sv\/om-oss\/forskollararen-bakom-formedlingen\/#primaryimage"},"image":{"@id":"https:\/\/swedishnannycompany.se\/sv\/om-oss\/forskollararen-bakom-formedlingen\/#primaryimage"},"thumbnailUrl":"https:\/\/swedishnannycompany.se\/wp-content\/uploads\/2019\/08\/title562707135-1-.png","datePublished":"2019-08-23T11:40:54+00:00","dateModified":"2022-01-20T10:13:04+00:00","breadcrumb":{"@id":"https:\/\/swedishnannycompany.se\/sv\/om-oss\/forskollararen-bakom-formedlingen\/#breadcrumb"},"inLanguage":"sv-SE","potentialAction":[{"@type":"ReadAction","target":["https:\/\/swedishnannycompany.se\/sv\/om-oss\/forskollararen-bakom-formedlingen\/"]}]},{"@type":"ImageObject","inLanguage":"sv-SE","@id":"https:\/\/swedishnannycompany.se\/sv\/om-oss\/forskollararen-bakom-formedlingen\/#primaryimage","url":"https:\/\/swedishnannycompany.se\/wp-content\/uploads\/2019\/08\/title562707135-1-.png","contentUrl":"https:\/\/swedishnannycompany.se\/wp-content\/uploads\/2019\/08\/title562707135-1-.png"},{"@type":"BreadcrumbList","@id":"https:\/\/swedishnannycompany.se\/sv\/om-oss\/forskollararen-bakom-formedlingen\/#breadcrumb","itemListElement":[{"@type":"ListItem","position":1,"name":"Hem","item":"https:\/\/swedishnannycompany.se\/sv\/"},{"@type":"ListItem","position":2,"name":"Om oss","item":"https:\/\/swedishnannycompany.se\/sv\/om-oss\/"},{"@type":"ListItem","position":3,"name":"F\u00f6rskoll\u00e4raren bakom f\u00f6rmedlingen"}]},{"@type":"WebSite","@id":"https:\/\/swedishnannycompany.se\/sv\/#website","url":"https:\/\/swedishnannycompany.se\/sv\/","name":"The Swedish Nanny Company","description":"With your child in mind","publisher":{"@id":"https:\/\/swedishnannycompany.se\/sv\/#organization"},"potentialAction":[{"@type":"SearchAction","target":{"@type":"EntryPoint","urlTemplate":"https:\/\/swedishnannycompany.se\/sv\/?s={search_term_string}"},"query-input":{"@type":"PropertyValueSpecification","valueRequired":true,"valueName":"search_term_string"}}],"inLanguage":"sv-SE"},{"@type":"Organization","@id":"https:\/\/swedishnannycompany.se\/sv\/#organization","name":"Swedish Nanny Company","url":"https:\/\/swedishnannycompany.se\/sv\/","logo":{"@type":"ImageObject","inLanguage":"sv-SE","@id":"https:\/\/swedishnannycompany.se\/sv\/#\/schema\/logo\/image\/","url":"https:\/\/swedishnannycompany.se\/wp-content\/uploads\/2019\/08\/logo.png","contentUrl":"https:\/\/swedishnannycompany.se\/wp-content\/uploads\/2019\/08\/logo.png","width":349,"height":174,"caption":"Swedish Nanny Company"},"image":{"@id":"https:\/\/swedishnannycompany.se\/sv\/#\/schema\/logo\/image\/"}}]}},"_links":{"self":[{"href":"https:\/\/swedishnannycompany.se\/sv\/wp-json\/wp\/v2\/pages\/520","targetHints":{"allow":["GET"]}}],"collection":[{"href":"https:\/\/swedishnannycompany.se\/sv\/wp-json\/wp\/v2\/pages"}],"about":[{"href":"https:\/\/swedishnannycompany.se\/sv\/wp-json\/wp\/v2\/types\/page"}],"author":[{"embeddable":true,"href":"https:\/\/swedishnannycompany.se\/sv\/wp-json\/wp\/v2\/users\/1"}],"replies":[{"embeddable":true,"href":"https:\/\/swedishnannycompany.se\/sv\/wp-json\/wp\/v2\/comments?post=520"}],"version-history":[{"count":0,"href":"https:\/\/swedishnannycompany.se\/sv\/wp-json\/wp\/v2\/pages\/520\/revisions"}],"up":[{"embeddable":true,"href":"https:\/\/swedishnannycompany.se\/sv\/wp-json\/wp\/v2\/pages\/623"}],"wp:attachment":[{"href":"https:\/\/swedishnannycompany.se\/sv\/wp-json\/wp\/v2\/media?parent=520"}],"curies":[{"name":"wp","href":"https:\/\/api.w.org\/{rel}","templated":true}]}}