{"id":516,"date":"2019-08-23T11:32:51","date_gmt":"2019-08-23T11:32:51","guid":{"rendered":"https:\/\/swedishnannycompany.co.uk\/?page_id=516"},"modified":"2022-03-18T09:50:43","modified_gmt":"2022-03-18T09:50:43","slug":"sa-ansoker-du","status":"publish","type":"page","link":"https:\/\/swedishnannycompany.se\/sv\/nanny\/sa-ansoker-du\/","title":{"rendered":"S\u00e5 ans\u00f6ker du"},"content":{"rendered":"\n<p>Vi f\u00f6rst\u00e5r att hela processen att s\u00f6ka jobb som nanny-pedagog kanske kan k\u00e4nnas lite \u00f6verv\u00e4ldigande till en b\u00f6rjan, det \u00e4r d\u00e4rf\u00f6r vi har gjort v\u00e5rt b\u00e4sta f\u00f6r att g\u00f6ra det s\u00e5 smidigt som m\u00f6jligt f\u00f6r dig.<\/p>\n\n\n\n<p>V\u00e4nligen bara maila in ditt CV till oss p\u00e5 info@swedishnannycompany.co.uk . <\/p>\n\n\n\n<p>N\u00e4r vi har mottagit och l\u00e4st igenom ditt CV eller ans\u00f6kan s\u00e5 \u00e5terkommer vi till dig med en inbjudan till ett intervju-samtal. V\u00e5ra intervjuer sker fr\u00e4mst ifr\u00e5n Sverige d\u00e5 vi upplever att vi f\u00e5r en n\u00e4rmare kontakt med de fantastiska kandidater som s\u00f6ker sig till oss. V\u00e5r str\u00e4van \u00e4r att tr\u00e4ffa alla v\u00e5ra s\u00f6kande f\u00f6r en personlig intervju, men om detta av n\u00e5gon anledning inte g\u00e5r att genomf\u00f6ra s\u00e5 kommer intervjun att ske via Skype\/FaceTime, eller vanlig telefon.<\/p>\n\n\n\n<p>V\u00e4nligen medtag f\u00f6ljande handlingar till intervjutillf\u00e4llet;<\/p>\n\n\n\n<ul class=\"wp-block-list\"><li>Ditt CV<\/li><li>Originalhandling av ett utdrag ur polisens belastningsregister, eller fr\u00e5n Criminal Record Bureau om du just nu bor i Storbritannien<\/li><li>Kopior av alla kvalifikationer dvs. utbildningsbevis, examensbevis, certifikat\/kompetensbevis i HLR, osv.<\/li><li>Giltig legitimation att visa upp (id-kort, pass, k\u00f6rkort eller \u00f6vrig giltig id-handling)<\/li><li>Skriftliga referenser (om m\u00f6jligt)<\/li><\/ul>\n\n\n\n<p>Om intervjun ans\u00e5gs som lyckad och vi best\u00e4mmer oss f\u00f6r att g\u00e5 vidare med s\u00f6kandet efter det perfekta jobbet f\u00f6r dig kommer vi att be dig att skriva ett introduktionsbrev till familjen. Introduktionsbrevet \u00e4r som ett personligt brev, d\u00e4r du ber\u00e4ttar mer ing\u00e5ende om dig sj\u00e4lv och din erfarenhet med barn. Vi kommer sedan att s\u00e4tta ihop en &#8217;Profil&#8217; som sedan skickas till den intresserade familjen.<\/p>\n\n\n\n<p>Profilen kommer att inneh\u00e5lla;<\/p>\n\n\n\n<ul class=\"wp-block-list\"><li>Ditt CV (p\u00e5 engelska eller svenska beroende p\u00e5 familj)<\/li><li>Introduktionsbrevet till familjen (p\u00e5 engelska eller svenska beroende p\u00e5 familj)<\/li><li>Skriftliga referenser (om m\u00f6jligt)<\/li><li>\u00d6vriga handlingar som framh\u00e4ver dina positiva egenskaper eller meriter (valfritt)<\/li><\/ul>\n\n\n\n<p>Observera att du inte \u00e4r fullt registrerad hos oss f\u00f6rr\u00e4n vi har kontrollerat dina referenser och kvalifikationer och f\u00e5tt in utdraget ur belastningsregistret. Om du inte har ett giltigt utdrag rekommenderar vi att du g\u00e5r in och best\u00e4ller ett nytt s\u00e5 fort du har m\u00f6jlighet d\u00e5 det kan ta upp till tv\u00e5 veckor innan du f\u00e5r det hemskickat. <\/p>\n\n\n\n<p>S\u00e5 fort detta \u00e4r avklarat kan vi b\u00f6rja fokusera p\u00e5 den mest sp\u00e4nnande delen \u2013 n\u00e4mligen att hitta den b\u00e4sta m\u00f6jliga familjen f\u00f6r dig! L\u00e4s mer om sj\u00e4lva processen och&nbsp;<a href=\"https:\/\/swedishnannycompany.se\/sv\/nanny\/hur-vi-gar-till-vaga\/\">hur vi g\u00e5r till v\u00e4ga<\/a>, steg f\u00f6r steg.<\/p>\n\n\n\n<p><strong>Om du har n\u00e5gra fr\u00e5gor &#8211; tveka inte f\u00f6r en sekund att kontakta oss. Vi finns tillg\u00e4ngliga f\u00f6r att hj\u00e4lpa dig!<\/strong><\/p>\n","protected":false},"excerpt":{"rendered":"<p>Vi f\u00f6rst\u00e5r att hela processen att s\u00f6ka jobb som nanny-pedagog kanske kan k\u00e4nnas lite \u00f6verv\u00e4ldigande till en b\u00f6rjan, det \u00e4r&#8230;<\/p>\n","protected":false},"author":1,"featured_media":0,"parent":382,"menu_order":9,"comment_status":"closed","ping_status":"closed","template":"","meta":{"_acf_changed":false,"inline_featured_image":false,"footnotes":""},"class_list":["post-516","page","type-page","status-publish","hentry"],"acf":[],"yoast_head":"<!-- This site is optimized with the Yoast SEO plugin v27.0 - https:\/\/yoast.com\/product\/yoast-seo-wordpress\/ -->\n<title>S\u00e5 ans\u00f6ker du - The Swedish Nanny Company<\/title>\n<meta name=\"robots\" content=\"index, follow, max-snippet:-1, max-image-preview:large, max-video-preview:-1\" \/>\n<link rel=\"canonical\" href=\"https:\/\/swedishnannycompany.se\/sv\/nanny\/sa-ansoker-du\/\" \/>\n<meta property=\"og:locale\" content=\"sv_SE\" \/>\n<meta property=\"og:type\" content=\"article\" \/>\n<meta property=\"og:title\" content=\"S\u00e5 ans\u00f6ker du - The Swedish Nanny Company\" \/>\n<meta property=\"og:description\" content=\"Vi f\u00f6rst\u00e5r att hela processen att s\u00f6ka jobb som nanny-pedagog kanske kan k\u00e4nnas lite \u00f6verv\u00e4ldigande till en b\u00f6rjan, det \u00e4r...\" \/>\n<meta property=\"og:url\" content=\"https:\/\/swedishnannycompany.se\/sv\/nanny\/sa-ansoker-du\/\" \/>\n<meta property=\"og:site_name\" content=\"The Swedish Nanny Company\" \/>\n<meta property=\"article:modified_time\" content=\"2022-03-18T09:50:43+00:00\" \/>\n<meta name=\"twitter:card\" content=\"summary_large_image\" \/>\n<meta name=\"twitter:label1\" content=\"Ber\u00e4knad l\u00e4stid\" \/>\n\t<meta name=\"twitter:data1\" content=\"2 minuter\" \/>\n<script type=\"application\/ld+json\" class=\"yoast-schema-graph\">{\"@context\":\"https:\/\/schema.org\",\"@graph\":[{\"@type\":\"WebPage\",\"@id\":\"https:\/\/swedishnannycompany.se\/sv\/nanny\/sa-ansoker-du\/\",\"url\":\"https:\/\/swedishnannycompany.se\/sv\/nanny\/sa-ansoker-du\/\",\"name\":\"S\u00e5 ans\u00f6ker du - The Swedish Nanny Company\",\"isPartOf\":{\"@id\":\"https:\/\/swedishnannycompany.se\/sv\/#website\"},\"datePublished\":\"2019-08-23T11:32:51+00:00\",\"dateModified\":\"2022-03-18T09:50:43+00:00\",\"breadcrumb\":{\"@id\":\"https:\/\/swedishnannycompany.se\/sv\/nanny\/sa-ansoker-du\/#breadcrumb\"},\"inLanguage\":\"sv-SE\",\"potentialAction\":[{\"@type\":\"ReadAction\",\"target\":[\"https:\/\/swedishnannycompany.se\/sv\/nanny\/sa-ansoker-du\/\"]}]},{\"@type\":\"BreadcrumbList\",\"@id\":\"https:\/\/swedishnannycompany.se\/sv\/nanny\/sa-ansoker-du\/#breadcrumb\",\"itemListElement\":[{\"@type\":\"ListItem\",\"position\":1,\"name\":\"Hem\",\"item\":\"https:\/\/swedishnannycompany.se\/sv\/\"},{\"@type\":\"ListItem\",\"position\":2,\"name\":\"Nanny\",\"item\":\"https:\/\/swedishnannycompany.se\/sv\/nanny\/\"},{\"@type\":\"ListItem\",\"position\":3,\"name\":\"S\u00e5 ans\u00f6ker du\"}]},{\"@type\":\"WebSite\",\"@id\":\"https:\/\/swedishnannycompany.se\/sv\/#website\",\"url\":\"https:\/\/swedishnannycompany.se\/sv\/\",\"name\":\"The Swedish Nanny Company\",\"description\":\"With your child in mind\",\"publisher\":{\"@id\":\"https:\/\/swedishnannycompany.se\/sv\/#organization\"},\"potentialAction\":[{\"@type\":\"SearchAction\",\"target\":{\"@type\":\"EntryPoint\",\"urlTemplate\":\"https:\/\/swedishnannycompany.se\/sv\/?s={search_term_string}\"},\"query-input\":{\"@type\":\"PropertyValueSpecification\",\"valueRequired\":true,\"valueName\":\"search_term_string\"}}],\"inLanguage\":\"sv-SE\"},{\"@type\":\"Organization\",\"@id\":\"https:\/\/swedishnannycompany.se\/sv\/#organization\",\"name\":\"Swedish Nanny Company\",\"url\":\"https:\/\/swedishnannycompany.se\/sv\/\",\"logo\":{\"@type\":\"ImageObject\",\"inLanguage\":\"sv-SE\",\"@id\":\"https:\/\/swedishnannycompany.se\/sv\/#\/schema\/logo\/image\/\",\"url\":\"https:\/\/swedishnannycompany.se\/wp-content\/uploads\/2019\/08\/logo.png\",\"contentUrl\":\"https:\/\/swedishnannycompany.se\/wp-content\/uploads\/2019\/08\/logo.png\",\"width\":349,\"height\":174,\"caption\":\"Swedish Nanny Company\"},\"image\":{\"@id\":\"https:\/\/swedishnannycompany.se\/sv\/#\/schema\/logo\/image\/\"}}]}<\/script>\n<!-- \/ Yoast SEO plugin. -->","yoast_head_json":{"title":"S\u00e5 ans\u00f6ker du - The Swedish Nanny Company","robots":{"index":"index","follow":"follow","max-snippet":"max-snippet:-1","max-image-preview":"max-image-preview:large","max-video-preview":"max-video-preview:-1"},"canonical":"https:\/\/swedishnannycompany.se\/sv\/nanny\/sa-ansoker-du\/","og_locale":"sv_SE","og_type":"article","og_title":"S\u00e5 ans\u00f6ker du - The Swedish Nanny Company","og_description":"Vi f\u00f6rst\u00e5r att hela processen att s\u00f6ka jobb som nanny-pedagog kanske kan k\u00e4nnas lite \u00f6verv\u00e4ldigande till en b\u00f6rjan, det \u00e4r...","og_url":"https:\/\/swedishnannycompany.se\/sv\/nanny\/sa-ansoker-du\/","og_site_name":"The Swedish Nanny Company","article_modified_time":"2022-03-18T09:50:43+00:00","twitter_card":"summary_large_image","twitter_misc":{"Ber\u00e4knad l\u00e4stid":"2 minuter"},"schema":{"@context":"https:\/\/schema.org","@graph":[{"@type":"WebPage","@id":"https:\/\/swedishnannycompany.se\/sv\/nanny\/sa-ansoker-du\/","url":"https:\/\/swedishnannycompany.se\/sv\/nanny\/sa-ansoker-du\/","name":"S\u00e5 ans\u00f6ker du - The Swedish Nanny Company","isPartOf":{"@id":"https:\/\/swedishnannycompany.se\/sv\/#website"},"datePublished":"2019-08-23T11:32:51+00:00","dateModified":"2022-03-18T09:50:43+00:00","breadcrumb":{"@id":"https:\/\/swedishnannycompany.se\/sv\/nanny\/sa-ansoker-du\/#breadcrumb"},"inLanguage":"sv-SE","potentialAction":[{"@type":"ReadAction","target":["https:\/\/swedishnannycompany.se\/sv\/nanny\/sa-ansoker-du\/"]}]},{"@type":"BreadcrumbList","@id":"https:\/\/swedishnannycompany.se\/sv\/nanny\/sa-ansoker-du\/#breadcrumb","itemListElement":[{"@type":"ListItem","position":1,"name":"Hem","item":"https:\/\/swedishnannycompany.se\/sv\/"},{"@type":"ListItem","position":2,"name":"Nanny","item":"https:\/\/swedishnannycompany.se\/sv\/nanny\/"},{"@type":"ListItem","position":3,"name":"S\u00e5 ans\u00f6ker du"}]},{"@type":"WebSite","@id":"https:\/\/swedishnannycompany.se\/sv\/#website","url":"https:\/\/swedishnannycompany.se\/sv\/","name":"The Swedish Nanny Company","description":"With your child in mind","publisher":{"@id":"https:\/\/swedishnannycompany.se\/sv\/#organization"},"potentialAction":[{"@type":"SearchAction","target":{"@type":"EntryPoint","urlTemplate":"https:\/\/swedishnannycompany.se\/sv\/?s={search_term_string}"},"query-input":{"@type":"PropertyValueSpecification","valueRequired":true,"valueName":"search_term_string"}}],"inLanguage":"sv-SE"},{"@type":"Organization","@id":"https:\/\/swedishnannycompany.se\/sv\/#organization","name":"Swedish Nanny Company","url":"https:\/\/swedishnannycompany.se\/sv\/","logo":{"@type":"ImageObject","inLanguage":"sv-SE","@id":"https:\/\/swedishnannycompany.se\/sv\/#\/schema\/logo\/image\/","url":"https:\/\/swedishnannycompany.se\/wp-content\/uploads\/2019\/08\/logo.png","contentUrl":"https:\/\/swedishnannycompany.se\/wp-content\/uploads\/2019\/08\/logo.png","width":349,"height":174,"caption":"Swedish Nanny Company"},"image":{"@id":"https:\/\/swedishnannycompany.se\/sv\/#\/schema\/logo\/image\/"}}]}},"_links":{"self":[{"href":"https:\/\/swedishnannycompany.se\/sv\/wp-json\/wp\/v2\/pages\/516","targetHints":{"allow":["GET"]}}],"collection":[{"href":"https:\/\/swedishnannycompany.se\/sv\/wp-json\/wp\/v2\/pages"}],"about":[{"href":"https:\/\/swedishnannycompany.se\/sv\/wp-json\/wp\/v2\/types\/page"}],"author":[{"embeddable":true,"href":"https:\/\/swedishnannycompany.se\/sv\/wp-json\/wp\/v2\/users\/1"}],"replies":[{"embeddable":true,"href":"https:\/\/swedishnannycompany.se\/sv\/wp-json\/wp\/v2\/comments?post=516"}],"version-history":[{"count":0,"href":"https:\/\/swedishnannycompany.se\/sv\/wp-json\/wp\/v2\/pages\/516\/revisions"}],"up":[{"embeddable":true,"href":"https:\/\/swedishnannycompany.se\/sv\/wp-json\/wp\/v2\/pages\/382"}],"wp:attachment":[{"href":"https:\/\/swedishnannycompany.se\/sv\/wp-json\/wp\/v2\/media?parent=516"}],"curies":[{"name":"wp","href":"https:\/\/api.w.org\/{rel}","templated":true}]}}