{"id":515,"date":"2019-08-23T11:32:14","date_gmt":"2019-08-23T11:32:14","guid":{"rendered":"https:\/\/swedishnannycompany.co.uk\/?page_id=515"},"modified":"2019-10-23T13:17:25","modified_gmt":"2019-10-23T13:17:25","slug":"anvandbara-lankar","status":"publish","type":"page","link":"https:\/\/swedishnannycompany.se\/sv\/nanny\/anvandbara-lankar\/","title":{"rendered":"Anv\u00e4ndbara l\u00e4nkar"},"content":{"rendered":"\n<p> <\/p>\n\n\n\n<p>Upplev England p\u00e5 b\u00e4sta s\u00e4tt:<br><a href=\"http:\/\/www.londontown.com\/\">http:\/\/www.londontown.com\/<\/a><br><a href=\"http:\/\/www.visitlondon.com\/\">http:\/\/www.visitlondon.com\/<\/a><br><a href=\"http:\/\/www.visitbritain.com\/en\/SE\/\">http:\/\/www.visitbritain.com\/en\/SE\/<\/a><\/p>\n\n\n\n<p>Kom i kontakt med andra svenskar i London:<br><a href=\"http:\/\/londonsvenskar.com\/\">http:\/\/londonsvenskar.com<\/a><\/p>\n\n\n\n<p>Viktig information om skatter och sociala avgifter:<br><a href=\"https:\/\/www.nannytax.co.uk\/nannies\">https:\/\/www.nannytax.co.uk\/nannies<\/a><\/p>\n","protected":false},"excerpt":{"rendered":"<p>Upplev England p\u00e5 b\u00e4sta s\u00e4tt:http:\/\/www.londontown.com\/http:\/\/www.visitlondon.com\/http:\/\/www.visitbritain.com\/en\/SE\/ Kom i kontakt med andra svenskar i London:http:\/\/londonsvenskar.com Viktig information om skatter och sociala avgifter:https:\/\/www.nannytax.co.uk\/nannies<\/p>\n","protected":false},"author":1,"featured_media":0,"parent":382,"menu_order":8,"comment_status":"closed","ping_status":"closed","template":"","meta":{"_acf_changed":false,"inline_featured_image":false,"footnotes":""},"class_list":["post-515","page","type-page","status-publish","hentry"],"acf":[],"yoast_head":"<!-- This site is optimized with the Yoast SEO plugin v27.0 - https:\/\/yoast.com\/product\/yoast-seo-wordpress\/ -->\n<title>Anv\u00e4ndbara l\u00e4nkar - The Swedish Nanny Company<\/title>\n<meta name=\"robots\" content=\"index, follow, max-snippet:-1, max-image-preview:large, max-video-preview:-1\" \/>\n<link rel=\"canonical\" href=\"https:\/\/swedishnannycompany.se\/sv\/nanny\/anvandbara-lankar\/\" \/>\n<meta property=\"og:locale\" content=\"sv_SE\" \/>\n<meta property=\"og:type\" content=\"article\" \/>\n<meta property=\"og:title\" content=\"Anv\u00e4ndbara l\u00e4nkar - The Swedish Nanny Company\" \/>\n<meta property=\"og:description\" content=\"Upplev England p\u00e5 b\u00e4sta s\u00e4tt:http:\/\/www.londontown.com\/http:\/\/www.visitlondon.com\/http:\/\/www.visitbritain.com\/en\/SE\/ Kom i kontakt med andra svenskar i London:http:\/\/londonsvenskar.com Viktig information om skatter och sociala avgifter:https:\/\/www.nannytax.co.uk\/nannies\" \/>\n<meta property=\"og:url\" content=\"https:\/\/swedishnannycompany.se\/sv\/nanny\/anvandbara-lankar\/\" \/>\n<meta property=\"og:site_name\" content=\"The Swedish Nanny Company\" \/>\n<meta property=\"article:modified_time\" content=\"2019-10-23T13:17:25+00:00\" \/>\n<meta name=\"twitter:card\" content=\"summary_large_image\" \/>\n<script type=\"application\/ld+json\" class=\"yoast-schema-graph\">{\"@context\":\"https:\/\/schema.org\",\"@graph\":[{\"@type\":\"WebPage\",\"@id\":\"https:\/\/swedishnannycompany.se\/sv\/nanny\/anvandbara-lankar\/\",\"url\":\"https:\/\/swedishnannycompany.se\/sv\/nanny\/anvandbara-lankar\/\",\"name\":\"Anv\u00e4ndbara l\u00e4nkar - The Swedish Nanny Company\",\"isPartOf\":{\"@id\":\"https:\/\/swedishnannycompany.se\/sv\/#website\"},\"datePublished\":\"2019-08-23T11:32:14+00:00\",\"dateModified\":\"2019-10-23T13:17:25+00:00\",\"breadcrumb\":{\"@id\":\"https:\/\/swedishnannycompany.se\/sv\/nanny\/anvandbara-lankar\/#breadcrumb\"},\"inLanguage\":\"sv-SE\",\"potentialAction\":[{\"@type\":\"ReadAction\",\"target\":[\"https:\/\/swedishnannycompany.se\/sv\/nanny\/anvandbara-lankar\/\"]}]},{\"@type\":\"BreadcrumbList\",\"@id\":\"https:\/\/swedishnannycompany.se\/sv\/nanny\/anvandbara-lankar\/#breadcrumb\",\"itemListElement\":[{\"@type\":\"ListItem\",\"position\":1,\"name\":\"Hem\",\"item\":\"https:\/\/swedishnannycompany.se\/sv\/\"},{\"@type\":\"ListItem\",\"position\":2,\"name\":\"Nanny\",\"item\":\"https:\/\/swedishnannycompany.se\/sv\/nanny\/\"},{\"@type\":\"ListItem\",\"position\":3,\"name\":\"Anv\u00e4ndbara l\u00e4nkar\"}]},{\"@type\":\"WebSite\",\"@id\":\"https:\/\/swedishnannycompany.se\/sv\/#website\",\"url\":\"https:\/\/swedishnannycompany.se\/sv\/\",\"name\":\"The Swedish Nanny Company\",\"description\":\"With your child in mind\",\"publisher\":{\"@id\":\"https:\/\/swedishnannycompany.se\/sv\/#organization\"},\"potentialAction\":[{\"@type\":\"SearchAction\",\"target\":{\"@type\":\"EntryPoint\",\"urlTemplate\":\"https:\/\/swedishnannycompany.se\/sv\/?s={search_term_string}\"},\"query-input\":{\"@type\":\"PropertyValueSpecification\",\"valueRequired\":true,\"valueName\":\"search_term_string\"}}],\"inLanguage\":\"sv-SE\"},{\"@type\":\"Organization\",\"@id\":\"https:\/\/swedishnannycompany.se\/sv\/#organization\",\"name\":\"Swedish Nanny Company\",\"url\":\"https:\/\/swedishnannycompany.se\/sv\/\",\"logo\":{\"@type\":\"ImageObject\",\"inLanguage\":\"sv-SE\",\"@id\":\"https:\/\/swedishnannycompany.se\/sv\/#\/schema\/logo\/image\/\",\"url\":\"https:\/\/swedishnannycompany.se\/wp-content\/uploads\/2019\/08\/logo.png\",\"contentUrl\":\"https:\/\/swedishnannycompany.se\/wp-content\/uploads\/2019\/08\/logo.png\",\"width\":349,\"height\":174,\"caption\":\"Swedish Nanny Company\"},\"image\":{\"@id\":\"https:\/\/swedishnannycompany.se\/sv\/#\/schema\/logo\/image\/\"}}]}<\/script>\n<!-- \/ Yoast SEO plugin. -->","yoast_head_json":{"title":"Anv\u00e4ndbara l\u00e4nkar - The Swedish Nanny Company","robots":{"index":"index","follow":"follow","max-snippet":"max-snippet:-1","max-image-preview":"max-image-preview:large","max-video-preview":"max-video-preview:-1"},"canonical":"https:\/\/swedishnannycompany.se\/sv\/nanny\/anvandbara-lankar\/","og_locale":"sv_SE","og_type":"article","og_title":"Anv\u00e4ndbara l\u00e4nkar - The Swedish Nanny Company","og_description":"Upplev England p\u00e5 b\u00e4sta s\u00e4tt:http:\/\/www.londontown.com\/http:\/\/www.visitlondon.com\/http:\/\/www.visitbritain.com\/en\/SE\/ Kom i kontakt med andra svenskar i London:http:\/\/londonsvenskar.com Viktig information om skatter och sociala avgifter:https:\/\/www.nannytax.co.uk\/nannies","og_url":"https:\/\/swedishnannycompany.se\/sv\/nanny\/anvandbara-lankar\/","og_site_name":"The Swedish Nanny Company","article_modified_time":"2019-10-23T13:17:25+00:00","twitter_card":"summary_large_image","schema":{"@context":"https:\/\/schema.org","@graph":[{"@type":"WebPage","@id":"https:\/\/swedishnannycompany.se\/sv\/nanny\/anvandbara-lankar\/","url":"https:\/\/swedishnannycompany.se\/sv\/nanny\/anvandbara-lankar\/","name":"Anv\u00e4ndbara l\u00e4nkar - The Swedish Nanny Company","isPartOf":{"@id":"https:\/\/swedishnannycompany.se\/sv\/#website"},"datePublished":"2019-08-23T11:32:14+00:00","dateModified":"2019-10-23T13:17:25+00:00","breadcrumb":{"@id":"https:\/\/swedishnannycompany.se\/sv\/nanny\/anvandbara-lankar\/#breadcrumb"},"inLanguage":"sv-SE","potentialAction":[{"@type":"ReadAction","target":["https:\/\/swedishnannycompany.se\/sv\/nanny\/anvandbara-lankar\/"]}]},{"@type":"BreadcrumbList","@id":"https:\/\/swedishnannycompany.se\/sv\/nanny\/anvandbara-lankar\/#breadcrumb","itemListElement":[{"@type":"ListItem","position":1,"name":"Hem","item":"https:\/\/swedishnannycompany.se\/sv\/"},{"@type":"ListItem","position":2,"name":"Nanny","item":"https:\/\/swedishnannycompany.se\/sv\/nanny\/"},{"@type":"ListItem","position":3,"name":"Anv\u00e4ndbara l\u00e4nkar"}]},{"@type":"WebSite","@id":"https:\/\/swedishnannycompany.se\/sv\/#website","url":"https:\/\/swedishnannycompany.se\/sv\/","name":"The Swedish Nanny Company","description":"With your child in mind","publisher":{"@id":"https:\/\/swedishnannycompany.se\/sv\/#organization"},"potentialAction":[{"@type":"SearchAction","target":{"@type":"EntryPoint","urlTemplate":"https:\/\/swedishnannycompany.se\/sv\/?s={search_term_string}"},"query-input":{"@type":"PropertyValueSpecification","valueRequired":true,"valueName":"search_term_string"}}],"inLanguage":"sv-SE"},{"@type":"Organization","@id":"https:\/\/swedishnannycompany.se\/sv\/#organization","name":"Swedish Nanny Company","url":"https:\/\/swedishnannycompany.se\/sv\/","logo":{"@type":"ImageObject","inLanguage":"sv-SE","@id":"https:\/\/swedishnannycompany.se\/sv\/#\/schema\/logo\/image\/","url":"https:\/\/swedishnannycompany.se\/wp-content\/uploads\/2019\/08\/logo.png","contentUrl":"https:\/\/swedishnannycompany.se\/wp-content\/uploads\/2019\/08\/logo.png","width":349,"height":174,"caption":"Swedish Nanny Company"},"image":{"@id":"https:\/\/swedishnannycompany.se\/sv\/#\/schema\/logo\/image\/"}}]}},"_links":{"self":[{"href":"https:\/\/swedishnannycompany.se\/sv\/wp-json\/wp\/v2\/pages\/515","targetHints":{"allow":["GET"]}}],"collection":[{"href":"https:\/\/swedishnannycompany.se\/sv\/wp-json\/wp\/v2\/pages"}],"about":[{"href":"https:\/\/swedishnannycompany.se\/sv\/wp-json\/wp\/v2\/types\/page"}],"author":[{"embeddable":true,"href":"https:\/\/swedishnannycompany.se\/sv\/wp-json\/wp\/v2\/users\/1"}],"replies":[{"embeddable":true,"href":"https:\/\/swedishnannycompany.se\/sv\/wp-json\/wp\/v2\/comments?post=515"}],"version-history":[{"count":0,"href":"https:\/\/swedishnannycompany.se\/sv\/wp-json\/wp\/v2\/pages\/515\/revisions"}],"up":[{"embeddable":true,"href":"https:\/\/swedishnannycompany.se\/sv\/wp-json\/wp\/v2\/pages\/382"}],"wp:attachment":[{"href":"https:\/\/swedishnannycompany.se\/sv\/wp-json\/wp\/v2\/media?parent=515"}],"curies":[{"name":"wp","href":"https:\/\/api.w.org\/{rel}","templated":true}]}}