{"id":513,"date":"2019-08-23T11:28:20","date_gmt":"2019-08-23T11:28:20","guid":{"rendered":"https:\/\/swedishnannycompany.co.uk\/?page_id=513"},"modified":"2022-03-18T09:42:02","modified_gmt":"2022-03-18T09:42:02","slug":"hur-vi-gar-till-vaga","status":"publish","type":"page","link":"https:\/\/swedishnannycompany.se\/sv\/nanny\/hur-vi-gar-till-vaga\/","title":{"rendered":"Hur vi g\u00e5r till v\u00e4ga"},"content":{"rendered":"\n<p>F\u00f6lj i v\u00e5ra fotsteg medan vi guidar dig genom processen om hur vi g\u00e5r till v\u00e4ga f\u00f6r att hitta dr\u00f6mjobbet \u00e5t dig!<\/p>\n\n\n\n<ol class=\"wp-block-list\"><li>Steg 1\u00a0\u00a0\u00a0\u00a0 Skicka in ditt CV till oss p\u00e5 info@swedishnannycompany.co.uk <\/li><li>Steg 2\u00a0\u00a0\u00a0\u00a0 N\u00e4r vi f\u00e5tt in och har l\u00e4st igenom ditt CV eller din ans\u00f6kan s\u00e5 \u00e5terkommer vi till dig med en inbjudan till intervju, antingen via FaceTime, Skype eller f\u00f6r ett personligt m\u00f6te om m\u00f6jlighet finnes, s\u00e5 att vi kan l\u00e4ra k\u00e4nna dig lite b\u00e4ttre och f\u00e5r en inblick i dina erfarenheter och meriter av att jobba med barn. <\/li><li>Steg 3\u00a0\u00a0\u00a0\u00a0 Om intervjun ans\u00e5gs som lyckad och vi best\u00e4mmer oss f\u00f6r att g\u00e5 vidare med s\u00f6kandet efter det perfekta jobbet \u00e5t dig, kommer vi att be dig att l\u00e4mna tv\u00e5 referenser f\u00f6r oss att kontakta samt l\u00e4mna in ett utdrag ur belastningsregistret. Vi kommer \u00e4ven be dig att skriva ihop ett introduktionsbrev\/personligt brev som \u00e4r mer riktat till en nanny-pedagog tj\u00e4nst, antingen p\u00e5 svenska eller engelska beroende p\u00e5 familj, s\u00e5 att vi sedan kan s\u00e4tta ihop en Kandidat Profil inneh\u00e5llande ditt CV och brev att skicka till dem.<\/li><\/ol>\n\n\n\n<p class=\"has-text-align-center\"><strong>Observera att du inte \u00e4r fullt registrerad hos oss f\u00f6rr\u00e4n vi har f\u00e5tt ditt utdrag ur belastningsregistret och kontrollerat dina referenser och kvalifikationer ordentligt.<\/strong><\/p>\n\n\n\n<ol class=\"wp-block-list\"><li>Steg 4&nbsp;&nbsp;&nbsp;&nbsp; N\u00e4r vi har gjort referenstagning och du \u00e4r fullt registrerad och vi har din Profil klar b\u00f6rjar vi matcha dina meriter och f\u00f6rv\u00e4ntningar med familjerna, och s\u00e5 snart vi har hittat en familj som du gillar s\u00e5 kommer vi att skicka dem din Profil. Om de \u00e4r intresserade av dig kommer vi att ordna en intervju med familjen. Intervjun kommer att ske via telefon eller Skype\/FaceTime eller i person beroende p\u00e5 vad du och familjen f\u00f6redrar och om det finns m\u00f6jlighet att tr\u00e4ffas f\u00f6r ett personligt m\u00f6te. <\/li><li>Steg 5&nbsp;&nbsp;&nbsp;&nbsp; Vi f\u00f6ljer alltid upp med dig med ett samtal efter intervjun, f\u00f6r att h\u00f6ra hur du tyckte att den gick. Din feedback \u00e4r en viktig del av v\u00e5r process.<\/li><li>Steg 6&nbsp;&nbsp;&nbsp;&nbsp; Om intervjun med familjen ans\u00e5gs lyckad och du har blivit erbjuden anst\u00e4llning &#8211; grattis! Om familjen och du best\u00e4mmer er f\u00f6r att g\u00e5 vidare med en andra intervju och ni best\u00e4mmer efter det att ni vill tr\u00e4ffas s\u00e5 kan vi rekommendera att ni tillsammans best\u00e4mmer vilka steg som k\u00e4nns b\u00e4st f\u00f6r b\u00e5da parter. <\/li><\/ol>\n\n\n\n<p class=\"has-text-align-center\"><strong>N\u00e4r du f\u00e5tt ett erbjudande om anst\u00e4llning, antingen muntligt eller skriftligt, kan vi kalla matchningen en succ\u00e9!<\/strong><\/p>\n","protected":false},"excerpt":{"rendered":"<p>F\u00f6lj i v\u00e5ra fotsteg medan vi guidar dig genom processen om hur vi g\u00e5r till v\u00e4ga f\u00f6r att hitta dr\u00f6mjobbet&#8230;<\/p>\n","protected":false},"author":1,"featured_media":0,"parent":382,"menu_order":7,"comment_status":"closed","ping_status":"closed","template":"","meta":{"_acf_changed":false,"inline_featured_image":false,"footnotes":""},"class_list":["post-513","page","type-page","status-publish","hentry"],"acf":[],"yoast_head":"<!-- This site is optimized with the Yoast SEO plugin v27.0 - https:\/\/yoast.com\/product\/yoast-seo-wordpress\/ -->\n<title>Hur vi g\u00e5r till v\u00e4ga - The Swedish Nanny Company<\/title>\n<meta name=\"robots\" content=\"index, follow, max-snippet:-1, max-image-preview:large, max-video-preview:-1\" \/>\n<link rel=\"canonical\" href=\"https:\/\/swedishnannycompany.se\/sv\/nanny\/hur-vi-gar-till-vaga\/\" \/>\n<meta property=\"og:locale\" content=\"sv_SE\" \/>\n<meta property=\"og:type\" content=\"article\" \/>\n<meta property=\"og:title\" content=\"Hur vi g\u00e5r till v\u00e4ga - The Swedish Nanny Company\" \/>\n<meta property=\"og:description\" content=\"F\u00f6lj i v\u00e5ra fotsteg medan vi guidar dig genom processen om hur vi g\u00e5r till v\u00e4ga f\u00f6r att hitta dr\u00f6mjobbet...\" \/>\n<meta property=\"og:url\" content=\"https:\/\/swedishnannycompany.se\/sv\/nanny\/hur-vi-gar-till-vaga\/\" \/>\n<meta property=\"og:site_name\" content=\"The Swedish Nanny Company\" \/>\n<meta property=\"article:modified_time\" content=\"2022-03-18T09:42:02+00:00\" \/>\n<meta name=\"twitter:card\" content=\"summary_large_image\" \/>\n<meta name=\"twitter:label1\" content=\"Ber\u00e4knad l\u00e4stid\" \/>\n\t<meta name=\"twitter:data1\" content=\"2 minuter\" \/>\n<script type=\"application\/ld+json\" class=\"yoast-schema-graph\">{\"@context\":\"https:\/\/schema.org\",\"@graph\":[{\"@type\":\"WebPage\",\"@id\":\"https:\/\/swedishnannycompany.se\/sv\/nanny\/hur-vi-gar-till-vaga\/\",\"url\":\"https:\/\/swedishnannycompany.se\/sv\/nanny\/hur-vi-gar-till-vaga\/\",\"name\":\"Hur vi g\u00e5r till v\u00e4ga - The Swedish Nanny Company\",\"isPartOf\":{\"@id\":\"https:\/\/swedishnannycompany.se\/sv\/#website\"},\"datePublished\":\"2019-08-23T11:28:20+00:00\",\"dateModified\":\"2022-03-18T09:42:02+00:00\",\"breadcrumb\":{\"@id\":\"https:\/\/swedishnannycompany.se\/sv\/nanny\/hur-vi-gar-till-vaga\/#breadcrumb\"},\"inLanguage\":\"sv-SE\",\"potentialAction\":[{\"@type\":\"ReadAction\",\"target\":[\"https:\/\/swedishnannycompany.se\/sv\/nanny\/hur-vi-gar-till-vaga\/\"]}]},{\"@type\":\"BreadcrumbList\",\"@id\":\"https:\/\/swedishnannycompany.se\/sv\/nanny\/hur-vi-gar-till-vaga\/#breadcrumb\",\"itemListElement\":[{\"@type\":\"ListItem\",\"position\":1,\"name\":\"Hem\",\"item\":\"https:\/\/swedishnannycompany.se\/sv\/\"},{\"@type\":\"ListItem\",\"position\":2,\"name\":\"Nanny\",\"item\":\"https:\/\/swedishnannycompany.se\/sv\/nanny\/\"},{\"@type\":\"ListItem\",\"position\":3,\"name\":\"Hur vi g\u00e5r till v\u00e4ga\"}]},{\"@type\":\"WebSite\",\"@id\":\"https:\/\/swedishnannycompany.se\/sv\/#website\",\"url\":\"https:\/\/swedishnannycompany.se\/sv\/\",\"name\":\"The Swedish Nanny Company\",\"description\":\"With your child in mind\",\"publisher\":{\"@id\":\"https:\/\/swedishnannycompany.se\/sv\/#organization\"},\"potentialAction\":[{\"@type\":\"SearchAction\",\"target\":{\"@type\":\"EntryPoint\",\"urlTemplate\":\"https:\/\/swedishnannycompany.se\/sv\/?s={search_term_string}\"},\"query-input\":{\"@type\":\"PropertyValueSpecification\",\"valueRequired\":true,\"valueName\":\"search_term_string\"}}],\"inLanguage\":\"sv-SE\"},{\"@type\":\"Organization\",\"@id\":\"https:\/\/swedishnannycompany.se\/sv\/#organization\",\"name\":\"Swedish Nanny Company\",\"url\":\"https:\/\/swedishnannycompany.se\/sv\/\",\"logo\":{\"@type\":\"ImageObject\",\"inLanguage\":\"sv-SE\",\"@id\":\"https:\/\/swedishnannycompany.se\/sv\/#\/schema\/logo\/image\/\",\"url\":\"https:\/\/swedishnannycompany.se\/wp-content\/uploads\/2019\/08\/logo.png\",\"contentUrl\":\"https:\/\/swedishnannycompany.se\/wp-content\/uploads\/2019\/08\/logo.png\",\"width\":349,\"height\":174,\"caption\":\"Swedish Nanny Company\"},\"image\":{\"@id\":\"https:\/\/swedishnannycompany.se\/sv\/#\/schema\/logo\/image\/\"}}]}<\/script>\n<!-- \/ Yoast SEO plugin. -->","yoast_head_json":{"title":"Hur vi g\u00e5r till v\u00e4ga - The Swedish Nanny Company","robots":{"index":"index","follow":"follow","max-snippet":"max-snippet:-1","max-image-preview":"max-image-preview:large","max-video-preview":"max-video-preview:-1"},"canonical":"https:\/\/swedishnannycompany.se\/sv\/nanny\/hur-vi-gar-till-vaga\/","og_locale":"sv_SE","og_type":"article","og_title":"Hur vi g\u00e5r till v\u00e4ga - The Swedish Nanny Company","og_description":"F\u00f6lj i v\u00e5ra fotsteg medan vi guidar dig genom processen om hur vi g\u00e5r till v\u00e4ga f\u00f6r att hitta dr\u00f6mjobbet...","og_url":"https:\/\/swedishnannycompany.se\/sv\/nanny\/hur-vi-gar-till-vaga\/","og_site_name":"The Swedish Nanny Company","article_modified_time":"2022-03-18T09:42:02+00:00","twitter_card":"summary_large_image","twitter_misc":{"Ber\u00e4knad l\u00e4stid":"2 minuter"},"schema":{"@context":"https:\/\/schema.org","@graph":[{"@type":"WebPage","@id":"https:\/\/swedishnannycompany.se\/sv\/nanny\/hur-vi-gar-till-vaga\/","url":"https:\/\/swedishnannycompany.se\/sv\/nanny\/hur-vi-gar-till-vaga\/","name":"Hur vi g\u00e5r till v\u00e4ga - The Swedish Nanny Company","isPartOf":{"@id":"https:\/\/swedishnannycompany.se\/sv\/#website"},"datePublished":"2019-08-23T11:28:20+00:00","dateModified":"2022-03-18T09:42:02+00:00","breadcrumb":{"@id":"https:\/\/swedishnannycompany.se\/sv\/nanny\/hur-vi-gar-till-vaga\/#breadcrumb"},"inLanguage":"sv-SE","potentialAction":[{"@type":"ReadAction","target":["https:\/\/swedishnannycompany.se\/sv\/nanny\/hur-vi-gar-till-vaga\/"]}]},{"@type":"BreadcrumbList","@id":"https:\/\/swedishnannycompany.se\/sv\/nanny\/hur-vi-gar-till-vaga\/#breadcrumb","itemListElement":[{"@type":"ListItem","position":1,"name":"Hem","item":"https:\/\/swedishnannycompany.se\/sv\/"},{"@type":"ListItem","position":2,"name":"Nanny","item":"https:\/\/swedishnannycompany.se\/sv\/nanny\/"},{"@type":"ListItem","position":3,"name":"Hur vi g\u00e5r till v\u00e4ga"}]},{"@type":"WebSite","@id":"https:\/\/swedishnannycompany.se\/sv\/#website","url":"https:\/\/swedishnannycompany.se\/sv\/","name":"The Swedish Nanny Company","description":"With your child in mind","publisher":{"@id":"https:\/\/swedishnannycompany.se\/sv\/#organization"},"potentialAction":[{"@type":"SearchAction","target":{"@type":"EntryPoint","urlTemplate":"https:\/\/swedishnannycompany.se\/sv\/?s={search_term_string}"},"query-input":{"@type":"PropertyValueSpecification","valueRequired":true,"valueName":"search_term_string"}}],"inLanguage":"sv-SE"},{"@type":"Organization","@id":"https:\/\/swedishnannycompany.se\/sv\/#organization","name":"Swedish Nanny Company","url":"https:\/\/swedishnannycompany.se\/sv\/","logo":{"@type":"ImageObject","inLanguage":"sv-SE","@id":"https:\/\/swedishnannycompany.se\/sv\/#\/schema\/logo\/image\/","url":"https:\/\/swedishnannycompany.se\/wp-content\/uploads\/2019\/08\/logo.png","contentUrl":"https:\/\/swedishnannycompany.se\/wp-content\/uploads\/2019\/08\/logo.png","width":349,"height":174,"caption":"Swedish Nanny Company"},"image":{"@id":"https:\/\/swedishnannycompany.se\/sv\/#\/schema\/logo\/image\/"}}]}},"_links":{"self":[{"href":"https:\/\/swedishnannycompany.se\/sv\/wp-json\/wp\/v2\/pages\/513","targetHints":{"allow":["GET"]}}],"collection":[{"href":"https:\/\/swedishnannycompany.se\/sv\/wp-json\/wp\/v2\/pages"}],"about":[{"href":"https:\/\/swedishnannycompany.se\/sv\/wp-json\/wp\/v2\/types\/page"}],"author":[{"embeddable":true,"href":"https:\/\/swedishnannycompany.se\/sv\/wp-json\/wp\/v2\/users\/1"}],"replies":[{"embeddable":true,"href":"https:\/\/swedishnannycompany.se\/sv\/wp-json\/wp\/v2\/comments?post=513"}],"version-history":[{"count":0,"href":"https:\/\/swedishnannycompany.se\/sv\/wp-json\/wp\/v2\/pages\/513\/revisions"}],"up":[{"embeddable":true,"href":"https:\/\/swedishnannycompany.se\/sv\/wp-json\/wp\/v2\/pages\/382"}],"wp:attachment":[{"href":"https:\/\/swedishnannycompany.se\/sv\/wp-json\/wp\/v2\/media?parent=513"}],"curies":[{"name":"wp","href":"https:\/\/api.w.org\/{rel}","templated":true}]}}