{"id":511,"date":"2019-08-23T11:26:23","date_gmt":"2019-08-23T11:26:23","guid":{"rendered":"https:\/\/swedishnannycompany.co.uk\/?page_id=511"},"modified":"2019-10-23T13:15:38","modified_gmt":"2019-10-23T13:15:38","slug":"live-in-eller-live-out","status":"publish","type":"page","link":"https:\/\/swedishnannycompany.se\/sv\/nanny\/live-in-eller-live-out\/","title":{"rendered":"Live-in eller live-out?"},"content":{"rendered":"\n<p>Det finns tv\u00e5 typer av anst\u00e4llningar som du som nanny kan v\u00e4lja mellan. Antingen kan du jobba som live-in nanny, vilket inneb\u00e4r att familjen erbjuder dig boende och mat (f\u00f6r en l\u00e4gre l\u00f6n) eller s\u00e5 kan du jobba som live-out nanny, en s.k. daglig nanny, vilket inneb\u00e4r att du kommer till familjens hem f\u00f6r att jobba varje arbetsdag.<\/p>\n\n\n\n<h2 class=\"wp-block-heading\">Live-in nanny<\/h2>\n\n\n\n<p>En live-in nanny \u00e4r inneboende hos familjen som anst\u00e4llt henne\/honom och arbetar oftast heltid, vanligen mellan 40-50 timmar, fem dagar i veckan. Nannyn f\u00f6rses med ett eget rum (som vanligtvis har en TV) och badrum, eller i vissa fall en separat nannyl\u00e4genhet. Som live-in nanny betalas ocks\u00e5 maten av arbetsgivaren. L\u00f6nen blir s\u00e5klart l\u00e4gre f\u00f6r en live-in nanny eftersom boende och mat ing\u00e5r som en del av l\u00f6nen. Helger \u00e4r oftast lediga, men vissa familjer kommer att f\u00f6rv\u00e4nta sig att du \u00e4r barnvakt 1-2 kv\u00e4llar i veckan, vilket \u00e4r vanligt f\u00f6rekommande eftersom det ofta \u00e4r inr\u00e4knat i veckol\u00f6nen. Att jobba som Live-in nanny \u00e4r ett bra alternativ om du kommer f\u00f6r att jobba och bo i London f\u00f6r f\u00f6rsta g\u00e5ngen.<\/p>\n\n\n\n<p>Som en live-in nanny f\u00f6rv\u00e4ntas du vara ansvarig f\u00f6r alla arbetsuppgifter r\u00f6rande barnen. Du f\u00f6rv\u00e4ntas inte g\u00f6ra n\u00e5gra hush\u00e5llssysslor, st\u00e4dning eller matlagning f\u00f6r familjen.<\/p>\n\n\n\n<p>Live-in nannyn kan antingen ansvara sj\u00e4lv f\u00f6r barnet (sole charge), n\u00e4r b\u00e5da f\u00f6r\u00e4ldrarna arbetar heltid. Man kan ocks\u00e5 ha delat ansvar (shared charge), d\u00e5 man som nanny f\u00f6rv\u00e4ntas arbeta tillsammans med f\u00f6r\u00e4ldrarna eller om en f\u00f6r\u00e4lder arbetar hemifr\u00e5n.<\/p>\n\n\n\n<h2 class=\"wp-block-heading\">Live-out nanny \/ Daglig nanny<\/h2>\n\n\n\n<p>Som live-out\/daglig nanny bor du inte med familjen utan kommer i st\u00e4llet till familjens hem varje arbetsdag f\u00f6r att jobba. Den ordinarie arbetstiden f\u00f6r en daglig nanny \u00e4r oftast 10 timmar per dag (m\u00e5ndag till fredag, vanligtvis mellan 8-18). Dagliga nannies f\u00f6rv\u00e4ntas inte sitta barnvakt om kv\u00e4llarna som en del av sin l\u00f6n, men kan g\u00f6ra det mot extra betalning om en \u00f6verenskommelse tr\u00e4ffats i f\u00f6rv\u00e4g.<\/p>\n\n\n\n<p>Som en daglig nanny f\u00f6rv\u00e4ntas du vara ansvarig f\u00f6r alla arbetsuppgifter r\u00f6rande barnen. Du f\u00f6rv\u00e4ntas inte g\u00f6ra n\u00e5gra hush\u00e5llssysslor, st\u00e4dning eller matlagning f\u00f6r familjen.<\/p>\n\n\n\n<p>Live-out nannyn kan antingen ansvara sj\u00e4lv f\u00f6r barnet (sole charge), n\u00e4r b\u00e5da f\u00f6r\u00e4ldrarna arbetar heltid. Man kan ocks\u00e5 ha delat ansvar (shared charge), d\u00e5 du som nanny f\u00f6rv\u00e4ntas arbeta tillsammans med f\u00f6r\u00e4ldrarna eller om en f\u00f6r\u00e4lder arbetar hemifr\u00e5n.<\/p>\n","protected":false},"excerpt":{"rendered":"<p>Det finns tv\u00e5 typer av anst\u00e4llningar som du som nanny kan v\u00e4lja mellan. Antingen kan du jobba som live-in nanny,&#8230;<\/p>\n","protected":false},"author":1,"featured_media":0,"parent":382,"menu_order":5,"comment_status":"closed","ping_status":"closed","template":"","meta":{"_acf_changed":false,"inline_featured_image":false,"footnotes":""},"class_list":["post-511","page","type-page","status-publish","hentry"],"acf":[],"yoast_head":"<!-- This site is optimized with the Yoast SEO plugin v27.0 - https:\/\/yoast.com\/product\/yoast-seo-wordpress\/ -->\n<title>Live-in eller live-out? - The Swedish Nanny Company<\/title>\n<meta name=\"robots\" content=\"index, follow, max-snippet:-1, max-image-preview:large, max-video-preview:-1\" \/>\n<link rel=\"canonical\" href=\"https:\/\/swedishnannycompany.se\/sv\/nanny\/live-in-eller-live-out\/\" \/>\n<meta property=\"og:locale\" content=\"sv_SE\" \/>\n<meta property=\"og:type\" content=\"article\" \/>\n<meta property=\"og:title\" content=\"Live-in eller live-out? - The Swedish Nanny Company\" \/>\n<meta property=\"og:description\" content=\"Det finns tv\u00e5 typer av anst\u00e4llningar som du som nanny kan v\u00e4lja mellan. Antingen kan du jobba som live-in nanny,...\" \/>\n<meta property=\"og:url\" content=\"https:\/\/swedishnannycompany.se\/sv\/nanny\/live-in-eller-live-out\/\" \/>\n<meta property=\"og:site_name\" content=\"The Swedish Nanny Company\" \/>\n<meta property=\"article:modified_time\" content=\"2019-10-23T13:15:38+00:00\" \/>\n<meta name=\"twitter:card\" content=\"summary_large_image\" \/>\n<meta name=\"twitter:label1\" content=\"Ber\u00e4knad l\u00e4stid\" \/>\n\t<meta name=\"twitter:data1\" content=\"2 minuter\" \/>\n<script type=\"application\/ld+json\" class=\"yoast-schema-graph\">{\"@context\":\"https:\/\/schema.org\",\"@graph\":[{\"@type\":\"WebPage\",\"@id\":\"https:\/\/swedishnannycompany.se\/sv\/nanny\/live-in-eller-live-out\/\",\"url\":\"https:\/\/swedishnannycompany.se\/sv\/nanny\/live-in-eller-live-out\/\",\"name\":\"Live-in eller live-out? - The Swedish Nanny Company\",\"isPartOf\":{\"@id\":\"https:\/\/swedishnannycompany.se\/sv\/#website\"},\"datePublished\":\"2019-08-23T11:26:23+00:00\",\"dateModified\":\"2019-10-23T13:15:38+00:00\",\"breadcrumb\":{\"@id\":\"https:\/\/swedishnannycompany.se\/sv\/nanny\/live-in-eller-live-out\/#breadcrumb\"},\"inLanguage\":\"sv-SE\",\"potentialAction\":[{\"@type\":\"ReadAction\",\"target\":[\"https:\/\/swedishnannycompany.se\/sv\/nanny\/live-in-eller-live-out\/\"]}]},{\"@type\":\"BreadcrumbList\",\"@id\":\"https:\/\/swedishnannycompany.se\/sv\/nanny\/live-in-eller-live-out\/#breadcrumb\",\"itemListElement\":[{\"@type\":\"ListItem\",\"position\":1,\"name\":\"Hem\",\"item\":\"https:\/\/swedishnannycompany.se\/sv\/\"},{\"@type\":\"ListItem\",\"position\":2,\"name\":\"Nanny\",\"item\":\"https:\/\/swedishnannycompany.se\/sv\/nanny\/\"},{\"@type\":\"ListItem\",\"position\":3,\"name\":\"Live-in eller live-out?\"}]},{\"@type\":\"WebSite\",\"@id\":\"https:\/\/swedishnannycompany.se\/sv\/#website\",\"url\":\"https:\/\/swedishnannycompany.se\/sv\/\",\"name\":\"The Swedish Nanny Company\",\"description\":\"With your child in mind\",\"publisher\":{\"@id\":\"https:\/\/swedishnannycompany.se\/sv\/#organization\"},\"potentialAction\":[{\"@type\":\"SearchAction\",\"target\":{\"@type\":\"EntryPoint\",\"urlTemplate\":\"https:\/\/swedishnannycompany.se\/sv\/?s={search_term_string}\"},\"query-input\":{\"@type\":\"PropertyValueSpecification\",\"valueRequired\":true,\"valueName\":\"search_term_string\"}}],\"inLanguage\":\"sv-SE\"},{\"@type\":\"Organization\",\"@id\":\"https:\/\/swedishnannycompany.se\/sv\/#organization\",\"name\":\"Swedish Nanny Company\",\"url\":\"https:\/\/swedishnannycompany.se\/sv\/\",\"logo\":{\"@type\":\"ImageObject\",\"inLanguage\":\"sv-SE\",\"@id\":\"https:\/\/swedishnannycompany.se\/sv\/#\/schema\/logo\/image\/\",\"url\":\"https:\/\/swedishnannycompany.se\/wp-content\/uploads\/2019\/08\/logo.png\",\"contentUrl\":\"https:\/\/swedishnannycompany.se\/wp-content\/uploads\/2019\/08\/logo.png\",\"width\":349,\"height\":174,\"caption\":\"Swedish Nanny Company\"},\"image\":{\"@id\":\"https:\/\/swedishnannycompany.se\/sv\/#\/schema\/logo\/image\/\"}}]}<\/script>\n<!-- \/ Yoast SEO plugin. -->","yoast_head_json":{"title":"Live-in eller live-out? - The Swedish Nanny Company","robots":{"index":"index","follow":"follow","max-snippet":"max-snippet:-1","max-image-preview":"max-image-preview:large","max-video-preview":"max-video-preview:-1"},"canonical":"https:\/\/swedishnannycompany.se\/sv\/nanny\/live-in-eller-live-out\/","og_locale":"sv_SE","og_type":"article","og_title":"Live-in eller live-out? - The Swedish Nanny Company","og_description":"Det finns tv\u00e5 typer av anst\u00e4llningar som du som nanny kan v\u00e4lja mellan. Antingen kan du jobba som live-in nanny,...","og_url":"https:\/\/swedishnannycompany.se\/sv\/nanny\/live-in-eller-live-out\/","og_site_name":"The Swedish Nanny Company","article_modified_time":"2019-10-23T13:15:38+00:00","twitter_card":"summary_large_image","twitter_misc":{"Ber\u00e4knad l\u00e4stid":"2 minuter"},"schema":{"@context":"https:\/\/schema.org","@graph":[{"@type":"WebPage","@id":"https:\/\/swedishnannycompany.se\/sv\/nanny\/live-in-eller-live-out\/","url":"https:\/\/swedishnannycompany.se\/sv\/nanny\/live-in-eller-live-out\/","name":"Live-in eller live-out? - The Swedish Nanny Company","isPartOf":{"@id":"https:\/\/swedishnannycompany.se\/sv\/#website"},"datePublished":"2019-08-23T11:26:23+00:00","dateModified":"2019-10-23T13:15:38+00:00","breadcrumb":{"@id":"https:\/\/swedishnannycompany.se\/sv\/nanny\/live-in-eller-live-out\/#breadcrumb"},"inLanguage":"sv-SE","potentialAction":[{"@type":"ReadAction","target":["https:\/\/swedishnannycompany.se\/sv\/nanny\/live-in-eller-live-out\/"]}]},{"@type":"BreadcrumbList","@id":"https:\/\/swedishnannycompany.se\/sv\/nanny\/live-in-eller-live-out\/#breadcrumb","itemListElement":[{"@type":"ListItem","position":1,"name":"Hem","item":"https:\/\/swedishnannycompany.se\/sv\/"},{"@type":"ListItem","position":2,"name":"Nanny","item":"https:\/\/swedishnannycompany.se\/sv\/nanny\/"},{"@type":"ListItem","position":3,"name":"Live-in eller live-out?"}]},{"@type":"WebSite","@id":"https:\/\/swedishnannycompany.se\/sv\/#website","url":"https:\/\/swedishnannycompany.se\/sv\/","name":"The Swedish Nanny Company","description":"With your child in mind","publisher":{"@id":"https:\/\/swedishnannycompany.se\/sv\/#organization"},"potentialAction":[{"@type":"SearchAction","target":{"@type":"EntryPoint","urlTemplate":"https:\/\/swedishnannycompany.se\/sv\/?s={search_term_string}"},"query-input":{"@type":"PropertyValueSpecification","valueRequired":true,"valueName":"search_term_string"}}],"inLanguage":"sv-SE"},{"@type":"Organization","@id":"https:\/\/swedishnannycompany.se\/sv\/#organization","name":"Swedish Nanny Company","url":"https:\/\/swedishnannycompany.se\/sv\/","logo":{"@type":"ImageObject","inLanguage":"sv-SE","@id":"https:\/\/swedishnannycompany.se\/sv\/#\/schema\/logo\/image\/","url":"https:\/\/swedishnannycompany.se\/wp-content\/uploads\/2019\/08\/logo.png","contentUrl":"https:\/\/swedishnannycompany.se\/wp-content\/uploads\/2019\/08\/logo.png","width":349,"height":174,"caption":"Swedish Nanny Company"},"image":{"@id":"https:\/\/swedishnannycompany.se\/sv\/#\/schema\/logo\/image\/"}}]}},"_links":{"self":[{"href":"https:\/\/swedishnannycompany.se\/sv\/wp-json\/wp\/v2\/pages\/511","targetHints":{"allow":["GET"]}}],"collection":[{"href":"https:\/\/swedishnannycompany.se\/sv\/wp-json\/wp\/v2\/pages"}],"about":[{"href":"https:\/\/swedishnannycompany.se\/sv\/wp-json\/wp\/v2\/types\/page"}],"author":[{"embeddable":true,"href":"https:\/\/swedishnannycompany.se\/sv\/wp-json\/wp\/v2\/users\/1"}],"replies":[{"embeddable":true,"href":"https:\/\/swedishnannycompany.se\/sv\/wp-json\/wp\/v2\/comments?post=511"}],"version-history":[{"count":0,"href":"https:\/\/swedishnannycompany.se\/sv\/wp-json\/wp\/v2\/pages\/511\/revisions"}],"up":[{"embeddable":true,"href":"https:\/\/swedishnannycompany.se\/sv\/wp-json\/wp\/v2\/pages\/382"}],"wp:attachment":[{"href":"https:\/\/swedishnannycompany.se\/sv\/wp-json\/wp\/v2\/media?parent=511"}],"curies":[{"name":"wp","href":"https:\/\/api.w.org\/{rel}","templated":true}]}}