{"id":508,"date":"2019-08-23T11:24:04","date_gmt":"2019-08-23T11:24:04","guid":{"rendered":"https:\/\/swedishnannycompany.co.uk\/?page_id=508"},"modified":"2022-01-04T09:59:37","modified_gmt":"2022-01-04T09:59:37","slug":"varfor-valja-var-formedling-the-swedish-nanny-company","status":"publish","type":"page","link":"https:\/\/swedishnannycompany.se\/sv\/nanny\/varfor-valja-var-formedling-the-swedish-nanny-company\/","title":{"rendered":"Varf\u00f6r v\u00e4lja v\u00e5r f\u00f6rmedling?"},"content":{"rendered":"\n<h2 class=\"wp-block-heading\">The Swedish Nanny Company<br><em>\u2013 vi har \u00e4ven v\u00e5ra nannies i \u00e5tanke<\/em><\/h2>\n\n\n\n<p>Det finns v\u00e4ldigt m\u00e5nga nannyf\u00f6rmedlingar\u00a0att v\u00e4lja p\u00e5 i dag &#8211; det \u00e4r en hel djungel d\u00e4rute! Hur ska man d\u00e5 veta vilken som \u00e4r den b\u00e4sta? Det vet man s\u00e4llan f\u00f6rr\u00e4n man registrerat sig och hur man blir bem\u00f6tt, inte bara under en intervju utan under en l\u00e4ngre period &#8211; och \u00e4ven om man kanske tackar nej till en position. Av erfarenhet vet vi att du l\u00e4tt kan k\u00e4nna dig som en i m\u00e4ngden om du registrerar dig med en f\u00f6rmedling\u00a0som har hundratals nannies och au-pairer under sina vingar. Det kan vara sk\u00f6nt att vara registrerad hos en f\u00f6rmedling\u00a0som vet vad du heter och som delar din gl\u00e4dje n\u00e4r du f\u00e5r det jobb du verkligen ville ha! Men \u00e4ven en f\u00f6rmedling som f\u00f6ljer upp f\u00f6r att h\u00f6ra hur du trivs i din anst\u00e4llning och som finns d\u00e4r f\u00f6r att st\u00f6tta \u00e4ven under p\u00e5b\u00f6rjad anst\u00e4llning.  <\/p>\n\n\n\n<h2 class=\"wp-block-heading\">Vi st\u00f6ttar dig l\u00e4ngs v\u00e4gen&#8230;<\/h2>\n\n\n\n<p>F\u00f6rdelen med oss \u00e4r att vi rekryterar och intervjuar fr\u00e4mst fr\u00e5n Sverige, vilket inneb\u00e4r att vi verkligen kan finnas till hands f\u00f6r dig redan fr\u00e5n start och st\u00f6tta dig l\u00e4ngs v\u00e4gen. Vi har sj\u00e4lva varit i din situation; tagit klivet fr\u00e5n bekv\u00e4mligheten i en anst\u00e4llning p\u00e5 f\u00f6rskola, och steget ut i v\u00e4rlden och kanske flyttat till ett annat land f\u00f6r att arbeta. Vi vet hur det k\u00e4nns att kn\u00e5pa ihop ett CV p\u00e5 ett annat spr\u00e5k och kanske \u00e5ngra varf\u00f6r man inte lyssnat b\u00e4ttre p\u00e5 engelskalektionerna om just grammatik samt funderat kring huruvida man ska ta med sig tv\u00e5 eller tre par gummist\u00f6vlar i flytten till London. Vi har \u00e4ven varit p\u00e5 v\u00e4g till intervjuer och \u00f6nskat att vi b\u00e5de s\u00e5g ut och k\u00e4nde oss som Mary Poppins. Men oroa dig inte, vi kan lova att allt kommer att vara v\u00e4l v\u00e4rt i slut\u00e4ndan! Den erfarenhet du kommer att f\u00e5 ut av hela \u00e4ventyret kommer f\u00f6rmodligen p\u00e5 n\u00e5got s\u00e4tt f\u00f6r\u00e4ndra ditt liv och, oavsett vad, s\u00e5 kommer du definitivt att v\u00e4xa som person genom att ta steget.<\/p>\n\n\n\n<h2 class=\"wp-block-heading\">&#8230; men ocks\u00e5 hela v\u00e4gen!<\/h2>\n\n\n\n<p>Eftersom v\u00e5r f\u00f6rmedling har lagt ner mycket arbete p\u00e5 att hitta de b\u00e4sta m\u00f6jliga kandidaterna s\u00e5 kommer vi, n\u00e4r vi v\u00e4l har hittat dig, att se till att du f\u00e5r b\u00e4sta m\u00f6jliga st\u00f6d av oss! Hos oss vill vi att du ska k\u00e4nna dig uppskattad, sedd och lyssnad p\u00e5. Det k\u00e4nns viktigt f\u00f6r oss. Eftersom vi sj\u00e4lva har varit i er situation s\u00e5 vet vi hur viktigt det \u00e4r att ha n\u00e5gon att v\u00e4nda sig till f\u00f6r att f\u00e5 r\u00e5d och st\u00f6d dels under sj\u00e4lva processen, men \u00e4ven efter att man b\u00f6rjat sin anst\u00e4llning. S\u00e5 lita p\u00e5 att vi kommer att finnas d\u00e4r f\u00f6r dig, och ge dig kontinuerligt st\u00f6d.<\/p>\n\n\n\n<p><\/p>\n\n\n\n<p><\/p>\n\n\n\n<p>F\u00f6rutom st\u00f6d och v\u00e4gledning kan The Swedish Nanny Company \u00e4ven erbjuda dig:<\/p>\n\n\n\n<ul class=\"wp-block-list\"><li>Ett personligt, glatt och v\u00e4nligt bem\u00f6tande &#8211; vi bem\u00f6ter dig s\u00e5 som vi sj\u00e4lva vill bli bem\u00f6tta!<\/li><li>Tillg\u00e4nglighet &#8211; vi g\u00f6r v\u00e5rt b\u00e4sta f\u00f6r att vara tillg\u00e4ngliga f\u00f6r dig, vare sig du befinner dig i Sverige eller i Storbritannien.<\/li><li><strong>Uppskattning<\/strong>&nbsp;&#8211; vi l\u00e4gger ner mycket tid p\u00e5 att hitta de r\u00e4tta kandidaterna, men vi gl\u00f6mmer inte att det faktiskt \u00e4r&nbsp;<strong>du<\/strong>&nbsp;som g\u00f6r v\u00e5rt jobb m\u00f6jligt och vi uppskattar just dig och din kompetens!<\/li><\/ul>\n","protected":false},"excerpt":{"rendered":"<p>The Swedish Nanny Company\u2013 vi har \u00e4ven v\u00e5ra nannies i \u00e5tanke Det finns v\u00e4ldigt m\u00e5nga nannyf\u00f6rmedlingar\u00a0att v\u00e4lja p\u00e5 i dag&#8230;<\/p>\n","protected":false},"author":1,"featured_media":0,"parent":382,"menu_order":3,"comment_status":"closed","ping_status":"closed","template":"","meta":{"_acf_changed":false,"inline_featured_image":false,"footnotes":""},"class_list":["post-508","page","type-page","status-publish","hentry"],"acf":[],"yoast_head":"<!-- This site is optimized with the Yoast SEO plugin v27.0 - https:\/\/yoast.com\/product\/yoast-seo-wordpress\/ -->\n<title>Varf\u00f6r v\u00e4lja v\u00e5r f\u00f6rmedling? - The Swedish Nanny Company<\/title>\n<meta name=\"robots\" content=\"index, follow, max-snippet:-1, max-image-preview:large, max-video-preview:-1\" \/>\n<link rel=\"canonical\" href=\"https:\/\/swedishnannycompany.se\/sv\/nanny\/varfor-valja-var-formedling-the-swedish-nanny-company\/\" \/>\n<meta property=\"og:locale\" content=\"sv_SE\" \/>\n<meta property=\"og:type\" content=\"article\" \/>\n<meta property=\"og:title\" content=\"Varf\u00f6r v\u00e4lja v\u00e5r f\u00f6rmedling? - The Swedish Nanny Company\" \/>\n<meta property=\"og:description\" content=\"The Swedish Nanny Company\u2013 vi har \u00e4ven v\u00e5ra nannies i \u00e5tanke Det finns v\u00e4ldigt m\u00e5nga nannyf\u00f6rmedlingar\u00a0att v\u00e4lja p\u00e5 i dag...\" \/>\n<meta property=\"og:url\" content=\"https:\/\/swedishnannycompany.se\/sv\/nanny\/varfor-valja-var-formedling-the-swedish-nanny-company\/\" \/>\n<meta property=\"og:site_name\" content=\"The Swedish Nanny Company\" \/>\n<meta property=\"article:modified_time\" content=\"2022-01-04T09:59:37+00:00\" \/>\n<meta name=\"twitter:card\" content=\"summary_large_image\" \/>\n<meta name=\"twitter:label1\" content=\"Ber\u00e4knad l\u00e4stid\" \/>\n\t<meta name=\"twitter:data1\" content=\"3 minuter\" \/>\n<script type=\"application\/ld+json\" class=\"yoast-schema-graph\">{\"@context\":\"https:\/\/schema.org\",\"@graph\":[{\"@type\":\"WebPage\",\"@id\":\"https:\/\/swedishnannycompany.se\/sv\/nanny\/varfor-valja-var-formedling-the-swedish-nanny-company\/\",\"url\":\"https:\/\/swedishnannycompany.se\/sv\/nanny\/varfor-valja-var-formedling-the-swedish-nanny-company\/\",\"name\":\"Varf\u00f6r v\u00e4lja v\u00e5r f\u00f6rmedling? - The Swedish Nanny Company\",\"isPartOf\":{\"@id\":\"https:\/\/swedishnannycompany.se\/sv\/#website\"},\"datePublished\":\"2019-08-23T11:24:04+00:00\",\"dateModified\":\"2022-01-04T09:59:37+00:00\",\"breadcrumb\":{\"@id\":\"https:\/\/swedishnannycompany.se\/sv\/nanny\/varfor-valja-var-formedling-the-swedish-nanny-company\/#breadcrumb\"},\"inLanguage\":\"sv-SE\",\"potentialAction\":[{\"@type\":\"ReadAction\",\"target\":[\"https:\/\/swedishnannycompany.se\/sv\/nanny\/varfor-valja-var-formedling-the-swedish-nanny-company\/\"]}]},{\"@type\":\"BreadcrumbList\",\"@id\":\"https:\/\/swedishnannycompany.se\/sv\/nanny\/varfor-valja-var-formedling-the-swedish-nanny-company\/#breadcrumb\",\"itemListElement\":[{\"@type\":\"ListItem\",\"position\":1,\"name\":\"Hem\",\"item\":\"https:\/\/swedishnannycompany.se\/sv\/\"},{\"@type\":\"ListItem\",\"position\":2,\"name\":\"Nanny\",\"item\":\"https:\/\/swedishnannycompany.se\/sv\/nanny\/\"},{\"@type\":\"ListItem\",\"position\":3,\"name\":\"Varf\u00f6r v\u00e4lja v\u00e5r f\u00f6rmedling?\"}]},{\"@type\":\"WebSite\",\"@id\":\"https:\/\/swedishnannycompany.se\/sv\/#website\",\"url\":\"https:\/\/swedishnannycompany.se\/sv\/\",\"name\":\"The Swedish Nanny Company\",\"description\":\"With your child in mind\",\"publisher\":{\"@id\":\"https:\/\/swedishnannycompany.se\/sv\/#organization\"},\"potentialAction\":[{\"@type\":\"SearchAction\",\"target\":{\"@type\":\"EntryPoint\",\"urlTemplate\":\"https:\/\/swedishnannycompany.se\/sv\/?s={search_term_string}\"},\"query-input\":{\"@type\":\"PropertyValueSpecification\",\"valueRequired\":true,\"valueName\":\"search_term_string\"}}],\"inLanguage\":\"sv-SE\"},{\"@type\":\"Organization\",\"@id\":\"https:\/\/swedishnannycompany.se\/sv\/#organization\",\"name\":\"Swedish Nanny Company\",\"url\":\"https:\/\/swedishnannycompany.se\/sv\/\",\"logo\":{\"@type\":\"ImageObject\",\"inLanguage\":\"sv-SE\",\"@id\":\"https:\/\/swedishnannycompany.se\/sv\/#\/schema\/logo\/image\/\",\"url\":\"https:\/\/swedishnannycompany.se\/wp-content\/uploads\/2019\/08\/logo.png\",\"contentUrl\":\"https:\/\/swedishnannycompany.se\/wp-content\/uploads\/2019\/08\/logo.png\",\"width\":349,\"height\":174,\"caption\":\"Swedish Nanny Company\"},\"image\":{\"@id\":\"https:\/\/swedishnannycompany.se\/sv\/#\/schema\/logo\/image\/\"}}]}<\/script>\n<!-- \/ Yoast SEO plugin. -->","yoast_head_json":{"title":"Varf\u00f6r v\u00e4lja v\u00e5r f\u00f6rmedling? - The Swedish Nanny Company","robots":{"index":"index","follow":"follow","max-snippet":"max-snippet:-1","max-image-preview":"max-image-preview:large","max-video-preview":"max-video-preview:-1"},"canonical":"https:\/\/swedishnannycompany.se\/sv\/nanny\/varfor-valja-var-formedling-the-swedish-nanny-company\/","og_locale":"sv_SE","og_type":"article","og_title":"Varf\u00f6r v\u00e4lja v\u00e5r f\u00f6rmedling? - The Swedish Nanny Company","og_description":"The Swedish Nanny Company\u2013 vi har \u00e4ven v\u00e5ra nannies i \u00e5tanke Det finns v\u00e4ldigt m\u00e5nga nannyf\u00f6rmedlingar\u00a0att v\u00e4lja p\u00e5 i dag...","og_url":"https:\/\/swedishnannycompany.se\/sv\/nanny\/varfor-valja-var-formedling-the-swedish-nanny-company\/","og_site_name":"The Swedish Nanny Company","article_modified_time":"2022-01-04T09:59:37+00:00","twitter_card":"summary_large_image","twitter_misc":{"Ber\u00e4knad l\u00e4stid":"3 minuter"},"schema":{"@context":"https:\/\/schema.org","@graph":[{"@type":"WebPage","@id":"https:\/\/swedishnannycompany.se\/sv\/nanny\/varfor-valja-var-formedling-the-swedish-nanny-company\/","url":"https:\/\/swedishnannycompany.se\/sv\/nanny\/varfor-valja-var-formedling-the-swedish-nanny-company\/","name":"Varf\u00f6r v\u00e4lja v\u00e5r f\u00f6rmedling? - The Swedish Nanny Company","isPartOf":{"@id":"https:\/\/swedishnannycompany.se\/sv\/#website"},"datePublished":"2019-08-23T11:24:04+00:00","dateModified":"2022-01-04T09:59:37+00:00","breadcrumb":{"@id":"https:\/\/swedishnannycompany.se\/sv\/nanny\/varfor-valja-var-formedling-the-swedish-nanny-company\/#breadcrumb"},"inLanguage":"sv-SE","potentialAction":[{"@type":"ReadAction","target":["https:\/\/swedishnannycompany.se\/sv\/nanny\/varfor-valja-var-formedling-the-swedish-nanny-company\/"]}]},{"@type":"BreadcrumbList","@id":"https:\/\/swedishnannycompany.se\/sv\/nanny\/varfor-valja-var-formedling-the-swedish-nanny-company\/#breadcrumb","itemListElement":[{"@type":"ListItem","position":1,"name":"Hem","item":"https:\/\/swedishnannycompany.se\/sv\/"},{"@type":"ListItem","position":2,"name":"Nanny","item":"https:\/\/swedishnannycompany.se\/sv\/nanny\/"},{"@type":"ListItem","position":3,"name":"Varf\u00f6r v\u00e4lja v\u00e5r f\u00f6rmedling?"}]},{"@type":"WebSite","@id":"https:\/\/swedishnannycompany.se\/sv\/#website","url":"https:\/\/swedishnannycompany.se\/sv\/","name":"The Swedish Nanny Company","description":"With your child in mind","publisher":{"@id":"https:\/\/swedishnannycompany.se\/sv\/#organization"},"potentialAction":[{"@type":"SearchAction","target":{"@type":"EntryPoint","urlTemplate":"https:\/\/swedishnannycompany.se\/sv\/?s={search_term_string}"},"query-input":{"@type":"PropertyValueSpecification","valueRequired":true,"valueName":"search_term_string"}}],"inLanguage":"sv-SE"},{"@type":"Organization","@id":"https:\/\/swedishnannycompany.se\/sv\/#organization","name":"Swedish Nanny Company","url":"https:\/\/swedishnannycompany.se\/sv\/","logo":{"@type":"ImageObject","inLanguage":"sv-SE","@id":"https:\/\/swedishnannycompany.se\/sv\/#\/schema\/logo\/image\/","url":"https:\/\/swedishnannycompany.se\/wp-content\/uploads\/2019\/08\/logo.png","contentUrl":"https:\/\/swedishnannycompany.se\/wp-content\/uploads\/2019\/08\/logo.png","width":349,"height":174,"caption":"Swedish Nanny Company"},"image":{"@id":"https:\/\/swedishnannycompany.se\/sv\/#\/schema\/logo\/image\/"}}]}},"_links":{"self":[{"href":"https:\/\/swedishnannycompany.se\/sv\/wp-json\/wp\/v2\/pages\/508","targetHints":{"allow":["GET"]}}],"collection":[{"href":"https:\/\/swedishnannycompany.se\/sv\/wp-json\/wp\/v2\/pages"}],"about":[{"href":"https:\/\/swedishnannycompany.se\/sv\/wp-json\/wp\/v2\/types\/page"}],"author":[{"embeddable":true,"href":"https:\/\/swedishnannycompany.se\/sv\/wp-json\/wp\/v2\/users\/1"}],"replies":[{"embeddable":true,"href":"https:\/\/swedishnannycompany.se\/sv\/wp-json\/wp\/v2\/comments?post=508"}],"version-history":[{"count":0,"href":"https:\/\/swedishnannycompany.se\/sv\/wp-json\/wp\/v2\/pages\/508\/revisions"}],"up":[{"embeddable":true,"href":"https:\/\/swedishnannycompany.se\/sv\/wp-json\/wp\/v2\/pages\/382"}],"wp:attachment":[{"href":"https:\/\/swedishnannycompany.se\/sv\/wp-json\/wp\/v2\/media?parent=508"}],"curies":[{"name":"wp","href":"https:\/\/api.w.org\/{rel}","templated":true}]}}