{"id":428,"date":"2019-08-23T07:16:51","date_gmt":"2019-08-23T07:16:51","guid":{"rendered":"https:\/\/swedishnannycompany.co.uk\/?page_id=428"},"modified":"2019-10-24T09:17:31","modified_gmt":"2019-10-24T09:17:31","slug":"sa-registrerar-ni-er","status":"publish","type":"page","link":"https:\/\/swedishnannycompany.se\/sv\/familj\/sa-registrerar-ni-er\/","title":{"rendered":"S\u00e5 registrerar ni er"},"content":{"rendered":"\n<p>Vi har f\u00f6rs\u00f6kt att g\u00f6ra det s\u00e5 smidigt som m\u00f6jligt f\u00f6r er att registrera er hos oss!<\/p>\n\n\n\n<p>V\u00e4nligen registrera er via v\u00e5rt\u00a0<a href=\"https:\/\/swedishnannycompany.se\/sv\/familj\/registreringsformular-for-familj\/\">webbformul\u00e4r<\/a>\u00a0och gl\u00f6m inte att klicka i rutan som bekr\u00e4ftar\u00a0att ni l\u00e4st, f\u00f6rst\u00e5tt och samtycker till\u00a0<a href=\"https:\/\/swedishnannycompany.se\/sv\/familj\/vara-villkor\/\">v\u00e5ra villkor.<\/a>\u00a0<\/p>\n\n\n\n<p>Vi tar ut en mindre registreringsavgift p\u00e5 \u00a320 s\u00e5 att vi vet att ni \u00e4r seri\u00f6sa i ert s\u00f6kande efter en svensk nanny. Ni kan antingen betala med check\u00a0eller s\u00e5 kan ni enkelt betala via bank\u00f6verf\u00f6ring. Anv\u00e4nd v\u00e5rt\u00a0<a href=\"https:\/\/swedishnannycompany.se\/sv\/kontakta-oss\/\">kontaktformul\u00e4r<\/a>\u00a0under fliken Kontakta oss f\u00f6r att f\u00e5 v\u00e5ra bankuppgifter. Obs! Gl\u00f6m inte att uppge ert namn d\u00e5 ni betalar via bank\u00f6verf\u00f6ring.<br><br>S\u00e5 snart vi har mottagit det ifyllda formul\u00e4ret, tillsammans med registreringsavgiften p\u00e5 \u00a320, kan vi komma ig\u00e5ng med den mest sp\u00e4nnande delen &#8211; sj\u00e4lva matchningsprocessen!<\/p>\n\n\n\n<p><\/p>\n","protected":false},"excerpt":{"rendered":"<p>Vi har f\u00f6rs\u00f6kt att g\u00f6ra det s\u00e5 smidigt som m\u00f6jligt f\u00f6r er att registrera er hos oss! V\u00e4nligen registrera er&#8230;<\/p>\n","protected":false},"author":1,"featured_media":0,"parent":380,"menu_order":10,"comment_status":"closed","ping_status":"closed","template":"","meta":{"_acf_changed":false,"inline_featured_image":false,"footnotes":""},"class_list":["post-428","page","type-page","status-publish","hentry"],"acf":[],"yoast_head":"<!-- This site is optimized with the Yoast SEO plugin v27.0 - https:\/\/yoast.com\/product\/yoast-seo-wordpress\/ -->\n<title>S\u00e5 registrerar ni er - The Swedish Nanny Company<\/title>\n<meta name=\"robots\" content=\"index, follow, max-snippet:-1, max-image-preview:large, max-video-preview:-1\" \/>\n<link rel=\"canonical\" href=\"https:\/\/swedishnannycompany.se\/sv\/familj\/sa-registrerar-ni-er\/\" \/>\n<meta property=\"og:locale\" content=\"sv_SE\" \/>\n<meta property=\"og:type\" content=\"article\" \/>\n<meta property=\"og:title\" content=\"S\u00e5 registrerar ni er - The Swedish Nanny Company\" \/>\n<meta property=\"og:description\" content=\"Vi har f\u00f6rs\u00f6kt att g\u00f6ra det s\u00e5 smidigt som m\u00f6jligt f\u00f6r er att registrera er hos oss! V\u00e4nligen registrera er...\" \/>\n<meta property=\"og:url\" content=\"https:\/\/swedishnannycompany.se\/sv\/familj\/sa-registrerar-ni-er\/\" \/>\n<meta property=\"og:site_name\" content=\"The Swedish Nanny Company\" \/>\n<meta property=\"article:modified_time\" content=\"2019-10-24T09:17:31+00:00\" \/>\n<meta name=\"twitter:card\" content=\"summary_large_image\" \/>\n<meta name=\"twitter:label1\" content=\"Ber\u00e4knad l\u00e4stid\" \/>\n\t<meta name=\"twitter:data1\" content=\"1 minut\" \/>\n<script type=\"application\/ld+json\" class=\"yoast-schema-graph\">{\"@context\":\"https:\/\/schema.org\",\"@graph\":[{\"@type\":\"WebPage\",\"@id\":\"https:\/\/swedishnannycompany.se\/sv\/familj\/sa-registrerar-ni-er\/\",\"url\":\"https:\/\/swedishnannycompany.se\/sv\/familj\/sa-registrerar-ni-er\/\",\"name\":\"S\u00e5 registrerar ni er - The Swedish Nanny Company\",\"isPartOf\":{\"@id\":\"https:\/\/swedishnannycompany.se\/sv\/#website\"},\"datePublished\":\"2019-08-23T07:16:51+00:00\",\"dateModified\":\"2019-10-24T09:17:31+00:00\",\"breadcrumb\":{\"@id\":\"https:\/\/swedishnannycompany.se\/sv\/familj\/sa-registrerar-ni-er\/#breadcrumb\"},\"inLanguage\":\"sv-SE\",\"potentialAction\":[{\"@type\":\"ReadAction\",\"target\":[\"https:\/\/swedishnannycompany.se\/sv\/familj\/sa-registrerar-ni-er\/\"]}]},{\"@type\":\"BreadcrumbList\",\"@id\":\"https:\/\/swedishnannycompany.se\/sv\/familj\/sa-registrerar-ni-er\/#breadcrumb\",\"itemListElement\":[{\"@type\":\"ListItem\",\"position\":1,\"name\":\"Hem\",\"item\":\"https:\/\/swedishnannycompany.se\/sv\/\"},{\"@type\":\"ListItem\",\"position\":2,\"name\":\"Familj\",\"item\":\"https:\/\/swedishnannycompany.se\/sv\/familj\/\"},{\"@type\":\"ListItem\",\"position\":3,\"name\":\"S\u00e5 registrerar ni er\"}]},{\"@type\":\"WebSite\",\"@id\":\"https:\/\/swedishnannycompany.se\/sv\/#website\",\"url\":\"https:\/\/swedishnannycompany.se\/sv\/\",\"name\":\"The Swedish Nanny Company\",\"description\":\"With your child in mind\",\"publisher\":{\"@id\":\"https:\/\/swedishnannycompany.se\/sv\/#organization\"},\"potentialAction\":[{\"@type\":\"SearchAction\",\"target\":{\"@type\":\"EntryPoint\",\"urlTemplate\":\"https:\/\/swedishnannycompany.se\/sv\/?s={search_term_string}\"},\"query-input\":{\"@type\":\"PropertyValueSpecification\",\"valueRequired\":true,\"valueName\":\"search_term_string\"}}],\"inLanguage\":\"sv-SE\"},{\"@type\":\"Organization\",\"@id\":\"https:\/\/swedishnannycompany.se\/sv\/#organization\",\"name\":\"Swedish Nanny Company\",\"url\":\"https:\/\/swedishnannycompany.se\/sv\/\",\"logo\":{\"@type\":\"ImageObject\",\"inLanguage\":\"sv-SE\",\"@id\":\"https:\/\/swedishnannycompany.se\/sv\/#\/schema\/logo\/image\/\",\"url\":\"https:\/\/swedishnannycompany.se\/wp-content\/uploads\/2019\/08\/logo.png\",\"contentUrl\":\"https:\/\/swedishnannycompany.se\/wp-content\/uploads\/2019\/08\/logo.png\",\"width\":349,\"height\":174,\"caption\":\"Swedish Nanny Company\"},\"image\":{\"@id\":\"https:\/\/swedishnannycompany.se\/sv\/#\/schema\/logo\/image\/\"}}]}<\/script>\n<!-- \/ Yoast SEO plugin. -->","yoast_head_json":{"title":"S\u00e5 registrerar ni er - The Swedish Nanny Company","robots":{"index":"index","follow":"follow","max-snippet":"max-snippet:-1","max-image-preview":"max-image-preview:large","max-video-preview":"max-video-preview:-1"},"canonical":"https:\/\/swedishnannycompany.se\/sv\/familj\/sa-registrerar-ni-er\/","og_locale":"sv_SE","og_type":"article","og_title":"S\u00e5 registrerar ni er - The Swedish Nanny Company","og_description":"Vi har f\u00f6rs\u00f6kt att g\u00f6ra det s\u00e5 smidigt som m\u00f6jligt f\u00f6r er att registrera er hos oss! V\u00e4nligen registrera er...","og_url":"https:\/\/swedishnannycompany.se\/sv\/familj\/sa-registrerar-ni-er\/","og_site_name":"The Swedish Nanny Company","article_modified_time":"2019-10-24T09:17:31+00:00","twitter_card":"summary_large_image","twitter_misc":{"Ber\u00e4knad l\u00e4stid":"1 minut"},"schema":{"@context":"https:\/\/schema.org","@graph":[{"@type":"WebPage","@id":"https:\/\/swedishnannycompany.se\/sv\/familj\/sa-registrerar-ni-er\/","url":"https:\/\/swedishnannycompany.se\/sv\/familj\/sa-registrerar-ni-er\/","name":"S\u00e5 registrerar ni er - The Swedish Nanny Company","isPartOf":{"@id":"https:\/\/swedishnannycompany.se\/sv\/#website"},"datePublished":"2019-08-23T07:16:51+00:00","dateModified":"2019-10-24T09:17:31+00:00","breadcrumb":{"@id":"https:\/\/swedishnannycompany.se\/sv\/familj\/sa-registrerar-ni-er\/#breadcrumb"},"inLanguage":"sv-SE","potentialAction":[{"@type":"ReadAction","target":["https:\/\/swedishnannycompany.se\/sv\/familj\/sa-registrerar-ni-er\/"]}]},{"@type":"BreadcrumbList","@id":"https:\/\/swedishnannycompany.se\/sv\/familj\/sa-registrerar-ni-er\/#breadcrumb","itemListElement":[{"@type":"ListItem","position":1,"name":"Hem","item":"https:\/\/swedishnannycompany.se\/sv\/"},{"@type":"ListItem","position":2,"name":"Familj","item":"https:\/\/swedishnannycompany.se\/sv\/familj\/"},{"@type":"ListItem","position":3,"name":"S\u00e5 registrerar ni er"}]},{"@type":"WebSite","@id":"https:\/\/swedishnannycompany.se\/sv\/#website","url":"https:\/\/swedishnannycompany.se\/sv\/","name":"The Swedish Nanny Company","description":"With your child in mind","publisher":{"@id":"https:\/\/swedishnannycompany.se\/sv\/#organization"},"potentialAction":[{"@type":"SearchAction","target":{"@type":"EntryPoint","urlTemplate":"https:\/\/swedishnannycompany.se\/sv\/?s={search_term_string}"},"query-input":{"@type":"PropertyValueSpecification","valueRequired":true,"valueName":"search_term_string"}}],"inLanguage":"sv-SE"},{"@type":"Organization","@id":"https:\/\/swedishnannycompany.se\/sv\/#organization","name":"Swedish Nanny Company","url":"https:\/\/swedishnannycompany.se\/sv\/","logo":{"@type":"ImageObject","inLanguage":"sv-SE","@id":"https:\/\/swedishnannycompany.se\/sv\/#\/schema\/logo\/image\/","url":"https:\/\/swedishnannycompany.se\/wp-content\/uploads\/2019\/08\/logo.png","contentUrl":"https:\/\/swedishnannycompany.se\/wp-content\/uploads\/2019\/08\/logo.png","width":349,"height":174,"caption":"Swedish Nanny Company"},"image":{"@id":"https:\/\/swedishnannycompany.se\/sv\/#\/schema\/logo\/image\/"}}]}},"_links":{"self":[{"href":"https:\/\/swedishnannycompany.se\/sv\/wp-json\/wp\/v2\/pages\/428","targetHints":{"allow":["GET"]}}],"collection":[{"href":"https:\/\/swedishnannycompany.se\/sv\/wp-json\/wp\/v2\/pages"}],"about":[{"href":"https:\/\/swedishnannycompany.se\/sv\/wp-json\/wp\/v2\/types\/page"}],"author":[{"embeddable":true,"href":"https:\/\/swedishnannycompany.se\/sv\/wp-json\/wp\/v2\/users\/1"}],"replies":[{"embeddable":true,"href":"https:\/\/swedishnannycompany.se\/sv\/wp-json\/wp\/v2\/comments?post=428"}],"version-history":[{"count":0,"href":"https:\/\/swedishnannycompany.se\/sv\/wp-json\/wp\/v2\/pages\/428\/revisions"}],"up":[{"embeddable":true,"href":"https:\/\/swedishnannycompany.se\/sv\/wp-json\/wp\/v2\/pages\/380"}],"wp:attachment":[{"href":"https:\/\/swedishnannycompany.se\/sv\/wp-json\/wp\/v2\/media?parent=428"}],"curies":[{"name":"wp","href":"https:\/\/api.w.org\/{rel}","templated":true}]}}