{"id":425,"date":"2019-08-23T07:09:58","date_gmt":"2019-08-23T07:09:58","guid":{"rendered":"https:\/\/swedishnannycompany.co.uk\/?page_id=425"},"modified":"2019-10-24T09:15:49","modified_gmt":"2019-10-24T09:15:49","slug":"innan-ni-registrerar-er","status":"publish","type":"page","link":"https:\/\/swedishnannycompany.se\/sv\/familj\/innan-ni-registrerar-er\/","title":{"rendered":"Innan ni registrerar er"},"content":{"rendered":"\n<p>V\u00e4nligen ta er tid att fylla i registreringsformul\u00e4ret, eftersom det \u00e4r just de sm\u00e5 detaljerna som g\u00f6r att vi kan bli \u00e4n mer framg\u00e5ngsrika i v\u00e5r matchning! Dessutom; ju mer vi vet om er underbara familj, desto mer information kan vi ge till den nyfikna nannyn. Genom att fylla i formul\u00e4ret med extra m\u00f6da ger ni oss en st\u00f6rre chans att locka fler kandidater f\u00f6r jobbet!<\/p>\n\n\n\n<p>V\u00e4nligen l\u00e4s igenom\u00a0<a href=\"https:\/\/swedishnannycompany.se\/sv\/familj\/vara-villkor\/\">v\u00e5ra villkor<\/a>\u00a0f\u00f6re registreringen. N\u00e4r ett erbjudande om anst\u00e4llning framf\u00f6rts, antingen muntligt eller skriftligt, kan vi kalla matchningen en succ\u00e9! Fakturan kommer att skickas till er dagen efter det att erbjudandet framf\u00f6rdes, och ska betalas inom 14 dagar fr\u00e5n sj\u00e4lva utskickningsdatumet.<\/p>\n\n\n\n<p>Observera att The Swedish Nanny Company inte jobbar med hantering av tillf\u00e4lliga nannyanst\u00e4llningar.<\/p>\n\n\n\n<p>Ni kan lita p\u00e5 att vi kommer att l\u00e4gga all v\u00e5r m\u00f6da p\u00e5 att hitta den b\u00e4sta t\u00e4nkbara nannyn \u00e5t er. Vi ber dock om er f\u00f6rst\u00e5else och t\u00e5lamod under processen, eftersom den tid det tar att hitta en nanny kan variera beroende p\u00e5 olika omst\u00e4ndigheter. Det \u00e4r med mycket stolthet och efter b\u00e4sta f\u00f6rm\u00e5ga vi str\u00e4var efter att hitta den r\u00e4tta nannyn till er.&nbsp;<strong>V\u00e5rt koncept \u00e4r kvalitet &#8211; framf\u00f6r kvantitet!<\/strong><\/p>\n","protected":false},"excerpt":{"rendered":"<p>V\u00e4nligen ta er tid att fylla i registreringsformul\u00e4ret, eftersom det \u00e4r just de sm\u00e5 detaljerna som g\u00f6r att vi kan&#8230;<\/p>\n","protected":false},"author":1,"featured_media":0,"parent":380,"menu_order":6,"comment_status":"closed","ping_status":"closed","template":"","meta":{"_acf_changed":false,"inline_featured_image":false,"footnotes":""},"class_list":["post-425","page","type-page","status-publish","hentry"],"acf":[],"yoast_head":"<!-- This site is optimized with the Yoast SEO plugin v27.0 - https:\/\/yoast.com\/product\/yoast-seo-wordpress\/ -->\n<title>Innan ni registrerar er - The Swedish Nanny Company<\/title>\n<meta name=\"robots\" content=\"index, follow, max-snippet:-1, max-image-preview:large, max-video-preview:-1\" \/>\n<link rel=\"canonical\" href=\"https:\/\/swedishnannycompany.se\/sv\/familj\/innan-ni-registrerar-er\/\" \/>\n<meta property=\"og:locale\" content=\"sv_SE\" \/>\n<meta property=\"og:type\" content=\"article\" \/>\n<meta property=\"og:title\" content=\"Innan ni registrerar er - The Swedish Nanny Company\" \/>\n<meta property=\"og:description\" content=\"V\u00e4nligen ta er tid att fylla i registreringsformul\u00e4ret, eftersom det \u00e4r just de sm\u00e5 detaljerna som g\u00f6r att vi kan...\" \/>\n<meta property=\"og:url\" content=\"https:\/\/swedishnannycompany.se\/sv\/familj\/innan-ni-registrerar-er\/\" \/>\n<meta property=\"og:site_name\" content=\"The Swedish Nanny Company\" \/>\n<meta property=\"article:modified_time\" content=\"2019-10-24T09:15:49+00:00\" \/>\n<meta name=\"twitter:card\" content=\"summary_large_image\" \/>\n<meta name=\"twitter:label1\" content=\"Ber\u00e4knad l\u00e4stid\" \/>\n\t<meta name=\"twitter:data1\" content=\"1 minut\" \/>\n<script type=\"application\/ld+json\" class=\"yoast-schema-graph\">{\"@context\":\"https:\/\/schema.org\",\"@graph\":[{\"@type\":\"WebPage\",\"@id\":\"https:\/\/swedishnannycompany.se\/sv\/familj\/innan-ni-registrerar-er\/\",\"url\":\"https:\/\/swedishnannycompany.se\/sv\/familj\/innan-ni-registrerar-er\/\",\"name\":\"Innan ni registrerar er - The Swedish Nanny Company\",\"isPartOf\":{\"@id\":\"https:\/\/swedishnannycompany.se\/sv\/#website\"},\"datePublished\":\"2019-08-23T07:09:58+00:00\",\"dateModified\":\"2019-10-24T09:15:49+00:00\",\"breadcrumb\":{\"@id\":\"https:\/\/swedishnannycompany.se\/sv\/familj\/innan-ni-registrerar-er\/#breadcrumb\"},\"inLanguage\":\"sv-SE\",\"potentialAction\":[{\"@type\":\"ReadAction\",\"target\":[\"https:\/\/swedishnannycompany.se\/sv\/familj\/innan-ni-registrerar-er\/\"]}]},{\"@type\":\"BreadcrumbList\",\"@id\":\"https:\/\/swedishnannycompany.se\/sv\/familj\/innan-ni-registrerar-er\/#breadcrumb\",\"itemListElement\":[{\"@type\":\"ListItem\",\"position\":1,\"name\":\"Hem\",\"item\":\"https:\/\/swedishnannycompany.se\/sv\/\"},{\"@type\":\"ListItem\",\"position\":2,\"name\":\"Familj\",\"item\":\"https:\/\/swedishnannycompany.se\/sv\/familj\/\"},{\"@type\":\"ListItem\",\"position\":3,\"name\":\"Innan ni registrerar er\"}]},{\"@type\":\"WebSite\",\"@id\":\"https:\/\/swedishnannycompany.se\/sv\/#website\",\"url\":\"https:\/\/swedishnannycompany.se\/sv\/\",\"name\":\"The Swedish Nanny Company\",\"description\":\"With your child in mind\",\"publisher\":{\"@id\":\"https:\/\/swedishnannycompany.se\/sv\/#organization\"},\"potentialAction\":[{\"@type\":\"SearchAction\",\"target\":{\"@type\":\"EntryPoint\",\"urlTemplate\":\"https:\/\/swedishnannycompany.se\/sv\/?s={search_term_string}\"},\"query-input\":{\"@type\":\"PropertyValueSpecification\",\"valueRequired\":true,\"valueName\":\"search_term_string\"}}],\"inLanguage\":\"sv-SE\"},{\"@type\":\"Organization\",\"@id\":\"https:\/\/swedishnannycompany.se\/sv\/#organization\",\"name\":\"Swedish Nanny Company\",\"url\":\"https:\/\/swedishnannycompany.se\/sv\/\",\"logo\":{\"@type\":\"ImageObject\",\"inLanguage\":\"sv-SE\",\"@id\":\"https:\/\/swedishnannycompany.se\/sv\/#\/schema\/logo\/image\/\",\"url\":\"https:\/\/swedishnannycompany.se\/wp-content\/uploads\/2019\/08\/logo.png\",\"contentUrl\":\"https:\/\/swedishnannycompany.se\/wp-content\/uploads\/2019\/08\/logo.png\",\"width\":349,\"height\":174,\"caption\":\"Swedish Nanny Company\"},\"image\":{\"@id\":\"https:\/\/swedishnannycompany.se\/sv\/#\/schema\/logo\/image\/\"}}]}<\/script>\n<!-- \/ Yoast SEO plugin. -->","yoast_head_json":{"title":"Innan ni registrerar er - The Swedish Nanny Company","robots":{"index":"index","follow":"follow","max-snippet":"max-snippet:-1","max-image-preview":"max-image-preview:large","max-video-preview":"max-video-preview:-1"},"canonical":"https:\/\/swedishnannycompany.se\/sv\/familj\/innan-ni-registrerar-er\/","og_locale":"sv_SE","og_type":"article","og_title":"Innan ni registrerar er - The Swedish Nanny Company","og_description":"V\u00e4nligen ta er tid att fylla i registreringsformul\u00e4ret, eftersom det \u00e4r just de sm\u00e5 detaljerna som g\u00f6r att vi kan...","og_url":"https:\/\/swedishnannycompany.se\/sv\/familj\/innan-ni-registrerar-er\/","og_site_name":"The Swedish Nanny Company","article_modified_time":"2019-10-24T09:15:49+00:00","twitter_card":"summary_large_image","twitter_misc":{"Ber\u00e4knad l\u00e4stid":"1 minut"},"schema":{"@context":"https:\/\/schema.org","@graph":[{"@type":"WebPage","@id":"https:\/\/swedishnannycompany.se\/sv\/familj\/innan-ni-registrerar-er\/","url":"https:\/\/swedishnannycompany.se\/sv\/familj\/innan-ni-registrerar-er\/","name":"Innan ni registrerar er - The Swedish Nanny Company","isPartOf":{"@id":"https:\/\/swedishnannycompany.se\/sv\/#website"},"datePublished":"2019-08-23T07:09:58+00:00","dateModified":"2019-10-24T09:15:49+00:00","breadcrumb":{"@id":"https:\/\/swedishnannycompany.se\/sv\/familj\/innan-ni-registrerar-er\/#breadcrumb"},"inLanguage":"sv-SE","potentialAction":[{"@type":"ReadAction","target":["https:\/\/swedishnannycompany.se\/sv\/familj\/innan-ni-registrerar-er\/"]}]},{"@type":"BreadcrumbList","@id":"https:\/\/swedishnannycompany.se\/sv\/familj\/innan-ni-registrerar-er\/#breadcrumb","itemListElement":[{"@type":"ListItem","position":1,"name":"Hem","item":"https:\/\/swedishnannycompany.se\/sv\/"},{"@type":"ListItem","position":2,"name":"Familj","item":"https:\/\/swedishnannycompany.se\/sv\/familj\/"},{"@type":"ListItem","position":3,"name":"Innan ni registrerar er"}]},{"@type":"WebSite","@id":"https:\/\/swedishnannycompany.se\/sv\/#website","url":"https:\/\/swedishnannycompany.se\/sv\/","name":"The Swedish Nanny Company","description":"With your child in mind","publisher":{"@id":"https:\/\/swedishnannycompany.se\/sv\/#organization"},"potentialAction":[{"@type":"SearchAction","target":{"@type":"EntryPoint","urlTemplate":"https:\/\/swedishnannycompany.se\/sv\/?s={search_term_string}"},"query-input":{"@type":"PropertyValueSpecification","valueRequired":true,"valueName":"search_term_string"}}],"inLanguage":"sv-SE"},{"@type":"Organization","@id":"https:\/\/swedishnannycompany.se\/sv\/#organization","name":"Swedish Nanny Company","url":"https:\/\/swedishnannycompany.se\/sv\/","logo":{"@type":"ImageObject","inLanguage":"sv-SE","@id":"https:\/\/swedishnannycompany.se\/sv\/#\/schema\/logo\/image\/","url":"https:\/\/swedishnannycompany.se\/wp-content\/uploads\/2019\/08\/logo.png","contentUrl":"https:\/\/swedishnannycompany.se\/wp-content\/uploads\/2019\/08\/logo.png","width":349,"height":174,"caption":"Swedish Nanny Company"},"image":{"@id":"https:\/\/swedishnannycompany.se\/sv\/#\/schema\/logo\/image\/"}}]}},"_links":{"self":[{"href":"https:\/\/swedishnannycompany.se\/sv\/wp-json\/wp\/v2\/pages\/425","targetHints":{"allow":["GET"]}}],"collection":[{"href":"https:\/\/swedishnannycompany.se\/sv\/wp-json\/wp\/v2\/pages"}],"about":[{"href":"https:\/\/swedishnannycompany.se\/sv\/wp-json\/wp\/v2\/types\/page"}],"author":[{"embeddable":true,"href":"https:\/\/swedishnannycompany.se\/sv\/wp-json\/wp\/v2\/users\/1"}],"replies":[{"embeddable":true,"href":"https:\/\/swedishnannycompany.se\/sv\/wp-json\/wp\/v2\/comments?post=425"}],"version-history":[{"count":0,"href":"https:\/\/swedishnannycompany.se\/sv\/wp-json\/wp\/v2\/pages\/425\/revisions"}],"up":[{"embeddable":true,"href":"https:\/\/swedishnannycompany.se\/sv\/wp-json\/wp\/v2\/pages\/380"}],"wp:attachment":[{"href":"https:\/\/swedishnannycompany.se\/sv\/wp-json\/wp\/v2\/media?parent=425"}],"curies":[{"name":"wp","href":"https:\/\/api.w.org\/{rel}","templated":true}]}}