{"id":424,"date":"2019-08-23T07:08:39","date_gmt":"2019-08-23T07:08:39","guid":{"rendered":"https:\/\/swedishnannycompany.co.uk\/?page_id=424"},"modified":"2019-10-24T08:29:55","modified_gmt":"2019-10-24T08:29:55","slug":"var-ihopmatchnings-karta","status":"publish","type":"page","link":"https:\/\/swedishnannycompany.se\/sv\/familj\/var-ihopmatchnings-karta\/","title":{"rendered":"V\u00e5r ihopmatchnings-karta"},"content":{"rendered":"\n<p>F\u00e5 en bra \u00f6verblick \u00f6ver hur hela processen g\u00e5r till med hj\u00e4lp av v\u00e5r\u00a0<a href=\"https:\/\/swedishnannycompany.se\/nanny123\/uploads\/files\/rev-8-sept-our-nanny-matching-process-diagram.pdf\">i<\/a><a href=\"https:\/\/swedishnannycompany.se\/wp-content\/uploads\/2019\/10\/rev-8-sept-our-nanny-matching-process-diagram.pdf\" target=\"_blank\" rel=\"noreferrer noopener\" aria-label=\"hopmatchnings-karta (opens in a new tab)\">hopmatchnings-karta<\/a><\/p>\n","protected":false},"excerpt":{"rendered":"<p>F\u00e5 en bra \u00f6verblick \u00f6ver hur hela processen g\u00e5r till med hj\u00e4lp av v\u00e5r\u00a0ihopmatchnings-karta<\/p>\n","protected":false},"author":1,"featured_media":0,"parent":380,"menu_order":5,"comment_status":"closed","ping_status":"closed","template":"","meta":{"_acf_changed":false,"inline_featured_image":false,"footnotes":""},"class_list":["post-424","page","type-page","status-publish","hentry"],"acf":[],"yoast_head":"<!-- This site is optimized with the Yoast SEO plugin v27.0 - https:\/\/yoast.com\/product\/yoast-seo-wordpress\/ -->\n<title>V\u00e5r ihopmatchnings-karta - The Swedish Nanny Company<\/title>\n<meta name=\"robots\" content=\"index, follow, max-snippet:-1, max-image-preview:large, max-video-preview:-1\" \/>\n<link rel=\"canonical\" href=\"https:\/\/swedishnannycompany.se\/sv\/familj\/var-ihopmatchnings-karta\/\" \/>\n<meta property=\"og:locale\" content=\"sv_SE\" \/>\n<meta property=\"og:type\" content=\"article\" \/>\n<meta property=\"og:title\" content=\"V\u00e5r ihopmatchnings-karta - The Swedish Nanny Company\" \/>\n<meta property=\"og:description\" content=\"F\u00e5 en bra \u00f6verblick \u00f6ver hur hela processen g\u00e5r till med hj\u00e4lp av v\u00e5r\u00a0ihopmatchnings-karta\" \/>\n<meta property=\"og:url\" content=\"https:\/\/swedishnannycompany.se\/sv\/familj\/var-ihopmatchnings-karta\/\" \/>\n<meta property=\"og:site_name\" content=\"The Swedish Nanny Company\" \/>\n<meta property=\"article:modified_time\" content=\"2019-10-24T08:29:55+00:00\" \/>\n<meta name=\"twitter:card\" content=\"summary_large_image\" \/>\n<script type=\"application\/ld+json\" class=\"yoast-schema-graph\">{\"@context\":\"https:\/\/schema.org\",\"@graph\":[{\"@type\":\"WebPage\",\"@id\":\"https:\/\/swedishnannycompany.se\/sv\/familj\/var-ihopmatchnings-karta\/\",\"url\":\"https:\/\/swedishnannycompany.se\/sv\/familj\/var-ihopmatchnings-karta\/\",\"name\":\"V\u00e5r ihopmatchnings-karta - The Swedish Nanny Company\",\"isPartOf\":{\"@id\":\"https:\/\/swedishnannycompany.se\/sv\/#website\"},\"datePublished\":\"2019-08-23T07:08:39+00:00\",\"dateModified\":\"2019-10-24T08:29:55+00:00\",\"breadcrumb\":{\"@id\":\"https:\/\/swedishnannycompany.se\/sv\/familj\/var-ihopmatchnings-karta\/#breadcrumb\"},\"inLanguage\":\"sv-SE\",\"potentialAction\":[{\"@type\":\"ReadAction\",\"target\":[\"https:\/\/swedishnannycompany.se\/sv\/familj\/var-ihopmatchnings-karta\/\"]}]},{\"@type\":\"BreadcrumbList\",\"@id\":\"https:\/\/swedishnannycompany.se\/sv\/familj\/var-ihopmatchnings-karta\/#breadcrumb\",\"itemListElement\":[{\"@type\":\"ListItem\",\"position\":1,\"name\":\"Hem\",\"item\":\"https:\/\/swedishnannycompany.se\/sv\/\"},{\"@type\":\"ListItem\",\"position\":2,\"name\":\"Familj\",\"item\":\"https:\/\/swedishnannycompany.se\/sv\/familj\/\"},{\"@type\":\"ListItem\",\"position\":3,\"name\":\"V\u00e5r ihopmatchnings-karta\"}]},{\"@type\":\"WebSite\",\"@id\":\"https:\/\/swedishnannycompany.se\/sv\/#website\",\"url\":\"https:\/\/swedishnannycompany.se\/sv\/\",\"name\":\"The Swedish Nanny Company\",\"description\":\"With your child in mind\",\"publisher\":{\"@id\":\"https:\/\/swedishnannycompany.se\/sv\/#organization\"},\"potentialAction\":[{\"@type\":\"SearchAction\",\"target\":{\"@type\":\"EntryPoint\",\"urlTemplate\":\"https:\/\/swedishnannycompany.se\/sv\/?s={search_term_string}\"},\"query-input\":{\"@type\":\"PropertyValueSpecification\",\"valueRequired\":true,\"valueName\":\"search_term_string\"}}],\"inLanguage\":\"sv-SE\"},{\"@type\":\"Organization\",\"@id\":\"https:\/\/swedishnannycompany.se\/sv\/#organization\",\"name\":\"Swedish Nanny Company\",\"url\":\"https:\/\/swedishnannycompany.se\/sv\/\",\"logo\":{\"@type\":\"ImageObject\",\"inLanguage\":\"sv-SE\",\"@id\":\"https:\/\/swedishnannycompany.se\/sv\/#\/schema\/logo\/image\/\",\"url\":\"https:\/\/swedishnannycompany.se\/wp-content\/uploads\/2019\/08\/logo.png\",\"contentUrl\":\"https:\/\/swedishnannycompany.se\/wp-content\/uploads\/2019\/08\/logo.png\",\"width\":349,\"height\":174,\"caption\":\"Swedish Nanny Company\"},\"image\":{\"@id\":\"https:\/\/swedishnannycompany.se\/sv\/#\/schema\/logo\/image\/\"}}]}<\/script>\n<!-- \/ Yoast SEO plugin. -->","yoast_head_json":{"title":"V\u00e5r ihopmatchnings-karta - The Swedish Nanny Company","robots":{"index":"index","follow":"follow","max-snippet":"max-snippet:-1","max-image-preview":"max-image-preview:large","max-video-preview":"max-video-preview:-1"},"canonical":"https:\/\/swedishnannycompany.se\/sv\/familj\/var-ihopmatchnings-karta\/","og_locale":"sv_SE","og_type":"article","og_title":"V\u00e5r ihopmatchnings-karta - The Swedish Nanny Company","og_description":"F\u00e5 en bra \u00f6verblick \u00f6ver hur hela processen g\u00e5r till med hj\u00e4lp av v\u00e5r\u00a0ihopmatchnings-karta","og_url":"https:\/\/swedishnannycompany.se\/sv\/familj\/var-ihopmatchnings-karta\/","og_site_name":"The Swedish Nanny Company","article_modified_time":"2019-10-24T08:29:55+00:00","twitter_card":"summary_large_image","schema":{"@context":"https:\/\/schema.org","@graph":[{"@type":"WebPage","@id":"https:\/\/swedishnannycompany.se\/sv\/familj\/var-ihopmatchnings-karta\/","url":"https:\/\/swedishnannycompany.se\/sv\/familj\/var-ihopmatchnings-karta\/","name":"V\u00e5r ihopmatchnings-karta - The Swedish Nanny Company","isPartOf":{"@id":"https:\/\/swedishnannycompany.se\/sv\/#website"},"datePublished":"2019-08-23T07:08:39+00:00","dateModified":"2019-10-24T08:29:55+00:00","breadcrumb":{"@id":"https:\/\/swedishnannycompany.se\/sv\/familj\/var-ihopmatchnings-karta\/#breadcrumb"},"inLanguage":"sv-SE","potentialAction":[{"@type":"ReadAction","target":["https:\/\/swedishnannycompany.se\/sv\/familj\/var-ihopmatchnings-karta\/"]}]},{"@type":"BreadcrumbList","@id":"https:\/\/swedishnannycompany.se\/sv\/familj\/var-ihopmatchnings-karta\/#breadcrumb","itemListElement":[{"@type":"ListItem","position":1,"name":"Hem","item":"https:\/\/swedishnannycompany.se\/sv\/"},{"@type":"ListItem","position":2,"name":"Familj","item":"https:\/\/swedishnannycompany.se\/sv\/familj\/"},{"@type":"ListItem","position":3,"name":"V\u00e5r ihopmatchnings-karta"}]},{"@type":"WebSite","@id":"https:\/\/swedishnannycompany.se\/sv\/#website","url":"https:\/\/swedishnannycompany.se\/sv\/","name":"The Swedish Nanny Company","description":"With your child in mind","publisher":{"@id":"https:\/\/swedishnannycompany.se\/sv\/#organization"},"potentialAction":[{"@type":"SearchAction","target":{"@type":"EntryPoint","urlTemplate":"https:\/\/swedishnannycompany.se\/sv\/?s={search_term_string}"},"query-input":{"@type":"PropertyValueSpecification","valueRequired":true,"valueName":"search_term_string"}}],"inLanguage":"sv-SE"},{"@type":"Organization","@id":"https:\/\/swedishnannycompany.se\/sv\/#organization","name":"Swedish Nanny Company","url":"https:\/\/swedishnannycompany.se\/sv\/","logo":{"@type":"ImageObject","inLanguage":"sv-SE","@id":"https:\/\/swedishnannycompany.se\/sv\/#\/schema\/logo\/image\/","url":"https:\/\/swedishnannycompany.se\/wp-content\/uploads\/2019\/08\/logo.png","contentUrl":"https:\/\/swedishnannycompany.se\/wp-content\/uploads\/2019\/08\/logo.png","width":349,"height":174,"caption":"Swedish Nanny Company"},"image":{"@id":"https:\/\/swedishnannycompany.se\/sv\/#\/schema\/logo\/image\/"}}]}},"_links":{"self":[{"href":"https:\/\/swedishnannycompany.se\/sv\/wp-json\/wp\/v2\/pages\/424","targetHints":{"allow":["GET"]}}],"collection":[{"href":"https:\/\/swedishnannycompany.se\/sv\/wp-json\/wp\/v2\/pages"}],"about":[{"href":"https:\/\/swedishnannycompany.se\/sv\/wp-json\/wp\/v2\/types\/page"}],"author":[{"embeddable":true,"href":"https:\/\/swedishnannycompany.se\/sv\/wp-json\/wp\/v2\/users\/1"}],"replies":[{"embeddable":true,"href":"https:\/\/swedishnannycompany.se\/sv\/wp-json\/wp\/v2\/comments?post=424"}],"version-history":[{"count":0,"href":"https:\/\/swedishnannycompany.se\/sv\/wp-json\/wp\/v2\/pages\/424\/revisions"}],"up":[{"embeddable":true,"href":"https:\/\/swedishnannycompany.se\/sv\/wp-json\/wp\/v2\/pages\/380"}],"wp:attachment":[{"href":"https:\/\/swedishnannycompany.se\/sv\/wp-json\/wp\/v2\/media?parent=424"}],"curies":[{"name":"wp","href":"https:\/\/api.w.org\/{rel}","templated":true}]}}