{"id":423,"date":"2019-08-23T07:02:00","date_gmt":"2019-08-23T07:02:00","guid":{"rendered":"https:\/\/swedishnannycompany.co.uk\/?page_id=423"},"modified":"2022-01-10T08:01:17","modified_gmt":"2022-01-10T08:01:17","slug":"hur-vi-gar-till-vaga","status":"publish","type":"page","link":"https:\/\/swedishnannycompany.se\/sv\/familj\/hur-vi-gar-till-vaga\/","title":{"rendered":"Hur vi g\u00e5r till v\u00e4ga"},"content":{"rendered":"\n<p>F\u00f6lj i v\u00e5ra fotsteg medan vi guidar er genom processen om hur vi g\u00e5r till v\u00e4ga f\u00f6r att hitta den r\u00e4tta nannyn \u00e5t er:<\/p>\n\n\n\n<ol class=\"wp-block-list\"><li>Steg 1\u00a0\u00a0\u00a0\u00a0 Registrera er hos oss genom att anv\u00e4nda v\u00e5rt online\u00a0<a href=\"https:\/\/swedishnannycompany.se\/se\/familj\/registreringsformular-for-familj#text\">webbformul\u00e4r<\/a>\u00a0.<\/li><li>Steg 2\u00a0\u00a0\u00a0\u00a0 N\u00e4r vi har tagit emot det ifyllda registreringsformul\u00e4ret kommer vi att kontakta er f\u00f6r att v\u00e4lkomna er hj\u00e4rtligt till v\u00e5r f\u00f6rmedling och vi f\u00e5r m\u00f6jlighet att samtala n\u00e4rmare kring era \u00f6nskem\u00e5l och behov av barnomsorg.<\/li><li>Steg 3\u00a0\u00a0\u00a0\u00a0 S\u00e5 snart vi har hittat en kandidat\/kandidater som vi tror skulle vara en bra match skickar vi deras profil\/er till er och om ni \u00e4r n\u00f6jda med v\u00e5rt val arrangerar vi en intervju via Skype\/FaceTime eller via telefon med den nannyn ni \u00f6nskar intervjua. Om m\u00f6jlighet finns s\u00e5 ser vi till att ordna en personlig intervju med kandidaten i fr\u00e5ga.<\/li><li>Steg 4\u00a0\u00a0\u00a0\u00a0 Vi f\u00f6ljer alltid upp efter intervjun f\u00f6r att h\u00f6ra hur den g\u00e5tt. Den feedback ni ger oss \u00e4r en viktig del i processen.<\/li><li>Steg 5\u00a0\u00a0\u00a0\u00a0 Om intervjusamtalet\/m\u00f6tet ans\u00e5gs som lyckat och ni vill erbjuda nannyn positionen &#8211; grattis! Om ni vill att vi ska boka in en andra intervju med samma nanny kommer vi att ordna detta. Vi vill att ni ska k\u00e4nna er 100 % s\u00e4kra p\u00e5 ert slutliga beslut och val av nanny. <\/li><\/ol>\n\n\n\n<p class=\"has-text-align-center\"><strong>N\u00e4r ett erbjudande om anst\u00e4llning har framf\u00f6rts, antingen muntligt eller skriftligt, kan vi officiellt kalla sj\u00e4lva matchningen en succ\u00e9!<\/strong><\/p>\n","protected":false},"excerpt":{"rendered":"<p>F\u00f6lj i v\u00e5ra fotsteg medan vi guidar er genom processen om hur vi g\u00e5r till v\u00e4ga f\u00f6r att hitta den&#8230;<\/p>\n","protected":false},"author":1,"featured_media":0,"parent":380,"menu_order":4,"comment_status":"closed","ping_status":"closed","template":"","meta":{"_acf_changed":false,"inline_featured_image":false,"footnotes":""},"class_list":["post-423","page","type-page","status-publish","hentry"],"acf":[],"yoast_head":"<!-- This site is optimized with the Yoast SEO plugin v27.0 - https:\/\/yoast.com\/product\/yoast-seo-wordpress\/ -->\n<title>Hur vi g\u00e5r till v\u00e4ga - The Swedish Nanny Company<\/title>\n<meta name=\"robots\" content=\"index, follow, max-snippet:-1, max-image-preview:large, max-video-preview:-1\" \/>\n<link rel=\"canonical\" href=\"https:\/\/swedishnannycompany.se\/sv\/familj\/hur-vi-gar-till-vaga\/\" \/>\n<meta property=\"og:locale\" content=\"sv_SE\" \/>\n<meta property=\"og:type\" content=\"article\" \/>\n<meta property=\"og:title\" content=\"Hur vi g\u00e5r till v\u00e4ga - The Swedish Nanny Company\" \/>\n<meta property=\"og:description\" content=\"F\u00f6lj i v\u00e5ra fotsteg medan vi guidar er genom processen om hur vi g\u00e5r till v\u00e4ga f\u00f6r att hitta den...\" \/>\n<meta property=\"og:url\" content=\"https:\/\/swedishnannycompany.se\/sv\/familj\/hur-vi-gar-till-vaga\/\" \/>\n<meta property=\"og:site_name\" content=\"The Swedish Nanny Company\" \/>\n<meta property=\"article:modified_time\" content=\"2022-01-10T08:01:17+00:00\" \/>\n<meta name=\"twitter:card\" content=\"summary_large_image\" \/>\n<meta name=\"twitter:label1\" content=\"Ber\u00e4knad l\u00e4stid\" \/>\n\t<meta name=\"twitter:data1\" content=\"2 minuter\" \/>\n<script type=\"application\/ld+json\" class=\"yoast-schema-graph\">{\"@context\":\"https:\/\/schema.org\",\"@graph\":[{\"@type\":\"WebPage\",\"@id\":\"https:\/\/swedishnannycompany.se\/sv\/familj\/hur-vi-gar-till-vaga\/\",\"url\":\"https:\/\/swedishnannycompany.se\/sv\/familj\/hur-vi-gar-till-vaga\/\",\"name\":\"Hur vi g\u00e5r till v\u00e4ga - The Swedish Nanny Company\",\"isPartOf\":{\"@id\":\"https:\/\/swedishnannycompany.se\/sv\/#website\"},\"datePublished\":\"2019-08-23T07:02:00+00:00\",\"dateModified\":\"2022-01-10T08:01:17+00:00\",\"breadcrumb\":{\"@id\":\"https:\/\/swedishnannycompany.se\/sv\/familj\/hur-vi-gar-till-vaga\/#breadcrumb\"},\"inLanguage\":\"sv-SE\",\"potentialAction\":[{\"@type\":\"ReadAction\",\"target\":[\"https:\/\/swedishnannycompany.se\/sv\/familj\/hur-vi-gar-till-vaga\/\"]}]},{\"@type\":\"BreadcrumbList\",\"@id\":\"https:\/\/swedishnannycompany.se\/sv\/familj\/hur-vi-gar-till-vaga\/#breadcrumb\",\"itemListElement\":[{\"@type\":\"ListItem\",\"position\":1,\"name\":\"Hem\",\"item\":\"https:\/\/swedishnannycompany.se\/sv\/\"},{\"@type\":\"ListItem\",\"position\":2,\"name\":\"Familj\",\"item\":\"https:\/\/swedishnannycompany.se\/sv\/familj\/\"},{\"@type\":\"ListItem\",\"position\":3,\"name\":\"Hur vi g\u00e5r till v\u00e4ga\"}]},{\"@type\":\"WebSite\",\"@id\":\"https:\/\/swedishnannycompany.se\/sv\/#website\",\"url\":\"https:\/\/swedishnannycompany.se\/sv\/\",\"name\":\"The Swedish Nanny Company\",\"description\":\"With your child in mind\",\"publisher\":{\"@id\":\"https:\/\/swedishnannycompany.se\/sv\/#organization\"},\"potentialAction\":[{\"@type\":\"SearchAction\",\"target\":{\"@type\":\"EntryPoint\",\"urlTemplate\":\"https:\/\/swedishnannycompany.se\/sv\/?s={search_term_string}\"},\"query-input\":{\"@type\":\"PropertyValueSpecification\",\"valueRequired\":true,\"valueName\":\"search_term_string\"}}],\"inLanguage\":\"sv-SE\"},{\"@type\":\"Organization\",\"@id\":\"https:\/\/swedishnannycompany.se\/sv\/#organization\",\"name\":\"Swedish Nanny Company\",\"url\":\"https:\/\/swedishnannycompany.se\/sv\/\",\"logo\":{\"@type\":\"ImageObject\",\"inLanguage\":\"sv-SE\",\"@id\":\"https:\/\/swedishnannycompany.se\/sv\/#\/schema\/logo\/image\/\",\"url\":\"https:\/\/swedishnannycompany.se\/wp-content\/uploads\/2019\/08\/logo.png\",\"contentUrl\":\"https:\/\/swedishnannycompany.se\/wp-content\/uploads\/2019\/08\/logo.png\",\"width\":349,\"height\":174,\"caption\":\"Swedish Nanny Company\"},\"image\":{\"@id\":\"https:\/\/swedishnannycompany.se\/sv\/#\/schema\/logo\/image\/\"}}]}<\/script>\n<!-- \/ Yoast SEO plugin. -->","yoast_head_json":{"title":"Hur vi g\u00e5r till v\u00e4ga - The Swedish Nanny Company","robots":{"index":"index","follow":"follow","max-snippet":"max-snippet:-1","max-image-preview":"max-image-preview:large","max-video-preview":"max-video-preview:-1"},"canonical":"https:\/\/swedishnannycompany.se\/sv\/familj\/hur-vi-gar-till-vaga\/","og_locale":"sv_SE","og_type":"article","og_title":"Hur vi g\u00e5r till v\u00e4ga - The Swedish Nanny Company","og_description":"F\u00f6lj i v\u00e5ra fotsteg medan vi guidar er genom processen om hur vi g\u00e5r till v\u00e4ga f\u00f6r att hitta den...","og_url":"https:\/\/swedishnannycompany.se\/sv\/familj\/hur-vi-gar-till-vaga\/","og_site_name":"The Swedish Nanny Company","article_modified_time":"2022-01-10T08:01:17+00:00","twitter_card":"summary_large_image","twitter_misc":{"Ber\u00e4knad l\u00e4stid":"2 minuter"},"schema":{"@context":"https:\/\/schema.org","@graph":[{"@type":"WebPage","@id":"https:\/\/swedishnannycompany.se\/sv\/familj\/hur-vi-gar-till-vaga\/","url":"https:\/\/swedishnannycompany.se\/sv\/familj\/hur-vi-gar-till-vaga\/","name":"Hur vi g\u00e5r till v\u00e4ga - The Swedish Nanny Company","isPartOf":{"@id":"https:\/\/swedishnannycompany.se\/sv\/#website"},"datePublished":"2019-08-23T07:02:00+00:00","dateModified":"2022-01-10T08:01:17+00:00","breadcrumb":{"@id":"https:\/\/swedishnannycompany.se\/sv\/familj\/hur-vi-gar-till-vaga\/#breadcrumb"},"inLanguage":"sv-SE","potentialAction":[{"@type":"ReadAction","target":["https:\/\/swedishnannycompany.se\/sv\/familj\/hur-vi-gar-till-vaga\/"]}]},{"@type":"BreadcrumbList","@id":"https:\/\/swedishnannycompany.se\/sv\/familj\/hur-vi-gar-till-vaga\/#breadcrumb","itemListElement":[{"@type":"ListItem","position":1,"name":"Hem","item":"https:\/\/swedishnannycompany.se\/sv\/"},{"@type":"ListItem","position":2,"name":"Familj","item":"https:\/\/swedishnannycompany.se\/sv\/familj\/"},{"@type":"ListItem","position":3,"name":"Hur vi g\u00e5r till v\u00e4ga"}]},{"@type":"WebSite","@id":"https:\/\/swedishnannycompany.se\/sv\/#website","url":"https:\/\/swedishnannycompany.se\/sv\/","name":"The Swedish Nanny Company","description":"With your child in mind","publisher":{"@id":"https:\/\/swedishnannycompany.se\/sv\/#organization"},"potentialAction":[{"@type":"SearchAction","target":{"@type":"EntryPoint","urlTemplate":"https:\/\/swedishnannycompany.se\/sv\/?s={search_term_string}"},"query-input":{"@type":"PropertyValueSpecification","valueRequired":true,"valueName":"search_term_string"}}],"inLanguage":"sv-SE"},{"@type":"Organization","@id":"https:\/\/swedishnannycompany.se\/sv\/#organization","name":"Swedish Nanny Company","url":"https:\/\/swedishnannycompany.se\/sv\/","logo":{"@type":"ImageObject","inLanguage":"sv-SE","@id":"https:\/\/swedishnannycompany.se\/sv\/#\/schema\/logo\/image\/","url":"https:\/\/swedishnannycompany.se\/wp-content\/uploads\/2019\/08\/logo.png","contentUrl":"https:\/\/swedishnannycompany.se\/wp-content\/uploads\/2019\/08\/logo.png","width":349,"height":174,"caption":"Swedish Nanny Company"},"image":{"@id":"https:\/\/swedishnannycompany.se\/sv\/#\/schema\/logo\/image\/"}}]}},"_links":{"self":[{"href":"https:\/\/swedishnannycompany.se\/sv\/wp-json\/wp\/v2\/pages\/423","targetHints":{"allow":["GET"]}}],"collection":[{"href":"https:\/\/swedishnannycompany.se\/sv\/wp-json\/wp\/v2\/pages"}],"about":[{"href":"https:\/\/swedishnannycompany.se\/sv\/wp-json\/wp\/v2\/types\/page"}],"author":[{"embeddable":true,"href":"https:\/\/swedishnannycompany.se\/sv\/wp-json\/wp\/v2\/users\/1"}],"replies":[{"embeddable":true,"href":"https:\/\/swedishnannycompany.se\/sv\/wp-json\/wp\/v2\/comments?post=423"}],"version-history":[{"count":0,"href":"https:\/\/swedishnannycompany.se\/sv\/wp-json\/wp\/v2\/pages\/423\/revisions"}],"up":[{"embeddable":true,"href":"https:\/\/swedishnannycompany.se\/sv\/wp-json\/wp\/v2\/pages\/380"}],"wp:attachment":[{"href":"https:\/\/swedishnannycompany.se\/sv\/wp-json\/wp\/v2\/media?parent=423"}],"curies":[{"name":"wp","href":"https:\/\/api.w.org\/{rel}","templated":true}]}}