{"id":400,"date":"2019-08-22T11:37:38","date_gmt":"2019-08-22T11:37:38","guid":{"rendered":"https:\/\/swedishnannycompany.co.uk\/?page_id=400"},"modified":"2019-10-24T08:26:46","modified_gmt":"2019-10-24T08:26:46","slug":"varfor-anlita-var-formedling","status":"publish","type":"page","link":"https:\/\/swedishnannycompany.se\/sv\/familj\/varfor-anlita-var-formedling\/","title":{"rendered":"Varf\u00f6r anlita v\u00e5r f\u00f6rmedling?"},"content":{"rendered":"\n<p class=\"h1\">The Swedish Nanny Company<\/p>\n\n\n\n<h3 class=\"wp-block-heading\">&#8211;&nbsp;<em>f\u00f6r er trygghet<\/em><\/h3>\n\n\n\n<p>Vi f\u00f6rst\u00e5r att det kan k\u00e4nnas b\u00e5de stressande och aningens skr\u00e4mmande, men framf\u00f6rallt tidskr\u00e4vande, att f\u00f6rs\u00f6ka hitta&nbsp;<em>den perfekta nannyn<\/em>&nbsp;till ditt barn \u2013 och det \u00e4r just d\u00e4rf\u00f6r vi finns h\u00e4r f\u00f6r att kunna hj\u00e4lpa till! Bara \u00f6verl\u00e5t allt det kr\u00e5ngliga till oss. L\u00e5t oss g\u00f6ra livet lite enklare f\u00f6r er och kanske bespara er n\u00e5gra rynkor i pannan. Till\u00e5t er sj\u00e4lva att luta er tillbaka i den trygga vetskapen om att vi endast kommer att presentera de b\u00e4sta, handplockade kandidaterna f\u00f6r er.<\/p>\n\n\n\n<h2 class=\"wp-block-heading\">V\u00e5rt eftert\u00e4nksamma urval<\/h2>\n\n\n\n<p>Att v\u00e4lja r\u00e4tt nanny till sina barn \u00e4r utan tvekan ett viktigt beslut. Vi finns h\u00e4r f\u00f6r att g\u00f6ra beslutet enklare f\u00f6r er. V\u00e5rt urval av nannies baseras p\u00e5 noggrann eftert\u00e4nksamhet, s\u00e5 att vi verkligen kan f\u00f6rs\u00e4kra oss om att de \u00e4r kompetenta, p\u00e5litliga och verkligen brinner f\u00f6r barns h\u00e4lsa och v\u00e4lbefinnande. Innan en nanny \u00e4r fullt registrerad hos oss genomf\u00f6r vi en noggrann bakgrundskoll och l\u00e4gger ner mycket tid och energi p\u00e5 att kolla upp alla referenser och uppgifter som l\u00e4mnats. Om vi s\u00e4tter v\u00e5r kvalitetsst\u00e4mpel p\u00e5 en nanny \u2013 d\u00e5 \u00e4r det f\u00f6r att vi verkligen tror att han\/hon kommer att bli en fantastisk nanny f\u00f6r ditt barn!<\/p>\n\n\n\n<h2 class=\"wp-block-heading\">Att skapa ett team!<\/h2>\n\n\n\n<p>Vi p\u00e5 The Swedish Nanny Company l\u00e4gger stor vikt vid att l\u00e4ra k\u00e4nna v\u00e5ra kunder och deras behov. Ju n\u00e4rmare vi l\u00e4r k\u00e4nna er, desto b\u00e4ttre kan vi m\u00f6ta era \u00f6nskem\u00e5l. Vi kan \u00e4ven s\u00e4ga att vi \u00e4r stolta \u00f6ver att l\u00e4ra k\u00e4nna v\u00e5ra nannies v\u00e4l. V\u00e5r detaljerade ans\u00f6kningsprocess, referenstagning och intervjuer ger oss m\u00f6jligheten att personligen l\u00e4ra k\u00e4nna varje nanny, f\u00f6r att p\u00e5 s\u00e5 s\u00e4tt kunna g\u00f6ra den b\u00e4sta m\u00f6jliga matchningen mellan v\u00e5ra nannies och kunder. Er nanny kommer inte bara att bli en del av ert hush\u00e5ll, hon\/han kommer ocks\u00e5 att bli som en i familjen. D\u00e4rf\u00f6r \u00e4r vi mycket stolta \u00f6ver att kunna matcha ihop v\u00e5ra h\u00f6gkvalitativa kandidater med familjer f\u00f6r att skapa ett team som samverkar kring de allra viktigaste medlemmarna i familjen, barnen.<\/p>\n\n\n\n<h2 class=\"wp-block-heading\">Ett m\u00f6jligt uppdrag<\/h2>\n\n\n\n<p>V\u00e5rt fokus \u00e4r tydligt! The Swedish Nanny Company har ert barn i \u00e5tanke och v\u00e5rt uppdrag \u00e4r att leverera utm\u00e4rkt barnomsorg till er.<\/p>\n\n\n\n<p>F\u00f6rutom professionell nannyf\u00f6rmedling och h\u00f6gkvalitativ barnomsorg kan The Swedish Nanny Company \u00e4ven erbjuda er:<\/p>\n\n\n\n<ul class=\"wp-block-list\"><li>En \u00f6ppen, \u00e4rlig, h\u00f6gpresterande och engagerad f\u00f6retagsanda &#8211; vi tror att om man f\u00e5r jobba med det man \u00e4lskar att g\u00f6ra, skapas ett otroligt engagerat team som verkligen brinner f\u00f6r sitt jobb!<\/li><li>Professionella r\u00e5d kring barnomsorg &#8211; vi finns tillg\u00e4ngliga f\u00f6r att efter b\u00e4sta f\u00f6rm\u00e5ga kunna svara p\u00e5 era fr\u00e5gor!<\/li><li>St\u00f6d och v\u00e4gledning genom hela processen i att hitta r\u00e4tt l\u00f6sning f\u00f6r era behov &#8211; vi \u00e4r inte n\u00f6jda f\u00f6rr\u00e4n ni och era barn \u00e4r det!<\/li><\/ul>\n","protected":false},"excerpt":{"rendered":"<p>The Swedish Nanny Company &#8211;&nbsp;f\u00f6r er trygghet Vi f\u00f6rst\u00e5r att det kan k\u00e4nnas b\u00e5de stressande och aningens skr\u00e4mmande, men framf\u00f6rallt&#8230;<\/p>\n","protected":false},"author":1,"featured_media":0,"parent":380,"menu_order":2,"comment_status":"closed","ping_status":"closed","template":"","meta":{"_acf_changed":false,"inline_featured_image":false,"footnotes":""},"class_list":["post-400","page","type-page","status-publish","hentry"],"acf":[],"yoast_head":"<!-- This site is optimized with the Yoast SEO plugin v27.0 - https:\/\/yoast.com\/product\/yoast-seo-wordpress\/ -->\n<title>Varf\u00f6r anlita v\u00e5r f\u00f6rmedling? - The Swedish Nanny Company<\/title>\n<meta name=\"robots\" content=\"index, follow, max-snippet:-1, max-image-preview:large, max-video-preview:-1\" \/>\n<link rel=\"canonical\" href=\"https:\/\/swedishnannycompany.se\/sv\/familj\/varfor-anlita-var-formedling\/\" \/>\n<meta property=\"og:locale\" content=\"sv_SE\" \/>\n<meta property=\"og:type\" content=\"article\" \/>\n<meta property=\"og:title\" content=\"Varf\u00f6r anlita v\u00e5r f\u00f6rmedling? - The Swedish Nanny Company\" \/>\n<meta property=\"og:description\" content=\"The Swedish Nanny Company &#8211;&nbsp;f\u00f6r er trygghet Vi f\u00f6rst\u00e5r att det kan k\u00e4nnas b\u00e5de stressande och aningens skr\u00e4mmande, men framf\u00f6rallt...\" \/>\n<meta property=\"og:url\" content=\"https:\/\/swedishnannycompany.se\/sv\/familj\/varfor-anlita-var-formedling\/\" \/>\n<meta property=\"og:site_name\" content=\"The Swedish Nanny Company\" \/>\n<meta property=\"article:modified_time\" content=\"2019-10-24T08:26:46+00:00\" \/>\n<meta name=\"twitter:card\" content=\"summary_large_image\" \/>\n<meta name=\"twitter:label1\" content=\"Ber\u00e4knad l\u00e4stid\" \/>\n\t<meta name=\"twitter:data1\" content=\"3 minuter\" \/>\n<script type=\"application\/ld+json\" class=\"yoast-schema-graph\">{\"@context\":\"https:\/\/schema.org\",\"@graph\":[{\"@type\":\"WebPage\",\"@id\":\"https:\/\/swedishnannycompany.se\/sv\/familj\/varfor-anlita-var-formedling\/\",\"url\":\"https:\/\/swedishnannycompany.se\/sv\/familj\/varfor-anlita-var-formedling\/\",\"name\":\"Varf\u00f6r anlita v\u00e5r f\u00f6rmedling? - The Swedish Nanny Company\",\"isPartOf\":{\"@id\":\"https:\/\/swedishnannycompany.se\/sv\/#website\"},\"datePublished\":\"2019-08-22T11:37:38+00:00\",\"dateModified\":\"2019-10-24T08:26:46+00:00\",\"breadcrumb\":{\"@id\":\"https:\/\/swedishnannycompany.se\/sv\/familj\/varfor-anlita-var-formedling\/#breadcrumb\"},\"inLanguage\":\"sv-SE\",\"potentialAction\":[{\"@type\":\"ReadAction\",\"target\":[\"https:\/\/swedishnannycompany.se\/sv\/familj\/varfor-anlita-var-formedling\/\"]}]},{\"@type\":\"BreadcrumbList\",\"@id\":\"https:\/\/swedishnannycompany.se\/sv\/familj\/varfor-anlita-var-formedling\/#breadcrumb\",\"itemListElement\":[{\"@type\":\"ListItem\",\"position\":1,\"name\":\"Hem\",\"item\":\"https:\/\/swedishnannycompany.se\/sv\/\"},{\"@type\":\"ListItem\",\"position\":2,\"name\":\"Familj\",\"item\":\"https:\/\/swedishnannycompany.se\/sv\/familj\/\"},{\"@type\":\"ListItem\",\"position\":3,\"name\":\"Varf\u00f6r anlita v\u00e5r f\u00f6rmedling?\"}]},{\"@type\":\"WebSite\",\"@id\":\"https:\/\/swedishnannycompany.se\/sv\/#website\",\"url\":\"https:\/\/swedishnannycompany.se\/sv\/\",\"name\":\"The Swedish Nanny Company\",\"description\":\"With your child in mind\",\"publisher\":{\"@id\":\"https:\/\/swedishnannycompany.se\/sv\/#organization\"},\"potentialAction\":[{\"@type\":\"SearchAction\",\"target\":{\"@type\":\"EntryPoint\",\"urlTemplate\":\"https:\/\/swedishnannycompany.se\/sv\/?s={search_term_string}\"},\"query-input\":{\"@type\":\"PropertyValueSpecification\",\"valueRequired\":true,\"valueName\":\"search_term_string\"}}],\"inLanguage\":\"sv-SE\"},{\"@type\":\"Organization\",\"@id\":\"https:\/\/swedishnannycompany.se\/sv\/#organization\",\"name\":\"Swedish Nanny Company\",\"url\":\"https:\/\/swedishnannycompany.se\/sv\/\",\"logo\":{\"@type\":\"ImageObject\",\"inLanguage\":\"sv-SE\",\"@id\":\"https:\/\/swedishnannycompany.se\/sv\/#\/schema\/logo\/image\/\",\"url\":\"https:\/\/swedishnannycompany.se\/wp-content\/uploads\/2019\/08\/logo.png\",\"contentUrl\":\"https:\/\/swedishnannycompany.se\/wp-content\/uploads\/2019\/08\/logo.png\",\"width\":349,\"height\":174,\"caption\":\"Swedish Nanny Company\"},\"image\":{\"@id\":\"https:\/\/swedishnannycompany.se\/sv\/#\/schema\/logo\/image\/\"}}]}<\/script>\n<!-- \/ Yoast SEO plugin. -->","yoast_head_json":{"title":"Varf\u00f6r anlita v\u00e5r f\u00f6rmedling? - The Swedish Nanny Company","robots":{"index":"index","follow":"follow","max-snippet":"max-snippet:-1","max-image-preview":"max-image-preview:large","max-video-preview":"max-video-preview:-1"},"canonical":"https:\/\/swedishnannycompany.se\/sv\/familj\/varfor-anlita-var-formedling\/","og_locale":"sv_SE","og_type":"article","og_title":"Varf\u00f6r anlita v\u00e5r f\u00f6rmedling? - The Swedish Nanny Company","og_description":"The Swedish Nanny Company &#8211;&nbsp;f\u00f6r er trygghet Vi f\u00f6rst\u00e5r att det kan k\u00e4nnas b\u00e5de stressande och aningens skr\u00e4mmande, men framf\u00f6rallt...","og_url":"https:\/\/swedishnannycompany.se\/sv\/familj\/varfor-anlita-var-formedling\/","og_site_name":"The Swedish Nanny Company","article_modified_time":"2019-10-24T08:26:46+00:00","twitter_card":"summary_large_image","twitter_misc":{"Ber\u00e4knad l\u00e4stid":"3 minuter"},"schema":{"@context":"https:\/\/schema.org","@graph":[{"@type":"WebPage","@id":"https:\/\/swedishnannycompany.se\/sv\/familj\/varfor-anlita-var-formedling\/","url":"https:\/\/swedishnannycompany.se\/sv\/familj\/varfor-anlita-var-formedling\/","name":"Varf\u00f6r anlita v\u00e5r f\u00f6rmedling? - The Swedish Nanny Company","isPartOf":{"@id":"https:\/\/swedishnannycompany.se\/sv\/#website"},"datePublished":"2019-08-22T11:37:38+00:00","dateModified":"2019-10-24T08:26:46+00:00","breadcrumb":{"@id":"https:\/\/swedishnannycompany.se\/sv\/familj\/varfor-anlita-var-formedling\/#breadcrumb"},"inLanguage":"sv-SE","potentialAction":[{"@type":"ReadAction","target":["https:\/\/swedishnannycompany.se\/sv\/familj\/varfor-anlita-var-formedling\/"]}]},{"@type":"BreadcrumbList","@id":"https:\/\/swedishnannycompany.se\/sv\/familj\/varfor-anlita-var-formedling\/#breadcrumb","itemListElement":[{"@type":"ListItem","position":1,"name":"Hem","item":"https:\/\/swedishnannycompany.se\/sv\/"},{"@type":"ListItem","position":2,"name":"Familj","item":"https:\/\/swedishnannycompany.se\/sv\/familj\/"},{"@type":"ListItem","position":3,"name":"Varf\u00f6r anlita v\u00e5r f\u00f6rmedling?"}]},{"@type":"WebSite","@id":"https:\/\/swedishnannycompany.se\/sv\/#website","url":"https:\/\/swedishnannycompany.se\/sv\/","name":"The Swedish Nanny Company","description":"With your child in mind","publisher":{"@id":"https:\/\/swedishnannycompany.se\/sv\/#organization"},"potentialAction":[{"@type":"SearchAction","target":{"@type":"EntryPoint","urlTemplate":"https:\/\/swedishnannycompany.se\/sv\/?s={search_term_string}"},"query-input":{"@type":"PropertyValueSpecification","valueRequired":true,"valueName":"search_term_string"}}],"inLanguage":"sv-SE"},{"@type":"Organization","@id":"https:\/\/swedishnannycompany.se\/sv\/#organization","name":"Swedish Nanny Company","url":"https:\/\/swedishnannycompany.se\/sv\/","logo":{"@type":"ImageObject","inLanguage":"sv-SE","@id":"https:\/\/swedishnannycompany.se\/sv\/#\/schema\/logo\/image\/","url":"https:\/\/swedishnannycompany.se\/wp-content\/uploads\/2019\/08\/logo.png","contentUrl":"https:\/\/swedishnannycompany.se\/wp-content\/uploads\/2019\/08\/logo.png","width":349,"height":174,"caption":"Swedish Nanny Company"},"image":{"@id":"https:\/\/swedishnannycompany.se\/sv\/#\/schema\/logo\/image\/"}}]}},"_links":{"self":[{"href":"https:\/\/swedishnannycompany.se\/sv\/wp-json\/wp\/v2\/pages\/400","targetHints":{"allow":["GET"]}}],"collection":[{"href":"https:\/\/swedishnannycompany.se\/sv\/wp-json\/wp\/v2\/pages"}],"about":[{"href":"https:\/\/swedishnannycompany.se\/sv\/wp-json\/wp\/v2\/types\/page"}],"author":[{"embeddable":true,"href":"https:\/\/swedishnannycompany.se\/sv\/wp-json\/wp\/v2\/users\/1"}],"replies":[{"embeddable":true,"href":"https:\/\/swedishnannycompany.se\/sv\/wp-json\/wp\/v2\/comments?post=400"}],"version-history":[{"count":0,"href":"https:\/\/swedishnannycompany.se\/sv\/wp-json\/wp\/v2\/pages\/400\/revisions"}],"up":[{"embeddable":true,"href":"https:\/\/swedishnannycompany.se\/sv\/wp-json\/wp\/v2\/pages\/380"}],"wp:attachment":[{"href":"https:\/\/swedishnannycompany.se\/sv\/wp-json\/wp\/v2\/media?parent=400"}],"curies":[{"name":"wp","href":"https:\/\/api.w.org\/{rel}","templated":true}]}}