{"id":384,"date":"2019-08-22T08:22:31","date_gmt":"2019-08-22T08:22:31","guid":{"rendered":"https:\/\/swedishnannycompany.co.uk\/?page_id=384"},"modified":"2019-10-23T13:27:32","modified_gmt":"2019-10-23T13:27:32","slug":"var-filosofi","status":"publish","type":"page","link":"https:\/\/swedishnannycompany.se\/sv\/om-oss\/var-filosofi\/","title":{"rendered":"V\u00e5r filosofi"},"content":{"rendered":"\n<p>Vi tror att en k\u00e4rleksfull, trygg och stabil hemmilj\u00f6, d\u00e4r f\u00f6r\u00e4ldrar och nanny arbetar som ett team, skapar en bra&nbsp;plattform&nbsp;f\u00f6r barnet att kunna v\u00e4xa i sj\u00e4lvf\u00f6rtroende och som samtidigt ger en k\u00e4nsla av tillh\u00f6righet.<\/p>\n\n\n\n<p>Vi tror \u00e4ven att relationer utg\u00f6r sj\u00e4lva k\u00e4rnan av barns tidiga inl\u00e4rning och utveckling. Samspelet mellan barnet och den vuxne \u00e4r d\u00e4rf\u00f6r viktigt f\u00f6r hans\/hennes positiva utveckling. Vi tror p\u00e5 vikten av stimulans och v\u00e4gledning av vuxna f\u00f6r att \u00f6ka barnets kompetens och dess f\u00f6rm\u00e5ga att inh\u00e4mta nya kunskaper och insikter genom egen aktivitet. Vi ser barnet som en kompetent och unik individ, med r\u00e4ttigheter snarare \u00e4n enbart behov.<\/p>\n\n\n\n<p>Nannyn har en mycket viktig roll i barnets liv, och det \u00e4r d\u00e4rf\u00f6r inte bara viktigt att nannyn interagerar med barnet, utan \u00e4ven&nbsp;<strong>hur<\/strong>&nbsp;hon\/han interagerar med barnet. Alla barn f\u00f6rtj\u00e4nar en k\u00e4rleksfull och engagerad nanny som verkligen tycker om att umg\u00e5s med dem, bekr\u00e4ftar dem och f\u00e5r dem att k\u00e4nna sig speciella. Barn beh\u00f6ver dessutom ocks\u00e5 en kreativ, stimulerande och st\u00e4ndigt uppmuntrande milj\u00f6 f\u00f6r att de ska kunna utvecklas och n\u00e5 sin fulla potential.<br><br>The Swedish Nanny Company betonar vikten av att nannyn:<\/p>\n\n\n\n<ul class=\"wp-block-list\"><li>alltid har barnets b\u00e4sta i \u00e5tanke<\/li><li>\u00e4r lyh\u00f6rd f\u00f6r barnets behov och stora tankar<\/li><li>aktivt interagerar med barnet<\/li><li>kan se v\u00e4rlden genom ett barns \u00f6gon &#8211; och delar gl\u00e4djen i att utforska den!<\/li><li>vill ha en dialog med barnet och ser det charmiga i fr\u00e5gan VARF\u00d6R?<\/li><li>fr\u00e4mjar leken, kreativiteten och det lustfyllda l\u00e4randet samt tar till vara och st\u00e4rker barnets intresse f\u00f6r att l\u00e4ra och er\u00f6vra nya erfarenheter, kunskaper och f\u00e4rdigheter<\/li><li>vill utveckla barnets k\u00e4nslom\u00e4ssiga, intellektuella s\u00e5v\u00e4l som fysiska behov (och har f\u00f6rm\u00e5gan att kunna g\u00f6ra detta)<\/li><li>skapar tydliga gr\u00e4nser f\u00f6r barnet och understryker vikten av \u00f6msesidig respekt<\/li><li>\u00e4r en positiv f\u00f6rebild som lever som han\/hon l\u00e4r<\/li><li>f\u00f6rst\u00e5r vikten av en bra arbetsrelation med f\u00f6r\u00e4ldrarna och kommunicerar p\u00e5 ett \u00f6ppet s\u00e4tt med hush\u00e5llets andra medlemmar<\/li><li>kan \u00e5ta sig minst ett \u00e5rs anst\u00e4llning, g\u00e4rna l\u00e4ngre. Varf\u00f6r?<\/li><\/ul>\n\n\n\n<p>The Swedish Nanny Company f\u00f6respr\u00e5kar en l\u00e5ngsiktig relation mellan nannyn och familjen. Varje n\u00e4ra relation g\u00f6r stor inverkan p\u00e5 oss m\u00e4nniskor &#8211; och s\u00e4rskilt barn som ofta utvecklar ett starkt band till sin nanny.<\/p>\n\n\n\n<p style=\"text-align:center\"><strong>The Swedish Nanny Company st\u00e5r f\u00f6r kvalitet, inte endast kvantitet!<\/strong><\/p>\n","protected":false},"excerpt":{"rendered":"<p>Vi tror att en k\u00e4rleksfull, trygg och stabil hemmilj\u00f6, d\u00e4r f\u00f6r\u00e4ldrar och nanny arbetar som ett team, skapar en bra&nbsp;plattform&nbsp;f\u00f6r&#8230;<\/p>\n","protected":false},"author":1,"featured_media":0,"parent":623,"menu_order":1,"comment_status":"closed","ping_status":"closed","template":"","meta":{"_acf_changed":false,"inline_featured_image":false,"footnotes":""},"class_list":["post-384","page","type-page","status-publish","hentry"],"acf":[],"yoast_head":"<!-- This site is optimized with the Yoast SEO plugin v27.0 - https:\/\/yoast.com\/product\/yoast-seo-wordpress\/ -->\n<title>V\u00e5r filosofi - The Swedish Nanny Company<\/title>\n<meta name=\"robots\" content=\"index, follow, max-snippet:-1, max-image-preview:large, max-video-preview:-1\" \/>\n<link rel=\"canonical\" href=\"https:\/\/swedishnannycompany.se\/sv\/om-oss\/var-filosofi\/\" \/>\n<meta property=\"og:locale\" content=\"sv_SE\" \/>\n<meta property=\"og:type\" content=\"article\" \/>\n<meta property=\"og:title\" content=\"V\u00e5r filosofi - The Swedish Nanny Company\" \/>\n<meta property=\"og:description\" content=\"Vi tror att en k\u00e4rleksfull, trygg och stabil hemmilj\u00f6, d\u00e4r f\u00f6r\u00e4ldrar och nanny arbetar som ett team, skapar en bra&nbsp;plattform&nbsp;f\u00f6r...\" \/>\n<meta property=\"og:url\" content=\"https:\/\/swedishnannycompany.se\/sv\/om-oss\/var-filosofi\/\" \/>\n<meta property=\"og:site_name\" content=\"The Swedish Nanny Company\" \/>\n<meta property=\"article:modified_time\" content=\"2019-10-23T13:27:32+00:00\" \/>\n<meta name=\"twitter:card\" content=\"summary_large_image\" \/>\n<meta name=\"twitter:label1\" content=\"Ber\u00e4knad l\u00e4stid\" \/>\n\t<meta name=\"twitter:data1\" content=\"2 minuter\" \/>\n<script type=\"application\/ld+json\" class=\"yoast-schema-graph\">{\"@context\":\"https:\/\/schema.org\",\"@graph\":[{\"@type\":\"WebPage\",\"@id\":\"https:\/\/swedishnannycompany.se\/sv\/om-oss\/var-filosofi\/\",\"url\":\"https:\/\/swedishnannycompany.se\/sv\/om-oss\/var-filosofi\/\",\"name\":\"V\u00e5r filosofi - The Swedish Nanny Company\",\"isPartOf\":{\"@id\":\"https:\/\/swedishnannycompany.se\/sv\/#website\"},\"datePublished\":\"2019-08-22T08:22:31+00:00\",\"dateModified\":\"2019-10-23T13:27:32+00:00\",\"breadcrumb\":{\"@id\":\"https:\/\/swedishnannycompany.se\/sv\/om-oss\/var-filosofi\/#breadcrumb\"},\"inLanguage\":\"sv-SE\",\"potentialAction\":[{\"@type\":\"ReadAction\",\"target\":[\"https:\/\/swedishnannycompany.se\/sv\/om-oss\/var-filosofi\/\"]}]},{\"@type\":\"BreadcrumbList\",\"@id\":\"https:\/\/swedishnannycompany.se\/sv\/om-oss\/var-filosofi\/#breadcrumb\",\"itemListElement\":[{\"@type\":\"ListItem\",\"position\":1,\"name\":\"Hem\",\"item\":\"https:\/\/swedishnannycompany.se\/sv\/\"},{\"@type\":\"ListItem\",\"position\":2,\"name\":\"Om oss\",\"item\":\"https:\/\/swedishnannycompany.se\/sv\/om-oss\/\"},{\"@type\":\"ListItem\",\"position\":3,\"name\":\"V\u00e5r filosofi\"}]},{\"@type\":\"WebSite\",\"@id\":\"https:\/\/swedishnannycompany.se\/sv\/#website\",\"url\":\"https:\/\/swedishnannycompany.se\/sv\/\",\"name\":\"The Swedish Nanny Company\",\"description\":\"With your child in mind\",\"publisher\":{\"@id\":\"https:\/\/swedishnannycompany.se\/sv\/#organization\"},\"potentialAction\":[{\"@type\":\"SearchAction\",\"target\":{\"@type\":\"EntryPoint\",\"urlTemplate\":\"https:\/\/swedishnannycompany.se\/sv\/?s={search_term_string}\"},\"query-input\":{\"@type\":\"PropertyValueSpecification\",\"valueRequired\":true,\"valueName\":\"search_term_string\"}}],\"inLanguage\":\"sv-SE\"},{\"@type\":\"Organization\",\"@id\":\"https:\/\/swedishnannycompany.se\/sv\/#organization\",\"name\":\"Swedish Nanny Company\",\"url\":\"https:\/\/swedishnannycompany.se\/sv\/\",\"logo\":{\"@type\":\"ImageObject\",\"inLanguage\":\"sv-SE\",\"@id\":\"https:\/\/swedishnannycompany.se\/sv\/#\/schema\/logo\/image\/\",\"url\":\"https:\/\/swedishnannycompany.se\/wp-content\/uploads\/2019\/08\/logo.png\",\"contentUrl\":\"https:\/\/swedishnannycompany.se\/wp-content\/uploads\/2019\/08\/logo.png\",\"width\":349,\"height\":174,\"caption\":\"Swedish Nanny Company\"},\"image\":{\"@id\":\"https:\/\/swedishnannycompany.se\/sv\/#\/schema\/logo\/image\/\"}}]}<\/script>\n<!-- \/ Yoast SEO plugin. -->","yoast_head_json":{"title":"V\u00e5r filosofi - The Swedish Nanny Company","robots":{"index":"index","follow":"follow","max-snippet":"max-snippet:-1","max-image-preview":"max-image-preview:large","max-video-preview":"max-video-preview:-1"},"canonical":"https:\/\/swedishnannycompany.se\/sv\/om-oss\/var-filosofi\/","og_locale":"sv_SE","og_type":"article","og_title":"V\u00e5r filosofi - The Swedish Nanny Company","og_description":"Vi tror att en k\u00e4rleksfull, trygg och stabil hemmilj\u00f6, d\u00e4r f\u00f6r\u00e4ldrar och nanny arbetar som ett team, skapar en bra&nbsp;plattform&nbsp;f\u00f6r...","og_url":"https:\/\/swedishnannycompany.se\/sv\/om-oss\/var-filosofi\/","og_site_name":"The Swedish Nanny Company","article_modified_time":"2019-10-23T13:27:32+00:00","twitter_card":"summary_large_image","twitter_misc":{"Ber\u00e4knad l\u00e4stid":"2 minuter"},"schema":{"@context":"https:\/\/schema.org","@graph":[{"@type":"WebPage","@id":"https:\/\/swedishnannycompany.se\/sv\/om-oss\/var-filosofi\/","url":"https:\/\/swedishnannycompany.se\/sv\/om-oss\/var-filosofi\/","name":"V\u00e5r filosofi - The Swedish Nanny Company","isPartOf":{"@id":"https:\/\/swedishnannycompany.se\/sv\/#website"},"datePublished":"2019-08-22T08:22:31+00:00","dateModified":"2019-10-23T13:27:32+00:00","breadcrumb":{"@id":"https:\/\/swedishnannycompany.se\/sv\/om-oss\/var-filosofi\/#breadcrumb"},"inLanguage":"sv-SE","potentialAction":[{"@type":"ReadAction","target":["https:\/\/swedishnannycompany.se\/sv\/om-oss\/var-filosofi\/"]}]},{"@type":"BreadcrumbList","@id":"https:\/\/swedishnannycompany.se\/sv\/om-oss\/var-filosofi\/#breadcrumb","itemListElement":[{"@type":"ListItem","position":1,"name":"Hem","item":"https:\/\/swedishnannycompany.se\/sv\/"},{"@type":"ListItem","position":2,"name":"Om oss","item":"https:\/\/swedishnannycompany.se\/sv\/om-oss\/"},{"@type":"ListItem","position":3,"name":"V\u00e5r filosofi"}]},{"@type":"WebSite","@id":"https:\/\/swedishnannycompany.se\/sv\/#website","url":"https:\/\/swedishnannycompany.se\/sv\/","name":"The Swedish Nanny Company","description":"With your child in mind","publisher":{"@id":"https:\/\/swedishnannycompany.se\/sv\/#organization"},"potentialAction":[{"@type":"SearchAction","target":{"@type":"EntryPoint","urlTemplate":"https:\/\/swedishnannycompany.se\/sv\/?s={search_term_string}"},"query-input":{"@type":"PropertyValueSpecification","valueRequired":true,"valueName":"search_term_string"}}],"inLanguage":"sv-SE"},{"@type":"Organization","@id":"https:\/\/swedishnannycompany.se\/sv\/#organization","name":"Swedish Nanny Company","url":"https:\/\/swedishnannycompany.se\/sv\/","logo":{"@type":"ImageObject","inLanguage":"sv-SE","@id":"https:\/\/swedishnannycompany.se\/sv\/#\/schema\/logo\/image\/","url":"https:\/\/swedishnannycompany.se\/wp-content\/uploads\/2019\/08\/logo.png","contentUrl":"https:\/\/swedishnannycompany.se\/wp-content\/uploads\/2019\/08\/logo.png","width":349,"height":174,"caption":"Swedish Nanny Company"},"image":{"@id":"https:\/\/swedishnannycompany.se\/sv\/#\/schema\/logo\/image\/"}}]}},"_links":{"self":[{"href":"https:\/\/swedishnannycompany.se\/sv\/wp-json\/wp\/v2\/pages\/384","targetHints":{"allow":["GET"]}}],"collection":[{"href":"https:\/\/swedishnannycompany.se\/sv\/wp-json\/wp\/v2\/pages"}],"about":[{"href":"https:\/\/swedishnannycompany.se\/sv\/wp-json\/wp\/v2\/types\/page"}],"author":[{"embeddable":true,"href":"https:\/\/swedishnannycompany.se\/sv\/wp-json\/wp\/v2\/users\/1"}],"replies":[{"embeddable":true,"href":"https:\/\/swedishnannycompany.se\/sv\/wp-json\/wp\/v2\/comments?post=384"}],"version-history":[{"count":0,"href":"https:\/\/swedishnannycompany.se\/sv\/wp-json\/wp\/v2\/pages\/384\/revisions"}],"up":[{"embeddable":true,"href":"https:\/\/swedishnannycompany.se\/sv\/wp-json\/wp\/v2\/pages\/623"}],"wp:attachment":[{"href":"https:\/\/swedishnannycompany.se\/sv\/wp-json\/wp\/v2\/media?parent=384"}],"curies":[{"name":"wp","href":"https:\/\/api.w.org\/{rel}","templated":true}]}}