{"id":347,"date":"2019-02-21T12:47:17","date_gmt":"2019-02-21T12:47:17","guid":{"rendered":"http:\/\/phoenixstable.wpengine.com\/?page_id=347"},"modified":"2019-12-04T09:55:50","modified_gmt":"2019-12-04T09:55:50","slug":"sekretessinformation","status":"publish","type":"page","link":"https:\/\/swedishnannycompany.se\/sv\/sekretessinformation\/","title":{"rendered":"Sekretessinformation"},"content":{"rendered":"<p>The Swedish Nanny Company Ltd.\u00a0v\u00e4rnar om v\u00e5ra bes\u00f6kare och v\u00e5ra kunders s\u00e4kerhet och integritet. V\u00e5r webbplats \u00e4r krypterad med HTTPS\/SSL-certifikat. Kryptering g\u00f6r det sv\u00e5rt f\u00f6r obeh\u00f6riga personer att se information som skickas mellan datorer. Vi uppmanar dig att l\u00e4sa igenom f\u00f6ljande sekretessinformation d\u00e5 den bl.a. beskriver hur vi hanterar personuppgifter och kakor (cookies). Ta g\u00e4rna del av denna information vid varje bes\u00f6k d\u00e5 den kan \u00e4ndras fr\u00e5n tid till annan. N\u00e4r du bes\u00f6ker v\u00e5r webbplats och aktivt klickar i att du accepterar lagring av kakor och godk\u00e4nner v\u00e5r sekretesspolicy samt n\u00e4r du aktivt klickar i samtycke till hantering av personuppgifter vid ifyllande av v\u00e5rt kontaktformul\u00e4r, samtycker du till att vi behandlar dina personuppgifter i enlighet med denna policy.<\/p>\n<h3>Kakor<\/h3>\n<p>En kaka \u00e4r en liten datafil med text som sparas i din webbl\u00e4sare. Det finns tv\u00e5 typer av kakor, permanenta och tempor\u00e4ra (&#8221;session-kakor&#8221;). Permanenta kakor lagras som en fil p\u00e5 din dator eller mobil under en viss tid tills du sj\u00e4lv, eller servern som s\u00e4nt dem, raderar dem. Sessions-kakor lagras tillf\u00e4lligt och f\u00f6rsvinner n\u00e4r du st\u00e4nger din webbl\u00e4sare. Hur anv\u00e4nder vi kakor? Vi anv\u00e4nder dessa f\u00f6r att kunna ge dig som bes\u00f6kare b\u00e4ttre service. En del kakor anv\u00e4nds f\u00f6r att samla statistik om antalet bes\u00f6kare p\u00e5 webbplatsen medan andra anv\u00e4nds f\u00f6r att inh\u00e4mta information om vilket operativsystem och vilken webbl\u00e4sare, samt vilka versioner av dessa, som bes\u00f6karna anv\u00e4nder, hur v\u00e5r webbplats anv\u00e4nds och hur vi kan f\u00f6rb\u00e4ttra den, vilka sidor som \u00e4r popul\u00e4ra och mindre popul\u00e4ra, etc. Denna information g\u00f6r det m\u00f6jligt f\u00f6r oss att utveckla och optimera v\u00e5r webbplats. Som bes\u00f6kare ska du k\u00e4nna till vilka kakor vi anv\u00e4nder och varf\u00f6r. Genom att aktivt trycka p\u00e5 knappen &#8221;Jag accepterar&#8221; godk\u00e4nner du att vi placerar dessa kakor p\u00e5 din dator samt \u00f6vriga villkor i denna policy. Du kan \u00e4ven bes\u00f6ka v\u00e5r webbplats utan att kakor lagras p\u00e5 din dator genom att inaktivera kakor i din webbl\u00e4sare \/ browser innan du bes\u00f6ker v\u00e5r webbplats. Att inaktivera kakor kan ha en negativ p\u00e5verkan p\u00e5 funktionalitet och anv\u00e4ndarv\u00e4nligheten p\u00e5 v\u00e5r webbsida. Se manual f\u00f6r att hantera kakor f\u00f6r de mest k\u00e4nda webbl\u00e4sarna.<\/p>\n<p>Firefox: https:\/\/support.mozilla.org\/sv\/kb\/Blockera%20kakor#w_blockera-kakor-fair-en-enskild-webbplats<br \/>\nChrome: https:\/\/support.google.com\/accounts\/answer\/61416?co=GENIE.Platform%3DDesktop&amp;hl=sv<br \/>\nSafari: https:\/\/support.apple.com\/sv-se\/guide\/safari\/sfri11471\/mac<br \/>\nEdge: https:\/\/support.microsoft.com\/sv-se\/help\/10607\/microsoft-edge-view-delete-browser-history<br \/>\nOpera: http:\/\/help.opera.com\/Windows\/10.20\/sv\/cookies.html<br \/>\nInternet Explorer: https:\/\/support.microsoft.com\/sv-se\/help\/17442\/windows-internet-explorer-delete-manage-cookies<\/p>\n<p>Post- och telestyrelsen, som \u00e4r tillsynsmyndighet p\u00e5 omr\u00e5det, l\u00e4mnar ytterligare information om kakor p\u00e5 sin webbplats, http:\/\/www.pts.se<\/p>\n<h3>Insamling och bearbetning av personuppgifter<\/h3>\n<p>The Swedish Nanny Company Ltd. \u00e4r Personuppgiftsansvarig f\u00f6r de uppgifter som samlas in genom webbplatsen. Vi samlar endast in personuppgifter som du sj\u00e4lv l\u00e4mnar till oss n\u00e4r du registrerar dig, fyller i formul\u00e4r eller skickar e-post, n\u00e4r du best\u00e4ller produkter eller tj\u00e4nster, g\u00f6r f\u00f6rfr\u00e5gningar om best\u00e4llt material eller liknande d\u00e5 du sj\u00e4lv valt att l\u00e4mna informationen till oss. Personuppgifterna samlas in och behandlas i syfte att administrera den \u00e5tg\u00e4rd som du har beg\u00e4rt, eller enligt vad som kr\u00e4vs enligt lag, och sparas inte l\u00e4ngre \u00e4n vad som kr\u00e4vs f\u00f6r att fullg\u00f6ra detta syfte. N\u00e4r du skickar en kontaktf\u00f6rfr\u00e5gan, s\u00f6ker lediga tj\u00e4nster, blir kund, anm\u00e4ler dig f\u00f6r nyhetsbrev mm kan du du beh\u00f6va l\u00e4mna vissa personuppgifter, s\u00e5som namn, adress, personnummer, IP-adress, telefonnummer, e-postadress och faktureringsinformation. Om du l\u00e4mnar dina personuppgifter till The Swedish Nanny Company Ltd. samtycker du till behandling av dem, i enlighet med denna policy.<\/p>\n<h3>H\u00e4vningsr\u00e4tt och r\u00e4tt till information om personuppgifter.<\/h3>\n<p>Du kan n\u00e4r som helst dra tillbaka ditt medgivande att vi anv\u00e4nder dina personuppgifter eller beg\u00e4ra r\u00e4ttelse av dina personuppgifter som vi behandlar. N\u00e4r du \u00e4r kund hos oss beh\u00f6ver vi dina uppgifter f\u00f6r att kunna fullf\u00f6lja v\u00e5rt avtal. Skicka ett e-postmeddelande till info@swedishnannycompany.co.uk med info om de uppgifter du \u00f6nskar att vi raderar eller \u00e4ndrar. Om du l\u00e4mnat dina personuppgifter till oss och \u00f6nskar veta vilka uppgifter vi har kan du en g\u00e5ng per \u00e5r beg\u00e4ra ut dessa kostnadsfritt.<\/p>\n<h3>Delning av data till tredje part<\/h3>\n<p>The Swedish Nanny Company Ltd. kan komma att vidarebefordra dina personuppgifter till underleverant\u00f6rer och samarbetspartners om det anses n\u00f6dv\u00e4ndigt f\u00f6r att kunna uppfylla din beg\u00e4ran om efterfr\u00e5gad tj\u00e4nst. Dina personuppgifter kan d\u00e4rf\u00f6r komma att \u00f6verf\u00f6ras elektroniskt till server utanf\u00f6r s\u00e5v\u00e4l Sverige som EU, f\u00f6r att anv\u00e4ndas, lagras eller behandlas d\u00e4r. Personuppgifter kan \u00e4ven komma att l\u00e4mnas ut om s\u00e5 f\u00f6reskrivs i lag, f\u00f6rordning eller myndighetsbeslut. H\u00e4r ut\u00f6ver kommer personlig information inte att \u00f6verf\u00f6ras, s\u00e5vida The Swedish Nanny Company Ltd. inte \u00e4r skyldigt till eller till\u00e5tet att g\u00f6ra s\u00e5 enligt lag, eller n\u00e4r s\u00e5 kr\u00e4vs i syfte att utf\u00f6ra v\u00e5r verksamhet (t.ex. vid outsourcing eller annan extern f\u00f6rvaltning). Dina personuppgifter sparas endast s\u00e5 l\u00e4nge som bed\u00f6ms n\u00f6dv\u00e4ndigt med h\u00e4nsyn till \u00e4ndam\u00e5let med behandlingen, s\u00e5vida inte annat framg\u00e5r av denna policy.<\/p>\n<p><b>S\u00e4kerhet:<\/b><br \/>\nDessv\u00e4rre kan ingen data\u00f6verf\u00f6ring via internet eller annat n\u00e4tverk garanteras oinskr\u00e4nkt s\u00e4kerhet. Vi vidtar rimliga \u00e5tg\u00e4rder att s\u00e4kerst\u00e4lla att dina personuppgifter behandlas s\u00e4kert och i enlighet med denna policy, mot otillb\u00f6rlig \u00e5tkomst, f\u00f6r\u00e4ndring och f\u00f6rst\u00f6relse.<\/p>\n<p><b>Kontakt:<br \/>\n<\/b>The Swedish Nanny Company Ltd.<br \/>\nDalton house, 60 Windsor Avenue<br \/>\nLondon SW19 2RR, UK<\/p>\n<p><strong>E-post:<\/strong>\u00a0info@swedishnannycompany.co.uk<\/p>\n","protected":false},"excerpt":{"rendered":"<p>The Swedish Nanny Company Ltd.\u00a0v\u00e4rnar om v\u00e5ra bes\u00f6kare och v\u00e5ra kunders s\u00e4kerhet och integritet. V\u00e5r webbplats \u00e4r krypterad med HTTPS\/SSL-certifikat&#8230;.<\/p>\n","protected":false},"author":1,"featured_media":0,"parent":0,"menu_order":0,"comment_status":"closed","ping_status":"closed","template":"","meta":{"_acf_changed":false,"inline_featured_image":false,"footnotes":""},"class_list":["post-347","page","type-page","status-publish","hentry"],"acf":[],"yoast_head":"<!-- This site is optimized with the Yoast SEO plugin v27.0 - https:\/\/yoast.com\/product\/yoast-seo-wordpress\/ -->\n<title>Sekretessinformation - The Swedish Nanny Company<\/title>\n<meta name=\"robots\" content=\"index, follow, max-snippet:-1, max-image-preview:large, max-video-preview:-1\" \/>\n<link rel=\"canonical\" href=\"https:\/\/swedishnannycompany.se\/sv\/sekretessinformation\/\" \/>\n<meta property=\"og:locale\" content=\"sv_SE\" \/>\n<meta property=\"og:type\" content=\"article\" \/>\n<meta property=\"og:title\" content=\"Sekretessinformation - The Swedish Nanny Company\" \/>\n<meta property=\"og:description\" content=\"The Swedish Nanny Company Ltd.\u00a0v\u00e4rnar om v\u00e5ra bes\u00f6kare och v\u00e5ra kunders s\u00e4kerhet och integritet. V\u00e5r webbplats \u00e4r krypterad med HTTPS\/SSL-certifikat....\" \/>\n<meta property=\"og:url\" content=\"https:\/\/swedishnannycompany.se\/sv\/sekretessinformation\/\" \/>\n<meta property=\"og:site_name\" content=\"The Swedish Nanny Company\" \/>\n<meta property=\"article:modified_time\" content=\"2019-12-04T09:55:50+00:00\" \/>\n<meta name=\"twitter:card\" content=\"summary_large_image\" \/>\n<meta name=\"twitter:label1\" content=\"Ber\u00e4knad l\u00e4stid\" \/>\n\t<meta name=\"twitter:data1\" content=\"5 minuter\" \/>\n<script type=\"application\/ld+json\" class=\"yoast-schema-graph\">{\"@context\":\"https:\/\/schema.org\",\"@graph\":[{\"@type\":\"WebPage\",\"@id\":\"https:\/\/swedishnannycompany.se\/sv\/sekretessinformation\/\",\"url\":\"https:\/\/swedishnannycompany.se\/sv\/sekretessinformation\/\",\"name\":\"Sekretessinformation - The Swedish Nanny Company\",\"isPartOf\":{\"@id\":\"https:\/\/swedishnannycompany.se\/sv\/#website\"},\"datePublished\":\"2019-02-21T12:47:17+00:00\",\"dateModified\":\"2019-12-04T09:55:50+00:00\",\"breadcrumb\":{\"@id\":\"https:\/\/swedishnannycompany.se\/sv\/sekretessinformation\/#breadcrumb\"},\"inLanguage\":\"sv-SE\",\"potentialAction\":[{\"@type\":\"ReadAction\",\"target\":[\"https:\/\/swedishnannycompany.se\/sv\/sekretessinformation\/\"]}]},{\"@type\":\"BreadcrumbList\",\"@id\":\"https:\/\/swedishnannycompany.se\/sv\/sekretessinformation\/#breadcrumb\",\"itemListElement\":[{\"@type\":\"ListItem\",\"position\":1,\"name\":\"Hem\",\"item\":\"https:\/\/swedishnannycompany.se\/sv\/\"},{\"@type\":\"ListItem\",\"position\":2,\"name\":\"Sekretessinformation\"}]},{\"@type\":\"WebSite\",\"@id\":\"https:\/\/swedishnannycompany.se\/sv\/#website\",\"url\":\"https:\/\/swedishnannycompany.se\/sv\/\",\"name\":\"The Swedish Nanny Company\",\"description\":\"With your child in mind\",\"publisher\":{\"@id\":\"https:\/\/swedishnannycompany.se\/sv\/#organization\"},\"potentialAction\":[{\"@type\":\"SearchAction\",\"target\":{\"@type\":\"EntryPoint\",\"urlTemplate\":\"https:\/\/swedishnannycompany.se\/sv\/?s={search_term_string}\"},\"query-input\":{\"@type\":\"PropertyValueSpecification\",\"valueRequired\":true,\"valueName\":\"search_term_string\"}}],\"inLanguage\":\"sv-SE\"},{\"@type\":\"Organization\",\"@id\":\"https:\/\/swedishnannycompany.se\/sv\/#organization\",\"name\":\"Swedish Nanny Company\",\"url\":\"https:\/\/swedishnannycompany.se\/sv\/\",\"logo\":{\"@type\":\"ImageObject\",\"inLanguage\":\"sv-SE\",\"@id\":\"https:\/\/swedishnannycompany.se\/sv\/#\/schema\/logo\/image\/\",\"url\":\"https:\/\/swedishnannycompany.se\/wp-content\/uploads\/2019\/08\/logo.png\",\"contentUrl\":\"https:\/\/swedishnannycompany.se\/wp-content\/uploads\/2019\/08\/logo.png\",\"width\":349,\"height\":174,\"caption\":\"Swedish Nanny Company\"},\"image\":{\"@id\":\"https:\/\/swedishnannycompany.se\/sv\/#\/schema\/logo\/image\/\"}}]}<\/script>\n<!-- \/ Yoast SEO plugin. -->","yoast_head_json":{"title":"Sekretessinformation - The Swedish Nanny Company","robots":{"index":"index","follow":"follow","max-snippet":"max-snippet:-1","max-image-preview":"max-image-preview:large","max-video-preview":"max-video-preview:-1"},"canonical":"https:\/\/swedishnannycompany.se\/sv\/sekretessinformation\/","og_locale":"sv_SE","og_type":"article","og_title":"Sekretessinformation - The Swedish Nanny Company","og_description":"The Swedish Nanny Company Ltd.\u00a0v\u00e4rnar om v\u00e5ra bes\u00f6kare och v\u00e5ra kunders s\u00e4kerhet och integritet. V\u00e5r webbplats \u00e4r krypterad med HTTPS\/SSL-certifikat....","og_url":"https:\/\/swedishnannycompany.se\/sv\/sekretessinformation\/","og_site_name":"The Swedish Nanny Company","article_modified_time":"2019-12-04T09:55:50+00:00","twitter_card":"summary_large_image","twitter_misc":{"Ber\u00e4knad l\u00e4stid":"5 minuter"},"schema":{"@context":"https:\/\/schema.org","@graph":[{"@type":"WebPage","@id":"https:\/\/swedishnannycompany.se\/sv\/sekretessinformation\/","url":"https:\/\/swedishnannycompany.se\/sv\/sekretessinformation\/","name":"Sekretessinformation - The Swedish Nanny Company","isPartOf":{"@id":"https:\/\/swedishnannycompany.se\/sv\/#website"},"datePublished":"2019-02-21T12:47:17+00:00","dateModified":"2019-12-04T09:55:50+00:00","breadcrumb":{"@id":"https:\/\/swedishnannycompany.se\/sv\/sekretessinformation\/#breadcrumb"},"inLanguage":"sv-SE","potentialAction":[{"@type":"ReadAction","target":["https:\/\/swedishnannycompany.se\/sv\/sekretessinformation\/"]}]},{"@type":"BreadcrumbList","@id":"https:\/\/swedishnannycompany.se\/sv\/sekretessinformation\/#breadcrumb","itemListElement":[{"@type":"ListItem","position":1,"name":"Hem","item":"https:\/\/swedishnannycompany.se\/sv\/"},{"@type":"ListItem","position":2,"name":"Sekretessinformation"}]},{"@type":"WebSite","@id":"https:\/\/swedishnannycompany.se\/sv\/#website","url":"https:\/\/swedishnannycompany.se\/sv\/","name":"The Swedish Nanny Company","description":"With your child in mind","publisher":{"@id":"https:\/\/swedishnannycompany.se\/sv\/#organization"},"potentialAction":[{"@type":"SearchAction","target":{"@type":"EntryPoint","urlTemplate":"https:\/\/swedishnannycompany.se\/sv\/?s={search_term_string}"},"query-input":{"@type":"PropertyValueSpecification","valueRequired":true,"valueName":"search_term_string"}}],"inLanguage":"sv-SE"},{"@type":"Organization","@id":"https:\/\/swedishnannycompany.se\/sv\/#organization","name":"Swedish Nanny Company","url":"https:\/\/swedishnannycompany.se\/sv\/","logo":{"@type":"ImageObject","inLanguage":"sv-SE","@id":"https:\/\/swedishnannycompany.se\/sv\/#\/schema\/logo\/image\/","url":"https:\/\/swedishnannycompany.se\/wp-content\/uploads\/2019\/08\/logo.png","contentUrl":"https:\/\/swedishnannycompany.se\/wp-content\/uploads\/2019\/08\/logo.png","width":349,"height":174,"caption":"Swedish Nanny Company"},"image":{"@id":"https:\/\/swedishnannycompany.se\/sv\/#\/schema\/logo\/image\/"}}]}},"_links":{"self":[{"href":"https:\/\/swedishnannycompany.se\/sv\/wp-json\/wp\/v2\/pages\/347","targetHints":{"allow":["GET"]}}],"collection":[{"href":"https:\/\/swedishnannycompany.se\/sv\/wp-json\/wp\/v2\/pages"}],"about":[{"href":"https:\/\/swedishnannycompany.se\/sv\/wp-json\/wp\/v2\/types\/page"}],"author":[{"embeddable":true,"href":"https:\/\/swedishnannycompany.se\/sv\/wp-json\/wp\/v2\/users\/1"}],"replies":[{"embeddable":true,"href":"https:\/\/swedishnannycompany.se\/sv\/wp-json\/wp\/v2\/comments?post=347"}],"version-history":[{"count":0,"href":"https:\/\/swedishnannycompany.se\/sv\/wp-json\/wp\/v2\/pages\/347\/revisions"}],"wp:attachment":[{"href":"https:\/\/swedishnannycompany.se\/sv\/wp-json\/wp\/v2\/media?parent=347"}],"curies":[{"name":"wp","href":"https:\/\/api.w.org\/{rel}","templated":true}]}}